{"id":11340,"date":"2024-11-08T16:40:55","date_gmt":"2024-11-08T16:40:55","guid":{"rendered":"https:\/\/mo-mo.gr\/product\/kimono-haori-in-black-burgundy\/"},"modified":"2025-03-05T11:25:49","modified_gmt":"2025-03-05T09:25:49","slug":"kimono-haori-en-noir-bordeaux","status":"publish","type":"product","link":"https:\/\/mo-mo.gr\/fr\/\u03c0\u03c1\u03bf\u03ca\u03cc\u03bd\u03c4\u03b1\/kimono-haori-in-black-burgundy\/","title":{"rendered":"Kimono Haori en noir et bourgogne"},"content":{"rendered":"","protected":false},"excerpt":{"rendered":"<p>Ce kimono Haori unique est un produit de l'artisanat japonais authentique, fabriqu\u00e9 \u00e0 partir de kimono Yukata reconstitu\u00e9s dans un noir saisissant et un bordeaux profond. Chaque \u00e9l\u00e9ment et d\u00e9tail de ce haori a \u00e9t\u00e9 soigneusement pr\u00e9serv\u00e9 et mis \u00e0 jour pour offrir le charme d'un v\u00eatement traditionnel avec un design frais et \u00e9l\u00e9gant, parfait pour les looks contemporains. Le riche bordeaux ajoute un sentiment de luxe et de profondeur, tandis que le noir intemporel \u00e9quilibre la composition avec \u00e9l\u00e9gance.<\/p>\n<p>Sa cr\u00e9ation est bas\u00e9e sur des yukata traditionnels, cousus et con\u00e7us enti\u00e8rement au Japon par des artisans qualifi\u00e9s, selon les principes stricts de qualit\u00e9 et d'authenticit\u00e9 qui caract\u00e9risent les v\u00eatements japonais. MOMO KIDOHO a soigneusement entrepris la pr\u00e9servation et la reconstruction du tissu, en utilisant des m\u00e9thodes respectueuses de l'environnement qui garantissent sa durabilit\u00e9 et son authenticit\u00e9. Le haori conserve des \u00e9l\u00e9ments de son yukata d'origine, adapt\u00e9s pour souligner le lien avec la culture japonaise.<\/p>\n<p>Ce haori noir et bordeaux est parfait pour les amateurs de v\u00eatements japonais qui recherchent un lien avec la tradition \u00e0 travers une pi\u00e8ce intemporelle et durable. Un v\u00eatement qui peut \u00eatre port\u00e9 en toute occasion, ajoutant du caract\u00e8re et un style distinctif \u00e0 n'importe quel look, tout en rendant hommage \u00e0 la tradition et aux valeurs de la mode japonaise.<\/p>","protected":false},"featured_media":12515,"comment_status":"open","ping_status":"closed","template":"","meta":{"_gspb_post_css":""},"product_brand":[],"product_cat":[114,66],"product_tag":[25,41,56],"class_list":{"0":"post-11340","1":"product","2":"type-product","3":"status-publish","4":"has-post-thumbnail","6":"product_cat-haori","7":"product_cat-66","8":"product_tag-haori","9":"product_tag-mens-kimonos","10":"product_tag-womans-kimonos","11":"pa_-large","12":"pa_-85","14":"first","15":"outofstock","16":"taxable","17":"shipping-taxable","18":"purchasable","19":"product-type-variable"},"_links":{"self":[{"href":"https:\/\/mo-mo.gr\/fr\/wp-json\/wp\/v2\/product\/11340","targetHints":{"allow":["GET"]}}],"collection":[{"href":"https:\/\/mo-mo.gr\/fr\/wp-json\/wp\/v2\/product"}],"about":[{"href":"https:\/\/mo-mo.gr\/fr\/wp-json\/wp\/v2\/types\/product"}],"replies":[{"embeddable":true,"href":"https:\/\/mo-mo.gr\/fr\/wp-json\/wp\/v2\/comments?post=11340"}],"wp:featuredmedia":[{"embeddable":true,"href":"https:\/\/mo-mo.gr\/fr\/wp-json\/wp\/v2\/media\/12515"}],"wp:attachment":[{"href":"https:\/\/mo-mo.gr\/fr\/wp-json\/wp\/v2\/media?parent=11340"}],"wp:term":[{"taxonomy":"product_brand","embeddable":true,"href":"https:\/\/mo-mo.gr\/fr\/wp-json\/wp\/v2\/product_brand?post=11340"},{"taxonomy":"product_cat","embeddable":true,"href":"https:\/\/mo-mo.gr\/fr\/wp-json\/wp\/v2\/product_cat?post=11340"},{"taxonomy":"product_tag","embeddable":true,"href":"https:\/\/mo-mo.gr\/fr\/wp-json\/wp\/v2\/product_tag?post=11340"}],"curies":[{"name":"wp","href":"https:\/\/api.w.org\/{rel}","templated":true}]}}