{"id":11335,"date":"2024-11-08T10:47:56","date_gmt":"2024-11-08T10:47:56","guid":{"rendered":"https:\/\/mo-mo.gr\/product\/tote-bag-yume-no-hana\/"},"modified":"2025-03-05T11:35:56","modified_gmt":"2025-03-05T09:35:56","slug":"sac-fourre-tout-yume-no-hana","status":"publish","type":"product","link":"https:\/\/mo-mo.gr\/fr\/\u03c0\u03c1\u03bf\u03ca\u03cc\u03bd\u03c4\u03b1\/tote-bag-yume-no-hana\/","title":{"rendered":"Fourre-tout Yume no Hana"},"content":{"rendered":"","protected":false},"excerpt":{"rendered":"<p>Fourre-tout Yume no Hana<\/p>\n<p>Le sac fourre-tout Yume no Hana (Fleurs de r\u00eave) allie l'\u00e9l\u00e9gance du design \u00e0 la fonctionnalit\u00e9 d'un usage quotidien. Mesurant 28 cm de haut et 36 cm de large, ce sac fait \u00e0 la main offre la taille parfaite pour vos besoins quotidiens, tandis que la poign\u00e9e de 24 cm de haut offre un confort d'\u00e9paule. Le devant est fait d'une toile tiss\u00e9e de qualit\u00e9 dans un ton dor\u00e9, d\u00e9cor\u00e9e de motifs japonais de petites fleurs et d'ombrelles qui \u00e9voquent des sc\u00e8nes japonaises traditionnelles.<\/p>\n<p>Au dos, la toile noire ajoute une esth\u00e9tique \u00e9l\u00e9gante et minimale, tandis que la fermeture \u00e0 glissi\u00e8re assure la s\u00e9curit\u00e9 de vos effets personnels. L'int\u00e9rieur est doubl\u00e9 de toile et offre beaucoup d'espace, parfait pour tout ce dont vous avez besoin. Le \"Yume no Hana\" est l'accessoire parfait pour ceux qui recherchent quelque chose d'unique et d'intemporel.<\/p>\n<p>\"Yume no Hana\" n'est pas seulement un sac, mais un hommage \u00e0 l'artisanat et \u00e0 l'esth\u00e9tique japonais. Le motif or vibrant de fleurs et de parapluies met en valeur la tradition et l'\u00e9l\u00e9gance, tandis que le chatoiement subtil du tissu conf\u00e8re un air de luxe \u00e0 vos looks quotidiens. Chaque d\u00e9tail a \u00e9t\u00e9 soigneusement choisi pour cr\u00e9er un accessoire \u00e0 la fois pratique et unique, faisant de \"Yume no Hana\" le sac id\u00e9al pour ceux qui appr\u00e9cient l'art et la qualit\u00e9 dans tous leurs choix.<\/p>","protected":false},"featured_media":12511,"comment_status":"open","ping_status":"closed","template":"","meta":{"_gspb_post_css":""},"product_brand":[],"product_cat":[65],"product_tag":[],"class_list":{"0":"post-11335","1":"product","2":"type-product","3":"status-publish","4":"has-post-thumbnail","6":"product_cat-65","8":"first","9":"instock","10":"taxable","11":"shipping-taxable","12":"purchasable","13":"product-type-simple"},"_links":{"self":[{"href":"https:\/\/mo-mo.gr\/fr\/wp-json\/wp\/v2\/product\/11335","targetHints":{"allow":["GET"]}}],"collection":[{"href":"https:\/\/mo-mo.gr\/fr\/wp-json\/wp\/v2\/product"}],"about":[{"href":"https:\/\/mo-mo.gr\/fr\/wp-json\/wp\/v2\/types\/product"}],"replies":[{"embeddable":true,"href":"https:\/\/mo-mo.gr\/fr\/wp-json\/wp\/v2\/comments?post=11335"}],"wp:featuredmedia":[{"embeddable":true,"href":"https:\/\/mo-mo.gr\/fr\/wp-json\/wp\/v2\/media\/12511"}],"wp:attachment":[{"href":"https:\/\/mo-mo.gr\/fr\/wp-json\/wp\/v2\/media?parent=11335"}],"wp:term":[{"taxonomy":"product_brand","embeddable":true,"href":"https:\/\/mo-mo.gr\/fr\/wp-json\/wp\/v2\/product_brand?post=11335"},{"taxonomy":"product_cat","embeddable":true,"href":"https:\/\/mo-mo.gr\/fr\/wp-json\/wp\/v2\/product_cat?post=11335"},{"taxonomy":"product_tag","embeddable":true,"href":"https:\/\/mo-mo.gr\/fr\/wp-json\/wp\/v2\/product_tag?post=11335"}],"curies":[{"name":"wp","href":"https:\/\/api.w.org\/{rel}","templated":true}]}}