{"id":11331,"date":"2024-11-06T09:28:55","date_gmt":"2024-11-06T09:28:55","guid":{"rendered":"https:\/\/mo-mo.gr\/product\/tote-bag-hatsumomo\/"},"modified":"2025-03-05T11:35:49","modified_gmt":"2025-03-05T09:35:49","slug":"sac-fourre-tout-hatsumomo","status":"publish","type":"product","link":"https:\/\/mo-mo.gr\/fr\/\u03c0\u03c1\u03bf\u03ca\u03cc\u03bd\u03c4\u03b1\/tote-bag-hatsumomo\/","title":{"rendered":"Sac \u00e0 main Hatsumomo"},"content":{"rendered":"","protected":false},"excerpt":{"rendered":"<p>Sac \u00e0 main Hatsumomo<\/p>\n<p>Le sac fourre-tout Hatsumomo est fabriqu\u00e9 en toile noire luxueuse et d\u00e9gage une atmosph\u00e8re d'art japonais traditionnel. Le devant pr\u00e9sente des motifs complexes de figures de geisha, enrichis d'\u00e9l\u00e9ments dor\u00e9s audacieux qui ajoutent de la profondeur et de l'\u00e9clat aux repr\u00e9sentations. Le sac est dot\u00e9 d'une fermeture \u00e0 glissi\u00e8re qui prot\u00e8ge vos effets personnels, tandis que la doublure int\u00e9rieure en toile garantit la durabilit\u00e9 et la qualit\u00e9 de la construction. Une poche int\u00e9rieure pratique permet de ranger facilement les petits objets, ce qui en fait un sac id\u00e9al pour un usage quotidien et un look \u00e9l\u00e9gant au caract\u00e8re japonais.<\/p>\n<p>Le sac fourre-tout Hatsumomo s'inspire de l'esth\u00e9tique traditionnelle du Japon et allie fonctionnalit\u00e9 et expression artistique. Le fond en toile noire accentue les d\u00e9tails des motifs, mettant en valeur les figures de geisha et les riches \u00e9l\u00e9ments dor\u00e9s qui \u00e9voquent le luxe de la tradition japonaise. Les figures exsudent l'\u00e9l\u00e9gance et la gr\u00e2ce, tandis que la couleur or ajoute une touche de brillance et d'\u00e9clat qui fait ressortir le sac.<\/p>\n<p>Le sac offre confort et praticit\u00e9 pour un usage quotidien, avec une fermeture \u00e0 glissi\u00e8re pour garder le contenu en s\u00e9curit\u00e9 et organis\u00e9. Gr\u00e2ce \u00e0 son int\u00e9rieur spacieux et \u00e0 sa poche int\u00e9rieure int\u00e9gr\u00e9e, **Hatsumomo** est le choix id\u00e9al pour les femmes en qu\u00eate de style et d'authenticit\u00e9. Il allie praticit\u00e9 et tradition, permettant aux femmes d'emporter avec elles un morceau de la culture japonaise et de donner \u00e0 leurs tenues un air sp\u00e9cial et sophistiqu\u00e9.<\/p>\n<p>Dimensions du sac 32x44 et hauteur de la sangle 37<\/p>","protected":false},"featured_media":12508,"comment_status":"open","ping_status":"closed","template":"","meta":{"_gspb_post_css":""},"product_brand":[],"product_cat":[65],"product_tag":[],"class_list":{"0":"post-11331","1":"product","2":"type-product","3":"status-publish","4":"has-post-thumbnail","6":"product_cat-65","8":"first","9":"instock","10":"taxable","11":"shipping-taxable","12":"purchasable","13":"product-type-simple"},"_links":{"self":[{"href":"https:\/\/mo-mo.gr\/fr\/wp-json\/wp\/v2\/product\/11331","targetHints":{"allow":["GET"]}}],"collection":[{"href":"https:\/\/mo-mo.gr\/fr\/wp-json\/wp\/v2\/product"}],"about":[{"href":"https:\/\/mo-mo.gr\/fr\/wp-json\/wp\/v2\/types\/product"}],"replies":[{"embeddable":true,"href":"https:\/\/mo-mo.gr\/fr\/wp-json\/wp\/v2\/comments?post=11331"}],"wp:featuredmedia":[{"embeddable":true,"href":"https:\/\/mo-mo.gr\/fr\/wp-json\/wp\/v2\/media\/12508"}],"wp:attachment":[{"href":"https:\/\/mo-mo.gr\/fr\/wp-json\/wp\/v2\/media?parent=11331"}],"wp:term":[{"taxonomy":"product_brand","embeddable":true,"href":"https:\/\/mo-mo.gr\/fr\/wp-json\/wp\/v2\/product_brand?post=11331"},{"taxonomy":"product_cat","embeddable":true,"href":"https:\/\/mo-mo.gr\/fr\/wp-json\/wp\/v2\/product_cat?post=11331"},{"taxonomy":"product_tag","embeddable":true,"href":"https:\/\/mo-mo.gr\/fr\/wp-json\/wp\/v2\/product_tag?post=11331"}],"curies":[{"name":"wp","href":"https:\/\/api.w.org\/{rel}","templated":true}]}}