{"id":11304,"date":"2024-11-04T09:02:32","date_gmt":"2024-11-04T09:02:32","guid":{"rendered":"https:\/\/mo-mo.gr\/product\/sweatshirt-black-heaven\/"},"modified":"2025-03-05T11:35:15","modified_gmt":"2025-03-05T09:35:15","slug":"sweat-shirt-noir-heaven","status":"publish","type":"product","link":"https:\/\/mo-mo.gr\/fr\/\u03c0\u03c1\u03bf\u03ca\u03cc\u03bd\u03c4\u03b1\/sweatshirt-black-heaven\/","title":{"rendered":"Sweat-shirt Black Heaven"},"content":{"rendered":"","protected":false},"excerpt":{"rendered":"<p>Sweat-shirt Black Heaven<\/p>\n<p>Ce sweat-shirt noir \u00e9l\u00e9gant est d\u00e9cor\u00e9 du mot japonais \u767b\u7adc sur le devant, v\u00e9hiculant l'esprit de la lutte d\u00e9termin\u00e9e pour le succ\u00e8s et l'\u00e9volution. Avec une composition qui offre confort et durabilit\u00e9 intemporelle, c'est la pi\u00e8ce parfaite pour ceux qui aiment les symboles orientaux intemporels et les lignes simples.<\/p>\n<p>Les tons doux des fleurs et des feuilles bleu clair et bleu d\u00e9corent le motif, donnant une impression de calme et d'\u00e9quilibre. Parfait pour se d\u00e9marquer et exprimer sa personnalit\u00e9, ce sweat incarne la simplicit\u00e9 et l'\u00e9l\u00e9gance du minimalisme japonais.<\/p>\n<p>Le sweat noir avec le mot japonais \u767b\u7adc et les d\u00e9tails doucement color\u00e9s en bleu clair et bleu clair d\u00e9gage un \u00e9quilibre harmonieux entre la dynamique du dragon et le calme des fleurs. Con\u00e7ue pour allier une esth\u00e9tique moderne \u00e0 des influences traditionnelles, cette pi\u00e8ce s\u00e9duit ceux qui recherchent un style unique avec une signification plus profonde. Le sweat-shirt devient instantan\u00e9ment le choix id\u00e9al pour les moments d\u00e9contract\u00e9s ou les soir\u00e9es, offrant confort et expression artistique distincte.<\/p>","protected":false},"featured_media":12496,"comment_status":"open","ping_status":"closed","template":"","meta":{"_gspb_post_css":""},"product_brand":[],"product_cat":[111],"product_tag":[],"class_list":{"0":"post-11304","1":"product","2":"type-product","3":"status-publish","4":"has-post-thumbnail","6":"product_cat-111","7":"pa_-large","8":"pa_-medium","9":"pa_-small","10":"pa_-xtra-large","11":"pa_-xtra-small","12":"pa_-xxl","14":"first","15":"instock","16":"taxable","17":"shipping-taxable","18":"purchasable","19":"product-type-variable"},"_links":{"self":[{"href":"https:\/\/mo-mo.gr\/fr\/wp-json\/wp\/v2\/product\/11304","targetHints":{"allow":["GET"]}}],"collection":[{"href":"https:\/\/mo-mo.gr\/fr\/wp-json\/wp\/v2\/product"}],"about":[{"href":"https:\/\/mo-mo.gr\/fr\/wp-json\/wp\/v2\/types\/product"}],"replies":[{"embeddable":true,"href":"https:\/\/mo-mo.gr\/fr\/wp-json\/wp\/v2\/comments?post=11304"}],"wp:featuredmedia":[{"embeddable":true,"href":"https:\/\/mo-mo.gr\/fr\/wp-json\/wp\/v2\/media\/12496"}],"wp:attachment":[{"href":"https:\/\/mo-mo.gr\/fr\/wp-json\/wp\/v2\/media?parent=11304"}],"wp:term":[{"taxonomy":"product_brand","embeddable":true,"href":"https:\/\/mo-mo.gr\/fr\/wp-json\/wp\/v2\/product_brand?post=11304"},{"taxonomy":"product_cat","embeddable":true,"href":"https:\/\/mo-mo.gr\/fr\/wp-json\/wp\/v2\/product_cat?post=11304"},{"taxonomy":"product_tag","embeddable":true,"href":"https:\/\/mo-mo.gr\/fr\/wp-json\/wp\/v2\/product_tag?post=11304"}],"curies":[{"name":"wp","href":"https:\/\/api.w.org\/{rel}","templated":true}]}}