{"id":11291,"date":"2024-11-04T08:47:11","date_gmt":"2024-11-04T08:47:11","guid":{"rendered":"https:\/\/mo-mo.gr\/product\/japanese-sweatshirt-yugen\/"},"modified":"2025-03-05T11:35:09","modified_gmt":"2025-03-05T09:35:09","slug":"sweat-japonais-yugen","status":"publish","type":"product","link":"https:\/\/mo-mo.gr\/fr\/\u03c0\u03c1\u03bf\u03ca\u03cc\u03bd\u03c4\u03b1\/japanese-sweatshirt-yugen\/","title":{"rendered":"Sweatshirt japonais Yugen"},"content":{"rendered":"","protected":false},"excerpt":{"rendered":"<p>Ce sweat noir porte le mot japonais \u5e7d\u7384 (y\u016bgen), qui repr\u00e9sente l'id\u00e9e de \" beaut\u00e9 profonde et \u00e9nigmatique \". Avec une d\u00e9licate et douce fleur rouge-rose sur le devant, la composition d\u00e9gage une sensation subtile mais spirituelle qui conviendra aux amateurs d'esth\u00e9tique et de philosophie japonaises.<\/p>\n<p>Sweatshirt japonais Yugen<\/p>\n<p>Sa texture douce et son design bien pens\u00e9 le rendent parfait pour toutes les occasions, ajoutant un sentiment de calme et de simplicit\u00e9 qui incarne l'esprit du y\u016bgen. Parfait pour ceux qui aiment l'art et l'\u00e9l\u00e9gance de la tradition japonaise, ce sweatshirt est plus qu'un simple v\u00eatement - c'est une d\u00e9claration.<\/p>\n<p>Ce sweat-shirt n'est pas seulement une tenue, mais un reflet de la profondeur cach\u00e9e et de l'\u00e9l\u00e9gance tranquille que symbolise le mot \u5e7d\u7384. Avec sa fleur rouge-rose p\u00e2le, il conf\u00e8re un sens de l'\u00e9quilibre et un charme intemporel qui s'associe parfaitement \u00e0 la couleur noire. Id\u00e9ale au quotidien, elle r\u00e9unit la simplicit\u00e9 et la beaut\u00e9 mystique de la culture japonaise, invitant \u00e0 d\u00e9couvrir la s\u00e9r\u00e9nit\u00e9 \u00e0 travers l'esth\u00e9tique.<\/p>","protected":false},"featured_media":12490,"comment_status":"open","ping_status":"closed","template":"","meta":{"_gspb_post_css":""},"product_brand":[],"product_cat":[111],"product_tag":[],"class_list":{"0":"post-11291","1":"product","2":"type-product","3":"status-publish","4":"has-post-thumbnail","6":"product_cat-111","7":"pa_-large","8":"pa_-medium","9":"pa_-small","10":"pa_-xtra-large","11":"pa_-xtra-small","12":"pa_-xxl","14":"first","15":"instock","16":"taxable","17":"shipping-taxable","18":"purchasable","19":"product-type-variable"},"_links":{"self":[{"href":"https:\/\/mo-mo.gr\/fr\/wp-json\/wp\/v2\/product\/11291","targetHints":{"allow":["GET"]}}],"collection":[{"href":"https:\/\/mo-mo.gr\/fr\/wp-json\/wp\/v2\/product"}],"about":[{"href":"https:\/\/mo-mo.gr\/fr\/wp-json\/wp\/v2\/types\/product"}],"replies":[{"embeddable":true,"href":"https:\/\/mo-mo.gr\/fr\/wp-json\/wp\/v2\/comments?post=11291"}],"wp:featuredmedia":[{"embeddable":true,"href":"https:\/\/mo-mo.gr\/fr\/wp-json\/wp\/v2\/media\/12490"}],"wp:attachment":[{"href":"https:\/\/mo-mo.gr\/fr\/wp-json\/wp\/v2\/media?parent=11291"}],"wp:term":[{"taxonomy":"product_brand","embeddable":true,"href":"https:\/\/mo-mo.gr\/fr\/wp-json\/wp\/v2\/product_brand?post=11291"},{"taxonomy":"product_cat","embeddable":true,"href":"https:\/\/mo-mo.gr\/fr\/wp-json\/wp\/v2\/product_cat?post=11291"},{"taxonomy":"product_tag","embeddable":true,"href":"https:\/\/mo-mo.gr\/fr\/wp-json\/wp\/v2\/product_tag?post=11291"}],"curies":[{"name":"wp","href":"https:\/\/api.w.org\/{rel}","templated":true}]}}