{"id":11281,"date":"2024-11-03T18:38:24","date_gmt":"2024-11-03T18:38:24","guid":{"rendered":"https:\/\/mo-mo.gr\/product\/haori-wool-black-zen-aesthetics\/"},"modified":"2025-03-05T11:35:01","modified_gmt":"2025-03-05T09:35:01","slug":"laine-haori-noire-esthetique-zen","status":"publish","type":"product","link":"https:\/\/mo-mo.gr\/fr\/\u03c0\u03c1\u03bf\u03ca\u03cc\u03bd\u03c4\u03b1\/haori-wool-black-zen-aesthetics\/","title":{"rendered":"Laine Haori noire Esth\u00e9tique zen"},"content":{"rendered":"","protected":false},"excerpt":{"rendered":"<p>Ce haori en laine noire, fabriqu\u00e9 \u00e0 la main, incarne le minimalisme du *Zen* japonais et le charme du *wabi-sabi*, la philosophie qui honore la simplicit\u00e9. Sa couleur noire intemporelle met en valeur l'authenticit\u00e9 du design, d\u00e9gageant une \u00e9l\u00e9gance sereine et discr\u00e8te qui s'harmonise parfaitement avec la qualit\u00e9 de son tissage.<\/p>\n<p>Ce haori est un compl\u00e9ment unique \u00e0 la garde-robe des amoureux de l'esth\u00e9tique japonaise, offrant confort et \u00e9l\u00e9gance. Avec son style discret, il incarne l'\u00e9quilibre entre fonctionnalit\u00e9 et harmonie, et est id\u00e9al pour toutes les saisons.<\/p>\n<p>Le tissu *cool wool* du haori offre des avantages uniques, car il maintient la temp\u00e9rature du corps en \u00e9quilibre, offrant de la fra\u00eecheur en \u00e9t\u00e9 et de la chaleur en hiver. Cette propri\u00e9t\u00e9 caract\u00e9ristique du tissage de la laine, associ\u00e9e \u00e0 son toucher l\u00e9ger et a\u00e9rien, fait du haori un v\u00eatement id\u00e9al pour toutes les saisons. Ainsi, qu'il soit port\u00e9 dans des moments de d\u00e9tente ou lors d'occasions formelles, il assure \u00e9l\u00e9gance et confort absolu \u00e0 tout moment.<\/p>\n<p>Il est compos\u00e9 de laine 100%.<\/p>\n<p>Le mod\u00e8le sur la photo mesure 1,74 et porte du Large.<\/p>","protected":false},"featured_media":12486,"comment_status":"open","ping_status":"closed","template":"","meta":{"_gspb_post_css":""},"product_brand":[],"product_cat":[114,66],"product_tag":[25,41],"class_list":{"0":"post-11281","1":"product","2":"type-product","3":"status-publish","4":"has-post-thumbnail","6":"product_cat-haori","7":"product_cat-66","8":"product_tag-haori","9":"product_tag-mens-kimonos","10":"pa_-large","11":"pa_-medium","12":"pa_-small","13":"pa_-xtra-large","14":"pa_-xxl","15":"pa_-85","17":"first","18":"instock","19":"taxable","20":"shipping-taxable","21":"purchasable","22":"product-type-variable"},"_links":{"self":[{"href":"https:\/\/mo-mo.gr\/fr\/wp-json\/wp\/v2\/product\/11281","targetHints":{"allow":["GET"]}}],"collection":[{"href":"https:\/\/mo-mo.gr\/fr\/wp-json\/wp\/v2\/product"}],"about":[{"href":"https:\/\/mo-mo.gr\/fr\/wp-json\/wp\/v2\/types\/product"}],"replies":[{"embeddable":true,"href":"https:\/\/mo-mo.gr\/fr\/wp-json\/wp\/v2\/comments?post=11281"}],"wp:featuredmedia":[{"embeddable":true,"href":"https:\/\/mo-mo.gr\/fr\/wp-json\/wp\/v2\/media\/12486"}],"wp:attachment":[{"href":"https:\/\/mo-mo.gr\/fr\/wp-json\/wp\/v2\/media?parent=11281"}],"wp:term":[{"taxonomy":"product_brand","embeddable":true,"href":"https:\/\/mo-mo.gr\/fr\/wp-json\/wp\/v2\/product_brand?post=11281"},{"taxonomy":"product_cat","embeddable":true,"href":"https:\/\/mo-mo.gr\/fr\/wp-json\/wp\/v2\/product_cat?post=11281"},{"taxonomy":"product_tag","embeddable":true,"href":"https:\/\/mo-mo.gr\/fr\/wp-json\/wp\/v2\/product_tag?post=11281"}],"curies":[{"name":"wp","href":"https:\/\/api.w.org\/{rel}","templated":true}]}}