{"id":11271,"date":"2024-11-03T13:33:56","date_gmt":"2024-11-03T13:33:56","guid":{"rendered":"https:\/\/mo-mo.gr\/product\/teal-short-haori-with-yukata-sleeves\/"},"modified":"2026-04-09T16:35:39","modified_gmt":"2026-04-09T13:35:39","slug":"haori-court-sarcelle-avec-manches-yukata","status":"publish","type":"product","link":"https:\/\/mo-mo.gr\/fr\/\u03c0\u03c1\u03bf\u03ca\u03cc\u03bd\u03c4\u03b1\/teal-short-haori-with-yukata-sleeves\/","title":{"rendered":"Sarcelle Haori court avec manches de Yukata"},"content":{"rendered":"","protected":false},"excerpt":{"rendered":"<p>Ce *haori* unique est d'une couleur sarcelle \u00e9clatante, ajoutant une touche audacieuse \u00e0 l'esth\u00e9tique japonaise traditionnelle. Fabriqu\u00e9 en coton biologique, ce *haori* est fait \u00e0 la main, ce qui garantit le d\u00e9tail et la qualit\u00e9 de chaque point. Le devant est orn\u00e9 de d\u00e9tails de couleur \u00e9meraude profonde qui cr\u00e9ent un contraste saisissant avec la sarcelle \u00e9clatante, conf\u00e9rant au v\u00eatement un caract\u00e8re unique et un air de luxe.<\/p>\n<p>Avec ses manches *yukata*, ce *haori* allie tradition et modernit\u00e9, et sa taille unique offre confort et libert\u00e9 de mouvement. La texture du coton biologique est douce sur la peau, ce qui en fait un v\u00eatement id\u00e9al pour toutes les saisons et toutes les occasions. Sa couleur, inspir\u00e9e des tons purs de la nature, lui conf\u00e8re une sensation de fra\u00eecheur qui s'associe parfaitement \u00e0 tous les looks.<\/p>\n<p>La longueur est inspir\u00e9e du *hanbok* cor\u00e9en, offrant une approche plus \u00e9l\u00e9gante et plus polyvalente des v\u00eatements japonais traditionnels. Qu'il soit port\u00e9 sur des tenues d\u00e9contract\u00e9es ou formelles, le *Petrol Short Haori* met en valeur le caract\u00e8re unique de la mode asiatique et devient la pi\u00e8ce phare de votre collection.<\/p>","protected":false},"featured_media":12479,"comment_status":"open","ping_status":"closed","template":"","meta":{"_gspb_post_css":""},"product_brand":[],"product_cat":[114,66],"product_tag":[25,56],"class_list":{"0":"post-11271","1":"product","2":"type-product","3":"status-publish","4":"has-post-thumbnail","6":"product_cat-haori","7":"product_cat-66","8":"product_tag-haori","9":"product_tag-womans-kimonos","10":"pa_-one-size","11":"pa_-petrol","13":"first","14":"instock","15":"taxable","16":"shipping-taxable","17":"purchasable","18":"product-type-variable"},"_links":{"self":[{"href":"https:\/\/mo-mo.gr\/fr\/wp-json\/wp\/v2\/product\/11271","targetHints":{"allow":["GET"]}}],"collection":[{"href":"https:\/\/mo-mo.gr\/fr\/wp-json\/wp\/v2\/product"}],"about":[{"href":"https:\/\/mo-mo.gr\/fr\/wp-json\/wp\/v2\/types\/product"}],"replies":[{"embeddable":true,"href":"https:\/\/mo-mo.gr\/fr\/wp-json\/wp\/v2\/comments?post=11271"}],"wp:featuredmedia":[{"embeddable":true,"href":"https:\/\/mo-mo.gr\/fr\/wp-json\/wp\/v2\/media\/12479"}],"wp:attachment":[{"href":"https:\/\/mo-mo.gr\/fr\/wp-json\/wp\/v2\/media?parent=11271"}],"wp:term":[{"taxonomy":"product_brand","embeddable":true,"href":"https:\/\/mo-mo.gr\/fr\/wp-json\/wp\/v2\/product_brand?post=11271"},{"taxonomy":"product_cat","embeddable":true,"href":"https:\/\/mo-mo.gr\/fr\/wp-json\/wp\/v2\/product_cat?post=11271"},{"taxonomy":"product_tag","embeddable":true,"href":"https:\/\/mo-mo.gr\/fr\/wp-json\/wp\/v2\/product_tag?post=11271"}],"curies":[{"name":"wp","href":"https:\/\/api.w.org\/{rel}","templated":true}]}}