{"id":11263,"date":"2024-11-03T13:21:09","date_gmt":"2024-11-03T13:21:09","guid":{"rendered":"https:\/\/mo-mo.gr\/product\/fuchsia-short-haori-with-yukata-sleeves\/"},"modified":"2026-04-09T16:39:39","modified_gmt":"2026-04-09T13:39:39","slug":"haori-court-fuchsia-avec-manches-yukata","status":"publish","type":"product","link":"https:\/\/mo-mo.gr\/fr\/\u03c0\u03c1\u03bf\u03ca\u03cc\u03bd\u03c4\u03b1\/fuchsia-short-haori-with-yukata-sleeves\/","title":{"rendered":"Haori court fuchsia avec manches de Yukata"},"content":{"rendered":"","protected":false},"excerpt":{"rendered":"<p>Le Haori court Fuchsia avec manches Yukata est une pi\u00e8ce unique en coton biologique qui allie savoir-faire japonais traditionnel et esth\u00e9tique moderne. Sa base fuchsia, associ\u00e9e \u00e0 de subtils d\u00e9tails \u00e9meraude sur le devant, ajoute une touche distinctive \u00e0 votre tenue, soulignant l'\u00e9l\u00e9gance et le style.<\/p>\n<p>Fabriqu\u00e9 \u00e0 la main avec le souci du d\u00e9tail, ce haori poss\u00e8de des manches de yukata qui offrent confort et mouvement, ce qui le rend parfait pour toutes les occasions. Son coton biologique lui conf\u00e8re douceur et durabilit\u00e9, tandis que sa couleur fuchsia \u00e9clatante apporte un sentiment de renouveau et de dynamisme \u00e0 chaque look.<\/p>\n<p>La longueur du **Fuchsia Short Haori with Yukata Sleeves** s'inspire du *hanbok* traditionnel cor\u00e9en, ajoutant une touche sophistiqu\u00e9e qui combine des \u00e9l\u00e9ments culturels du Japon et de la Cor\u00e9e. Cette option de longueur unique donne au haori un caract\u00e8re contemporain, ce qui le rend id\u00e9al pour \u00eatre superpos\u00e9 \u00e0 diff\u00e9rentes tenues, offrant une libert\u00e9 de mouvement et un style multidimensionnel qui honore la tradition esth\u00e9tique de l'Asie.<\/p>\n<p>Le haori est cousu en taille unique.<\/p>","protected":false},"featured_media":12472,"comment_status":"open","ping_status":"closed","template":"","meta":{"_gspb_post_css":""},"product_brand":[],"product_cat":[114,66],"product_tag":[25,56],"class_list":{"0":"post-11263","1":"product","2":"type-product","3":"status-publish","4":"has-post-thumbnail","6":"product_cat-haori","7":"product_cat-66","8":"product_tag-haori","9":"product_tag-womans-kimonos","10":"pa_-one-size","11":"pa_-100","13":"first","14":"instock","15":"taxable","16":"shipping-taxable","17":"purchasable","18":"product-type-variable"},"_links":{"self":[{"href":"https:\/\/mo-mo.gr\/fr\/wp-json\/wp\/v2\/product\/11263","targetHints":{"allow":["GET"]}}],"collection":[{"href":"https:\/\/mo-mo.gr\/fr\/wp-json\/wp\/v2\/product"}],"about":[{"href":"https:\/\/mo-mo.gr\/fr\/wp-json\/wp\/v2\/types\/product"}],"replies":[{"embeddable":true,"href":"https:\/\/mo-mo.gr\/fr\/wp-json\/wp\/v2\/comments?post=11263"}],"wp:featuredmedia":[{"embeddable":true,"href":"https:\/\/mo-mo.gr\/fr\/wp-json\/wp\/v2\/media\/12472"}],"wp:attachment":[{"href":"https:\/\/mo-mo.gr\/fr\/wp-json\/wp\/v2\/media?parent=11263"}],"wp:term":[{"taxonomy":"product_brand","embeddable":true,"href":"https:\/\/mo-mo.gr\/fr\/wp-json\/wp\/v2\/product_brand?post=11263"},{"taxonomy":"product_cat","embeddable":true,"href":"https:\/\/mo-mo.gr\/fr\/wp-json\/wp\/v2\/product_cat?post=11263"},{"taxonomy":"product_tag","embeddable":true,"href":"https:\/\/mo-mo.gr\/fr\/wp-json\/wp\/v2\/product_tag?post=11263"}],"curies":[{"name":"wp","href":"https:\/\/api.w.org\/{rel}","templated":true}]}}