{"id":11256,"date":"2024-11-02T14:31:16","date_gmt":"2024-11-02T14:31:16","guid":{"rendered":"https:\/\/mo-mo.gr\/product\/traditional-japanese-haori-in-khaki-beige\/"},"modified":"2025-03-05T11:34:41","modified_gmt":"2025-03-05T09:34:41","slug":"haori-japonais-traditionnel-en-kaki-beige","status":"publish","type":"product","link":"https:\/\/mo-mo.gr\/fr\/\u03c0\u03c1\u03bf\u03ca\u03cc\u03bd\u03c4\u03b1\/traditional-japanese-haori-in-khaki-beige\/","title":{"rendered":"Haori japonais traditionnel en beige kaki"},"content":{"rendered":"","protected":false},"excerpt":{"rendered":"<p>Le *haori* traditionnel dans la teinte khaki-beige est fabriqu\u00e9 \u00e0 partir d'un m\u00e9lange de rayonne et de coton de haute qualit\u00e9, garantissant un confort et une sensation naturelle. Cousu au Japon, il apporte une touche authentique de culture et d'\u00e9l\u00e9gance asiatiques, tout en \u00e9tant soigneusement entretenu et nettoy\u00e9 selon des m\u00e9thodes biologiques par MOMO KIDOHO, ce qui le maintient dans un \u00e9tat impeccable.<\/p>\n<p>Id\u00e9al pour rehausser votre look quotidien ou pour ajouter un air de tradition et d'\u00e9l\u00e9gance \u00e0 vos sorties, ce *haori* est une pi\u00e8ce de collection pour ceux qui recherchent l'authenticit\u00e9 de la tradition japonaise avec un soin moderne.<\/p>\n<p>La taille est unique.<\/p>\n<p>Le haori est un v\u00eatement traditionnel japonais qui se distingue par son \u00e9l\u00e9gance discr\u00e8te et sa valeur culturelle. Port\u00e9 \u00e0 l'origine comme un manteau l\u00e9ger par les samoura\u00efs pour se prot\u00e9ger des intemp\u00e9ries, il a ensuite \u00e9volu\u00e9 pour devenir un v\u00eatement alliant utilit\u00e9 et haute esth\u00e9tique. Au cours du XXe si\u00e8cle, le haori s'est largement r\u00e9pandu, port\u00e9 par les hommes et les femmes lors d'occasions formelles et dans la vie de tous les jours, g\u00e9n\u00e9ralement par-dessus le kimono. Aujourd'hui, le haori est pr\u00e9serv\u00e9 en tant que symbole de la tradition et est port\u00e9 soit comme un manteau lors d'occasions sp\u00e9ciales, soit int\u00e9gr\u00e9 \u00e0 la mode moderne, v\u00e9hiculant une aura de culture japonaise authentique dans chaque look.<\/p>","protected":false},"featured_media":12466,"comment_status":"open","ping_status":"closed","template":"","meta":{"_gspb_post_css":""},"product_brand":[],"product_cat":[114,66],"product_tag":[25,41,56],"class_list":{"0":"post-11256","1":"product","2":"type-product","3":"status-publish","4":"has-post-thumbnail","6":"product_cat-haori","7":"product_cat-66","8":"product_tag-haori","9":"product_tag-mens-kimonos","10":"product_tag-womans-kimonos","11":"pa_-large-xlarge","12":"pa_-81","14":"first","15":"outofstock","16":"taxable","17":"shipping-taxable","18":"purchasable","19":"product-type-simple"},"_links":{"self":[{"href":"https:\/\/mo-mo.gr\/fr\/wp-json\/wp\/v2\/product\/11256","targetHints":{"allow":["GET"]}}],"collection":[{"href":"https:\/\/mo-mo.gr\/fr\/wp-json\/wp\/v2\/product"}],"about":[{"href":"https:\/\/mo-mo.gr\/fr\/wp-json\/wp\/v2\/types\/product"}],"replies":[{"embeddable":true,"href":"https:\/\/mo-mo.gr\/fr\/wp-json\/wp\/v2\/comments?post=11256"}],"wp:featuredmedia":[{"embeddable":true,"href":"https:\/\/mo-mo.gr\/fr\/wp-json\/wp\/v2\/media\/12466"}],"wp:attachment":[{"href":"https:\/\/mo-mo.gr\/fr\/wp-json\/wp\/v2\/media?parent=11256"}],"wp:term":[{"taxonomy":"product_brand","embeddable":true,"href":"https:\/\/mo-mo.gr\/fr\/wp-json\/wp\/v2\/product_brand?post=11256"},{"taxonomy":"product_cat","embeddable":true,"href":"https:\/\/mo-mo.gr\/fr\/wp-json\/wp\/v2\/product_cat?post=11256"},{"taxonomy":"product_tag","embeddable":true,"href":"https:\/\/mo-mo.gr\/fr\/wp-json\/wp\/v2\/product_tag?post=11256"}],"curies":[{"name":"wp","href":"https:\/\/api.w.org\/{rel}","templated":true}]}}