{"id":11165,"date":"2024-10-17T17:21:52","date_gmt":"2024-10-17T17:21:52","guid":{"rendered":"https:\/\/mo-mo.gr\/product\/japanese-hoodie-black-tiger-and-lillys\/"},"modified":"2025-03-05T11:33:20","modified_gmt":"2025-03-05T09:33:20","slug":"sweat-a-capuche-japonais-tigre-noir-et-lillys","status":"publish","type":"product","link":"https:\/\/mo-mo.gr\/fr\/\u03c0\u03c1\u03bf\u03ca\u03cc\u03bd\u03c4\u03b1\/japanese-hoodie-black-tiger-and-lillys\/","title":{"rendered":"Sweat \u00e0 capuche japonais Tigre noir et Lillys"},"content":{"rendered":"","protected":false},"excerpt":{"rendered":"<p>Sweat \u00e0 capuche japonais Tigre noir et Lillys<\/p>\n<p>Ce sweat \u00e0 capuche noir est une expression frappante de l'esth\u00e9tique japonaise et du dynamisme de la nature. Fabriqu\u00e9 en coton biologique 80% et en polyester recycl\u00e9 20%, il offre douceur et confort tout en \u00e9tant respectueux de l'environnement. Au dos du sweat \u00e0 capuche, des tigres sont repr\u00e9sent\u00e9s en mouvement, symbole de force et de courage, tandis que la phrase \"\u864e\u306e\u5c3e\u3092\u8e0f\u3080\" (litt\u00e9ralement \"marcher sur la queue du tigre\") fait allusion aux mouvements audacieux et prudents dans la vie, inspir\u00e9s du proverbe japonais signifiant faire quelque chose de dangereux avec beaucoup de pr\u00e9caution.<\/p>\n<p>La couleur noire du sweat \u00e0 capuche fait ressortir encore plus les d\u00e9tails du tigre, ajoutant une touche forte et myst\u00e9rieuse \u00e0 l'ensemble du design. Cette pi\u00e8ce est parfaite pour ceux qui veulent se d\u00e9marquer avec un v\u00eatement qui incarne la culture japonaise et l'intensit\u00e9 symbolique des animaux sauvages. Que ce soit pour un look d\u00e9contract\u00e9 ou une pr\u00e9sence plus \u00e9l\u00e9gante, ce sweat \u00e0 capuche allie confort et esth\u00e9tique pour devenir la pi\u00e8ce ultime pour tout amateur d'art et de tradition japonaise.<\/p>","protected":false},"featured_media":12431,"comment_status":"open","ping_status":"closed","template":"","meta":{"_gspb_post_css":""},"product_brand":[],"product_cat":[74,111],"product_tag":[],"class_list":{"0":"post-11165","1":"product","2":"type-product","3":"status-publish","4":"has-post-thumbnail","6":"product_cat-new","7":"product_cat-111","8":"pa_-large","9":"pa_-medium","10":"pa_-small","11":"pa_-xtra-large","12":"pa_-xtra-small","13":"pa_-xxl","15":"first","16":"instock","17":"taxable","18":"shipping-taxable","19":"purchasable","20":"product-type-variable"},"_links":{"self":[{"href":"https:\/\/mo-mo.gr\/fr\/wp-json\/wp\/v2\/product\/11165","targetHints":{"allow":["GET"]}}],"collection":[{"href":"https:\/\/mo-mo.gr\/fr\/wp-json\/wp\/v2\/product"}],"about":[{"href":"https:\/\/mo-mo.gr\/fr\/wp-json\/wp\/v2\/types\/product"}],"replies":[{"embeddable":true,"href":"https:\/\/mo-mo.gr\/fr\/wp-json\/wp\/v2\/comments?post=11165"}],"wp:featuredmedia":[{"embeddable":true,"href":"https:\/\/mo-mo.gr\/fr\/wp-json\/wp\/v2\/media\/12431"}],"wp:attachment":[{"href":"https:\/\/mo-mo.gr\/fr\/wp-json\/wp\/v2\/media?parent=11165"}],"wp:term":[{"taxonomy":"product_brand","embeddable":true,"href":"https:\/\/mo-mo.gr\/fr\/wp-json\/wp\/v2\/product_brand?post=11165"},{"taxonomy":"product_cat","embeddable":true,"href":"https:\/\/mo-mo.gr\/fr\/wp-json\/wp\/v2\/product_cat?post=11165"},{"taxonomy":"product_tag","embeddable":true,"href":"https:\/\/mo-mo.gr\/fr\/wp-json\/wp\/v2\/product_tag?post=11165"}],"curies":[{"name":"wp","href":"https:\/\/api.w.org\/{rel}","templated":true}]}}