{"id":11143,"date":"2024-10-14T10:43:55","date_gmt":"2024-10-14T10:43:55","guid":{"rendered":"https:\/\/mo-mo.gr\/product\/japanese-hoodie-heaven-in-navy-color\/"},"modified":"2025-03-05T11:33:03","modified_gmt":"2025-03-05T09:33:03","slug":"sweat-a-capuche-japonais-heaven-en-couleur-marine","status":"publish","type":"product","link":"https:\/\/mo-mo.gr\/fr\/\u03c0\u03c1\u03bf\u03ca\u03cc\u03bd\u03c4\u03b1\/japanese-hoodie-heaven-in-navy-color\/","title":{"rendered":"Sweat \u00e0 capuche japonais Heaven en couleur marine"},"content":{"rendered":"","protected":false},"excerpt":{"rendered":"<p>Le paradis des capuches japonaises<\/p>\n<p>Ce sweat \u00e0 capuche de couleur marine allie le confort \u00e0 l'art et \u00e0 la tradition du Japon. Il est fabriqu\u00e9 \u00e0 partir de mat\u00e9riaux de haute qualit\u00e9, avec un m\u00e9lange de coton biologique 80% et de polyester recycl\u00e9 20%, offrant une douceur et une durabilit\u00e9 exceptionnelles. Au verso, le mot \"Paradise\" appara\u00eet en \u00e9criture Katakana (\u30d1\u30e9\u30c0\u30a4\u30b9), ajoutant une esth\u00e9tique unique au look. Le design est compl\u00e9t\u00e9 par des fleurs japonaises traditionnelles s'\u00e9panouissant autour d'une figure de geisha, cr\u00e9ant un \u00e9quilibre entre l'\u00e9l\u00e9gance et la puissance de la culture japonaise. Parfait pour les amoureux du style japonais, ce sweat \u00e0 capuche rapproche le \"Paradis\" de vous.<\/p>\n<p>Ce sweat \u00e0 capuche a \u00e9t\u00e9 con\u00e7u dans un souci de confort et d'esth\u00e9tique, ce qui le rend id\u00e9al pour les looks de tous les jours ou pour des occasions plus sp\u00e9ciales. La couleur marine profonde lui conf\u00e8re une \u00e9l\u00e9gance subtile, tandis que la repr\u00e9sentation d\u00e9taill\u00e9e de geishas et de fleurs japonaises ajoute une touche artistique distincte qui ne manquera pas d'attirer l'attention. La douceur du coton biologique est associ\u00e9e \u00e0 la durabilit\u00e9 du polyester recycl\u00e9, pour un produit respectueux de l'environnement sans compromis sur la qualit\u00e9. Que vous le portiez avec des v\u00eatements d\u00e9contract\u00e9s ou que vous l'associiez \u00e0 une tenue plus \u00e9l\u00e9gante, ce sweat \u00e0 capuche deviendra votre pi\u00e8ce pr\u00e9f\u00e9r\u00e9e en toute occasion.<\/p>","protected":false},"featured_media":12423,"comment_status":"open","ping_status":"closed","template":"","meta":{"_gspb_post_css":""},"product_brand":[],"product_cat":[74,111],"product_tag":[],"class_list":{"0":"post-11143","1":"product","2":"type-product","3":"status-publish","4":"has-post-thumbnail","6":"product_cat-new","7":"product_cat-111","8":"pa_-large","9":"pa_-medium","10":"pa_-small","11":"pa_-xtra-large","12":"pa_-xtra-small","13":"pa_-xxl","15":"first","16":"instock","17":"taxable","18":"shipping-taxable","19":"purchasable","20":"product-type-variable"},"_links":{"self":[{"href":"https:\/\/mo-mo.gr\/fr\/wp-json\/wp\/v2\/product\/11143","targetHints":{"allow":["GET"]}}],"collection":[{"href":"https:\/\/mo-mo.gr\/fr\/wp-json\/wp\/v2\/product"}],"about":[{"href":"https:\/\/mo-mo.gr\/fr\/wp-json\/wp\/v2\/types\/product"}],"replies":[{"embeddable":true,"href":"https:\/\/mo-mo.gr\/fr\/wp-json\/wp\/v2\/comments?post=11143"}],"wp:featuredmedia":[{"embeddable":true,"href":"https:\/\/mo-mo.gr\/fr\/wp-json\/wp\/v2\/media\/12423"}],"wp:attachment":[{"href":"https:\/\/mo-mo.gr\/fr\/wp-json\/wp\/v2\/media?parent=11143"}],"wp:term":[{"taxonomy":"product_brand","embeddable":true,"href":"https:\/\/mo-mo.gr\/fr\/wp-json\/wp\/v2\/product_brand?post=11143"},{"taxonomy":"product_cat","embeddable":true,"href":"https:\/\/mo-mo.gr\/fr\/wp-json\/wp\/v2\/product_cat?post=11143"},{"taxonomy":"product_tag","embeddable":true,"href":"https:\/\/mo-mo.gr\/fr\/wp-json\/wp\/v2\/product_tag?post=11143"}],"curies":[{"name":"wp","href":"https:\/\/api.w.org\/{rel}","templated":true}]}}