{"id":11120,"date":"2024-09-18T14:56:32","date_gmt":"2024-09-18T14:56:32","guid":{"rendered":"https:\/\/mo-mo.gr\/product\/korean-sweatshirt-cats-choose-us\/"},"modified":"2025-03-01T00:00:03","modified_gmt":"2025-02-28T22:00:03","slug":"les-chats-en-sweatshirt-coreens-nous-choisissent","status":"publish","type":"product","link":"https:\/\/mo-mo.gr\/fr\/\u03c0\u03c1\u03bf\u03ca\u03cc\u03bd\u03c4\u03b1\/korean-sweatshirt-cats-choose-us\/","title":{"rendered":"Sweatshirt cor\u00e9en Les chats nous choisissent"},"content":{"rendered":"","protected":false},"excerpt":{"rendered":"<p>Korean Sweatshirt Cats Choose Us, We don't own them.<\/p>\n<p>Le sweat blanc avec les mots \"\uace0\uc591\uc774\ub294 \uc6b0\ub9ac\ub97c \uc120\ud0dd\ud558\uc9c0, \uc6b0\ub9ac\uac00 \uace0\uc591\uc774\ub97c \uc18c\uc720\ud558\ub294 \uac83\uc774 \uc544\ub2c8\uc5d0\uc694.\" est le choix ultime pour les amoureux des chats qui veulent exprimer leur amour avec style. Sur le devant, cette phrase, qui se traduit par \"Les chats nous choisissent, ils ne nous appartiennent pas\", est \u00e9crite en caract\u00e8res noirs, cr\u00e9ant un beau contraste avec le tissu blanc du sweat-shirt.<\/p>\n<p>Ce sweat-shirt est fabriqu\u00e9 en coton de haute qualit\u00e9 qui offre une sensation de douceur sur la peau et un confort durable. Sa coupe classique et sa coupe d\u00e9contract\u00e9e en font un v\u00eatement id\u00e9al pour tous les jours, tandis que sa doublure douce garantit la chaleur par temps froid. Le sweat-shirt est con\u00e7u avec le souci du d\u00e9tail, notamment des coutures renforc\u00e9es et une excellente coupe qui ne perdra pas sa forme m\u00eame apr\u00e8s plusieurs lavages.<\/p>\n<p>Ce sweat-shirt allie fonctionnalit\u00e9 et expression personnelle, ce qui le rend id\u00e9al pour tous les amoureux des chats qui souhaitent montrer leur amour pour leurs amis \u00e0 quatre pattes bien-aim\u00e9s. Que vous le portiez pour une promenade ou une journ\u00e9e de d\u00e9tente \u00e0 la maison, ce sweat-shirt vous accompagnera dans le confort et le style.<\/p>","protected":false},"featured_media":12414,"comment_status":"open","ping_status":"open","template":"","meta":{"_gspb_post_css":""},"product_brand":[],"product_cat":[74,111],"product_tag":[],"class_list":{"0":"post-11120","1":"product","2":"type-product","3":"status-publish","4":"has-post-thumbnail","6":"product_cat-new","7":"product_cat-111","8":"pa_-large","9":"pa_-medium","10":"pa_-small","11":"pa_-xtra-large","12":"pa_-xtra-small","13":"pa_-xxl","15":"first","16":"instock","17":"taxable","18":"shipping-taxable","19":"purchasable","20":"product-type-variable"},"_links":{"self":[{"href":"https:\/\/mo-mo.gr\/fr\/wp-json\/wp\/v2\/product\/11120","targetHints":{"allow":["GET"]}}],"collection":[{"href":"https:\/\/mo-mo.gr\/fr\/wp-json\/wp\/v2\/product"}],"about":[{"href":"https:\/\/mo-mo.gr\/fr\/wp-json\/wp\/v2\/types\/product"}],"replies":[{"embeddable":true,"href":"https:\/\/mo-mo.gr\/fr\/wp-json\/wp\/v2\/comments?post=11120"}],"wp:featuredmedia":[{"embeddable":true,"href":"https:\/\/mo-mo.gr\/fr\/wp-json\/wp\/v2\/media\/12414"}],"wp:attachment":[{"href":"https:\/\/mo-mo.gr\/fr\/wp-json\/wp\/v2\/media?parent=11120"}],"wp:term":[{"taxonomy":"product_brand","embeddable":true,"href":"https:\/\/mo-mo.gr\/fr\/wp-json\/wp\/v2\/product_brand?post=11120"},{"taxonomy":"product_cat","embeddable":true,"href":"https:\/\/mo-mo.gr\/fr\/wp-json\/wp\/v2\/product_cat?post=11120"},{"taxonomy":"product_tag","embeddable":true,"href":"https:\/\/mo-mo.gr\/fr\/wp-json\/wp\/v2\/product_tag?post=11120"}],"curies":[{"name":"wp","href":"https:\/\/api.w.org\/{rel}","templated":true}]}}