{"id":11109,"date":"2024-09-18T13:38:13","date_gmt":"2024-09-18T13:38:13","guid":{"rendered":"https:\/\/mo-mo.gr\/product\/korean-sweatshirt-keep-the-faith\/"},"modified":"2025-03-01T00:00:03","modified_gmt":"2025-02-28T22:00:03","slug":"sweat-coreen-garder-la-foi","status":"publish","type":"product","link":"https:\/\/mo-mo.gr\/fr\/\u03c0\u03c1\u03bf\u03ca\u03cc\u03bd\u03c4\u03b1\/korean-sweatshirt-keep-the-faith\/","title":{"rendered":"Sweatshirt cor\u00e9en Garder la foi"},"content":{"rendered":"","protected":false},"excerpt":{"rendered":"<p>Sweatshirt cor\u00e9en Garder la foi<\/p>\n<p>Ce sweat-shirt noir allie parfaitement l'\u00e9l\u00e9gance \u00e0 la culture pop cor\u00e9enne. Le devant est domin\u00e9 par la phrase cor\u00e9enne **\ud56d\uc0c1 \ubbff\uc74c\uc744 \uc720\uc9c0\ud558\uc790** (\"Gardez toujours la foi\") avec un design moderne et pop qui respire le dynamisme et le style. Le graphisme distinctif ajoute de la couleur et de la personnalit\u00e9, ce qui rend ce sweat parfait pour ceux qui aiment la culture cor\u00e9enne tout en voulant exprimer un message profond de foi et de pers\u00e9v\u00e9rance.<\/p>\n<p>Fabriqu\u00e9 en coton de haute qualit\u00e9, il est extr\u00eamement confortable et maintient l'\u00e9quilibre entre la mode et la fonctionnalit\u00e9. Il est id\u00e9al pour les tenues d\u00e9contract\u00e9es de tous les jours.<\/p>\n<p>Il est id\u00e9al pour les looks streetwear, tandis que son tissu confortable et doux le rend indispensable pour vos journ\u00e9es de farniente ou m\u00eame pour une sortie nocturne. Le design affirm\u00e9 offre un sentiment de connexion \u00e0 la culture cor\u00e9enne, tout en communiquant un message profond et intemporel.<\/p>","protected":false},"featured_media":12410,"comment_status":"open","ping_status":"open","template":"","meta":{"_gspb_post_css":""},"product_brand":[],"product_cat":[74,111],"product_tag":[],"class_list":{"0":"post-11109","1":"product","2":"type-product","3":"status-publish","4":"has-post-thumbnail","6":"product_cat-new","7":"product_cat-111","8":"pa_-large","9":"pa_-medium","10":"pa_-small","11":"pa_-xtra-large","12":"pa_-xtra-small","13":"pa_-xxl","15":"first","16":"instock","17":"taxable","18":"shipping-taxable","19":"purchasable","20":"product-type-variable"},"_links":{"self":[{"href":"https:\/\/mo-mo.gr\/fr\/wp-json\/wp\/v2\/product\/11109","targetHints":{"allow":["GET"]}}],"collection":[{"href":"https:\/\/mo-mo.gr\/fr\/wp-json\/wp\/v2\/product"}],"about":[{"href":"https:\/\/mo-mo.gr\/fr\/wp-json\/wp\/v2\/types\/product"}],"replies":[{"embeddable":true,"href":"https:\/\/mo-mo.gr\/fr\/wp-json\/wp\/v2\/comments?post=11109"}],"wp:featuredmedia":[{"embeddable":true,"href":"https:\/\/mo-mo.gr\/fr\/wp-json\/wp\/v2\/media\/12410"}],"wp:attachment":[{"href":"https:\/\/mo-mo.gr\/fr\/wp-json\/wp\/v2\/media?parent=11109"}],"wp:term":[{"taxonomy":"product_brand","embeddable":true,"href":"https:\/\/mo-mo.gr\/fr\/wp-json\/wp\/v2\/product_brand?post=11109"},{"taxonomy":"product_cat","embeddable":true,"href":"https:\/\/mo-mo.gr\/fr\/wp-json\/wp\/v2\/product_cat?post=11109"},{"taxonomy":"product_tag","embeddable":true,"href":"https:\/\/mo-mo.gr\/fr\/wp-json\/wp\/v2\/product_tag?post=11109"}],"curies":[{"name":"wp","href":"https:\/\/api.w.org\/{rel}","templated":true}]}}