{"id":11098,"date":"2024-09-18T13:14:49","date_gmt":"2024-09-18T13:14:49","guid":{"rendered":"https:\/\/mo-mo.gr\/product\/chinese-sweatshirt-comfucius-quote\/"},"modified":"2025-03-01T00:00:03","modified_gmt":"2025-02-28T22:00:03","slug":"sweatshirt-chinois-citation-de-comfucius","status":"publish","type":"product","link":"https:\/\/mo-mo.gr\/fr\/\u03c0\u03c1\u03bf\u03ca\u03cc\u03bd\u03c4\u03b1\/chinese-sweatshirt-comfucius-quote\/","title":{"rendered":"Sweatshirt chinois Citation de Confucius"},"content":{"rendered":"","protected":false},"excerpt":{"rendered":"<p>Ce sweat-shirt noir se distingue par son \u00e9l\u00e9gance et sa substance, incarnant la sagesse de Confucius avec la phrase *\u4e09\u601d\u800c\u540e\u884c (R\u00e9fl\u00e9chis trois fois avant d'agir) au dos. Confectionn\u00e9 en coton de haute qualit\u00e9, il offre un confort et une chaleur exceptionnels, ce qui en fait un v\u00eatement id\u00e9al pour tous les jours. L'approche minimaliste du design du sweatshirt fait ressortir la phrase, soulignant le concept de r\u00e9flexion et d'action prudente dans tous les aspects de la vie.<\/p>\n<p>Avec son fond noir et le symbolisme intemporel de la sagesse chinoise, ce sweat-shirt allie style et profondeur. Le message au dos est un rappel subtil mais puissant de l'importance de la r\u00e9flexion, tandis que la coupe confortable et l'esth\u00e9tique d\u00e9contract\u00e9e en font un v\u00eatement id\u00e9al pour les looks d\u00e9contract\u00e9s. Portez-le et exprimez votre sagesse int\u00e9rieure de mani\u00e8re moderne et \u00e9l\u00e9gante.<\/p>","protected":false},"featured_media":12406,"comment_status":"open","ping_status":"closed","template":"","meta":{"_gspb_post_css":""},"product_brand":[],"product_cat":[74,111],"product_tag":[],"class_list":{"0":"post-11098","1":"product","2":"type-product","3":"status-publish","4":"has-post-thumbnail","6":"product_cat-new","7":"product_cat-111","8":"pa_-large","9":"pa_-medium","10":"pa_-small","11":"pa_-xtra-large","12":"pa_-xtra-small","13":"pa_-xxl","15":"first","16":"instock","17":"taxable","18":"shipping-taxable","19":"purchasable","20":"product-type-variable"},"_links":{"self":[{"href":"https:\/\/mo-mo.gr\/fr\/wp-json\/wp\/v2\/product\/11098","targetHints":{"allow":["GET"]}}],"collection":[{"href":"https:\/\/mo-mo.gr\/fr\/wp-json\/wp\/v2\/product"}],"about":[{"href":"https:\/\/mo-mo.gr\/fr\/wp-json\/wp\/v2\/types\/product"}],"replies":[{"embeddable":true,"href":"https:\/\/mo-mo.gr\/fr\/wp-json\/wp\/v2\/comments?post=11098"}],"wp:featuredmedia":[{"embeddable":true,"href":"https:\/\/mo-mo.gr\/fr\/wp-json\/wp\/v2\/media\/12406"}],"wp:attachment":[{"href":"https:\/\/mo-mo.gr\/fr\/wp-json\/wp\/v2\/media?parent=11098"}],"wp:term":[{"taxonomy":"product_brand","embeddable":true,"href":"https:\/\/mo-mo.gr\/fr\/wp-json\/wp\/v2\/product_brand?post=11098"},{"taxonomy":"product_cat","embeddable":true,"href":"https:\/\/mo-mo.gr\/fr\/wp-json\/wp\/v2\/product_cat?post=11098"},{"taxonomy":"product_tag","embeddable":true,"href":"https:\/\/mo-mo.gr\/fr\/wp-json\/wp\/v2\/product_tag?post=11098"}],"curies":[{"name":"wp","href":"https:\/\/api.w.org\/{rel}","templated":true}]}}