{"id":10979,"date":"2024-07-08T19:31:29","date_gmt":"2024-07-08T19:31:29","guid":{"rendered":"https:\/\/mo-mo.gr\/product\/japanese-pants-momo-hakama-in-purple\/"},"modified":"2025-01-08T12:54:26","modified_gmt":"2025-01-08T10:54:26","slug":"pantalon-japonais-momo-hakama-en-violet","status":"publish","type":"product","link":"https:\/\/mo-mo.gr\/fr\/\u03c0\u03c1\u03bf\u03ca\u03cc\u03bd\u03c4\u03b1\/japanese-pants-momo-hakama-in-purple\/","title":{"rendered":"Pantalon japonais Momo Hakama en violet"},"content":{"rendered":"","protected":false},"excerpt":{"rendered":"<p>D\u00e9couvrez le pantalon unique Hakama Style dans une \u00e9l\u00e9gante couleur violette, fabriqu\u00e9 \u00e0 la main \u00e0 partir d'un tissu de coton de haute qualit\u00e9. La brillance naturelle r\u00e9sultant du tissage exquis du tissu conf\u00e8re au pantalon une impression de luxe et de sophistication.<\/p>\n<p>Inspir\u00e9 du pantalon traditionnel japonais hakama, ce pantalon allie l'esth\u00e9tique japonaise classique au confort moderne. Parfait pour toutes les occasions, des looks quotidiens aux occasions sp\u00e9ciales, le pantalon Hakama Style deviendra une pi\u00e8ce favorite de votre garde-robe.<\/p>\n<p>Fabriqu\u00e9 \u00e0 la main avec le souci du d\u00e9tail, chaque pantalon est unique et met en valeur l'art de la mode japonaise traditionnelle. Le tissu en coton offre une texture douce et confortable, tandis que sa brillance naturelle le fait ressortir.<\/p>\n<p>Embrassez la tradition et le style avec cet exquis pantalon Hakama Style Purple et ajoutez une touche d'\u00e9l\u00e9gance orientale \u00e0 votre collection.<\/p>\n<p>La couture Hakama est r\u00e9alis\u00e9e au moment de votre commande, et le d\u00e9lai de pr\u00e9paration et d'exp\u00e9dition habituel est de 3 \u00e0 5 jours ouvrables.<\/p>\n<p>Leur taille est par deux tailles, calcul\u00e9e sur un jean classique, et ce parce que les plis et la ceinture couvrent deux tailles avec facilit\u00e9.<\/p>","protected":false},"featured_media":12386,"comment_status":"open","ping_status":"closed","template":"","meta":{"_gspb_post_css":""},"product_brand":[],"product_cat":[119,66],"product_tag":[56],"class_list":{"0":"post-10979","1":"product","2":"type-product","3":"status-publish","4":"has-post-thumbnail","6":"product_cat-hakama","7":"product_cat-66","8":"product_tag-womans-kimonos","9":"pa_--28-30","10":"pa_--32-34","11":"pa_--36-38","12":"pa_--40-42","13":"pa_-100","15":"first","16":"instock","17":"taxable","18":"shipping-taxable","19":"purchasable","20":"product-type-variable"},"_links":{"self":[{"href":"https:\/\/mo-mo.gr\/fr\/wp-json\/wp\/v2\/product\/10979","targetHints":{"allow":["GET"]}}],"collection":[{"href":"https:\/\/mo-mo.gr\/fr\/wp-json\/wp\/v2\/product"}],"about":[{"href":"https:\/\/mo-mo.gr\/fr\/wp-json\/wp\/v2\/types\/product"}],"replies":[{"embeddable":true,"href":"https:\/\/mo-mo.gr\/fr\/wp-json\/wp\/v2\/comments?post=10979"}],"wp:featuredmedia":[{"embeddable":true,"href":"https:\/\/mo-mo.gr\/fr\/wp-json\/wp\/v2\/media\/12386"}],"wp:attachment":[{"href":"https:\/\/mo-mo.gr\/fr\/wp-json\/wp\/v2\/media?parent=10979"}],"wp:term":[{"taxonomy":"product_brand","embeddable":true,"href":"https:\/\/mo-mo.gr\/fr\/wp-json\/wp\/v2\/product_brand?post=10979"},{"taxonomy":"product_cat","embeddable":true,"href":"https:\/\/mo-mo.gr\/fr\/wp-json\/wp\/v2\/product_cat?post=10979"},{"taxonomy":"product_tag","embeddable":true,"href":"https:\/\/mo-mo.gr\/fr\/wp-json\/wp\/v2\/product_tag?post=10979"}],"curies":[{"name":"wp","href":"https:\/\/api.w.org\/{rel}","templated":true}]}}