{"id":10975,"date":"2024-07-08T19:30:17","date_gmt":"2024-07-08T19:30:17","guid":{"rendered":"https:\/\/mo-mo.gr\/product\/japanese-pants-hakama-in-lime-green\/"},"modified":"2025-01-08T12:55:42","modified_gmt":"2025-01-08T10:55:42","slug":"hakama-japonais-en-vert-lime","status":"publish","type":"product","link":"https:\/\/mo-mo.gr\/fr\/\u03c0\u03c1\u03bf\u03ca\u03cc\u03bd\u03c4\u03b1\/japanese-pants-hakama-in-lime-green\/","title":{"rendered":"Pantalon japonais Hakama en vert lime"},"content":{"rendered":"","protected":false},"excerpt":{"rendered":"<p>D\u00e9couvrez le summum du confort et du style avec notre pantalon fait main de couleur citron vert. Fabriqu\u00e9 en coton de haute qualit\u00e9, ce pantalon pr\u00e9sente une brillance naturelle gr\u00e2ce \u00e0 son tissage unique. Son design s'inspire du pantalon traditionnel japonais hakama, ce qui lui conf\u00e8re une esth\u00e9tique unique et authentique.<\/p>\n<p>Sa coupe d\u00e9contract\u00e9e et sa taille g\u00e9n\u00e9reuse en font un v\u00eatement id\u00e9al pour toutes les occasions, qu'il s'agisse d'un look d\u00e9contract\u00e9 ou d'un \u00e9v\u00e9nement plus formel. La qualit\u00e9 du tissu en coton assure confort et durabilit\u00e9, tandis que la fabrication \u00e0 la main garantit le souci du d\u00e9tail et l'exclusivit\u00e9 que vous m\u00e9ritez.<\/p>\n<p>Appr\u00e9ciez la sensation de texture naturelle et d'\u00e9l\u00e9gance avec le pantalon lime, et apportez un souffle de tradition japonaise et de style moderne \u00e0 votre garde-robe.<\/p>\n<p>La couture Hakama est r\u00e9alis\u00e9e au moment de votre commande, et le d\u00e9lai de pr\u00e9paration et d'exp\u00e9dition habituel est de 3 \u00e0 5 jours ouvrables.<\/p>\n<p>Leur taille est par deux tailles, calcul\u00e9e sur un jean classique, et ce parce que les plis et la ceinture couvrent deux tailles avec facilit\u00e9.<\/p>","protected":false},"featured_media":12383,"comment_status":"open","ping_status":"closed","template":"","meta":{"_gspb_post_css":""},"product_brand":[],"product_cat":[119,66],"product_tag":[56],"class_list":{"0":"post-10975","1":"product","2":"type-product","3":"status-publish","4":"has-post-thumbnail","6":"product_cat-hakama","7":"product_cat-66","8":"product_tag-womans-kimonos","9":"pa_--28-30","10":"pa_--32-34","11":"pa_--36-38","12":"pa_--40-42","13":"pa_-94","15":"first","16":"instock","17":"taxable","18":"shipping-taxable","19":"purchasable","20":"product-type-variable"},"_links":{"self":[{"href":"https:\/\/mo-mo.gr\/fr\/wp-json\/wp\/v2\/product\/10975","targetHints":{"allow":["GET"]}}],"collection":[{"href":"https:\/\/mo-mo.gr\/fr\/wp-json\/wp\/v2\/product"}],"about":[{"href":"https:\/\/mo-mo.gr\/fr\/wp-json\/wp\/v2\/types\/product"}],"replies":[{"embeddable":true,"href":"https:\/\/mo-mo.gr\/fr\/wp-json\/wp\/v2\/comments?post=10975"}],"wp:featuredmedia":[{"embeddable":true,"href":"https:\/\/mo-mo.gr\/fr\/wp-json\/wp\/v2\/media\/12383"}],"wp:attachment":[{"href":"https:\/\/mo-mo.gr\/fr\/wp-json\/wp\/v2\/media?parent=10975"}],"wp:term":[{"taxonomy":"product_brand","embeddable":true,"href":"https:\/\/mo-mo.gr\/fr\/wp-json\/wp\/v2\/product_brand?post=10975"},{"taxonomy":"product_cat","embeddable":true,"href":"https:\/\/mo-mo.gr\/fr\/wp-json\/wp\/v2\/product_cat?post=10975"},{"taxonomy":"product_tag","embeddable":true,"href":"https:\/\/mo-mo.gr\/fr\/wp-json\/wp\/v2\/product_tag?post=10975"}],"curies":[{"name":"wp","href":"https:\/\/api.w.org\/{rel}","templated":true}]}}