{"id":10960,"date":"2024-07-08T19:20:39","date_gmt":"2024-07-08T19:20:39","guid":{"rendered":"https:\/\/mo-mo.gr\/product\/japanese-tote-bag-mini-shibori-n-black-denim\/"},"modified":"2026-04-02T19:52:24","modified_gmt":"2026-04-02T16:52:24","slug":"sac-fourre-tout-japonais-mini-shibori-n-denim-noir","status":"publish","type":"product","link":"https:\/\/mo-mo.gr\/fr\/\u03c0\u03c1\u03bf\u03ca\u03cc\u03bd\u03c4\u03b1\/japanese-tote-bag-mini-shibori-n-black-denim\/","title":{"rendered":"Sac fourre-tout japonais Mini Shibori 'n Black Denim"},"content":{"rendered":"","protected":false},"excerpt":{"rendered":"<p>Sac fourre-tout japonais Indigo Shibori<\/p>\n<p>D\u00e9couvrez l'\u00e9l\u00e9gance et le caract\u00e8re unique de notre sac fait main, fabriqu\u00e9 \u00e0 partir d'un tissu japonais shibori d'une couleur indigo saisissante, associ\u00e9 \u00e0 un denim noir durable. Ce sac fourre-tout associe l'artisanat japonais traditionnel \u00e0 une esth\u00e9tique moderne, cr\u00e9ant ainsi une pi\u00e8ce \u00e0 part.<\/p>\n<p>L'ext\u00e9rieur du sac est fabriqu\u00e9 \u00e0 partir d'un authentique tissu shibori, qui se caract\u00e9rise par ses motifs uniques et sa teinte indigo riche et profonde. Le denim noir ajoute de la durabilit\u00e9 et du style, tandis que la finition \u00e0 la main garantit l'attention port\u00e9e aux d\u00e9tails et \u00e0 la qualit\u00e9.<\/p>\n<p>\u00c0 l'int\u00e9rieur, le sac est dot\u00e9 d'une doublure qui assure la protection de vos effets personnels et offre une durabilit\u00e9 accrue. Son int\u00e9rieur spacieux en fait un sac id\u00e9al pour un usage quotidien, du bureau \u00e0 la promenade en ville.<\/p>\n<p>Choisissez le sac fourre-tout Japanese Indigo Shibori pour ajouter une touche d'art japonais traditionnel et d'\u00e9l\u00e9gance moderne \u00e0 votre collection. Ce sac n'est pas seulement un accessoire, mais une \u0153uvre d'art qui vous accompagnera avec style et confort dans toutes vos sorties.<\/p>\n<p>Dimensions 24*17 et hauteur de la poign\u00e9e 15<\/p>","protected":false},"featured_media":12371,"comment_status":"open","ping_status":"closed","template":"","meta":{"_gspb_post_css":""},"product_brand":[],"product_cat":[74,65],"product_tag":[],"class_list":{"0":"post-10960","1":"product","2":"type-product","3":"status-publish","4":"has-post-thumbnail","6":"product_cat-new","7":"product_cat-65","9":"first","10":"outofstock","11":"sale","12":"taxable","13":"shipping-taxable","14":"purchasable","15":"product-type-simple"},"_links":{"self":[{"href":"https:\/\/mo-mo.gr\/fr\/wp-json\/wp\/v2\/product\/10960","targetHints":{"allow":["GET"]}}],"collection":[{"href":"https:\/\/mo-mo.gr\/fr\/wp-json\/wp\/v2\/product"}],"about":[{"href":"https:\/\/mo-mo.gr\/fr\/wp-json\/wp\/v2\/types\/product"}],"replies":[{"embeddable":true,"href":"https:\/\/mo-mo.gr\/fr\/wp-json\/wp\/v2\/comments?post=10960"}],"wp:featuredmedia":[{"embeddable":true,"href":"https:\/\/mo-mo.gr\/fr\/wp-json\/wp\/v2\/media\/12371"}],"wp:attachment":[{"href":"https:\/\/mo-mo.gr\/fr\/wp-json\/wp\/v2\/media?parent=10960"}],"wp:term":[{"taxonomy":"product_brand","embeddable":true,"href":"https:\/\/mo-mo.gr\/fr\/wp-json\/wp\/v2\/product_brand?post=10960"},{"taxonomy":"product_cat","embeddable":true,"href":"https:\/\/mo-mo.gr\/fr\/wp-json\/wp\/v2\/product_cat?post=10960"},{"taxonomy":"product_tag","embeddable":true,"href":"https:\/\/mo-mo.gr\/fr\/wp-json\/wp\/v2\/product_tag?post=10960"}],"curies":[{"name":"wp","href":"https:\/\/api.w.org\/{rel}","templated":true}]}}