{"id":10947,"date":"2024-07-05T19:30:18","date_gmt":"2024-07-05T19:30:18","guid":{"rendered":"https:\/\/mo-mo.gr\/product\/japanese-tote-bag-geisha-okoi-mini\/"},"modified":"2025-03-05T11:37:38","modified_gmt":"2025-03-05T09:37:38","slug":"sac-cabas-japonais-geisha-okoi-mini","status":"publish","type":"product","link":"https:\/\/mo-mo.gr\/fr\/\u03c0\u03c1\u03bf\u03ca\u03cc\u03bd\u03c4\u03b1\/japanese-tote-bag-geisha-okoi-mini\/","title":{"rendered":"SAC CABAS JAPONAIS GEISHA OKOI MINI"},"content":{"rendered":"","protected":false},"excerpt":{"rendered":"<p>D\u00e9couvrez l'\u00e9l\u00e9gance et le patrimoine avec le **Sac \u00e0 main japonais Geisha OkoI**. Ce sac sophistiqu\u00e9 est fabriqu\u00e9 en tissu japonais import\u00e9 de Kyoto, ce qui garantit une qualit\u00e9 et une esth\u00e9tique optimales. Sa toile noire r\u00e9sistante offre une durabilit\u00e9 remarquable, tandis que la doublure int\u00e9rieure en tissu violet brillant avec une brillance subtile ajoute une touche de luxe et d'originalit\u00e9.<\/p>\n<p>Le sac se ferme \u00e0 l'aide d'un fermoir magn\u00e9tique, garantissant la s\u00e9curit\u00e9 de vos articles, et dispose d'une poche int\u00e9rieure pour organiser vos effets personnels. Con\u00e7u pour un usage quotidien et pour les occasions sp\u00e9ciales, ce sac est la combinaison parfaite de la praticit\u00e9 et du style.<\/p>\n<p>Le **Tote Bag japonais Geisha OkoI** est d\u00e9di\u00e9 \u00e0 la geisha Okoi, une figure qui symbolise l'art et la beaut\u00e9 de la tradition japonaise. Le sac est produit en nombre limit\u00e9, ce qui en fait un objet de collection pour les amoureux de la culture et de la mode japonaises. Achetez-le d\u00e8s maintenant et ajoutez une touche de style japonais sophistiqu\u00e9 \u00e0 votre collection.<\/p>\n<p>Dimensions 24*17 et hauteur de la poign\u00e9e 15<\/p>","protected":false},"featured_media":12361,"comment_status":"open","ping_status":"closed","template":"","meta":{"_gspb_post_css":""},"product_brand":[],"product_cat":[74,65],"product_tag":[],"class_list":{"0":"post-10947","1":"product","2":"type-product","3":"status-publish","4":"has-post-thumbnail","6":"product_cat-new","7":"product_cat-65","9":"first","10":"instock","11":"taxable","12":"shipping-taxable","13":"purchasable","14":"product-type-simple"},"_links":{"self":[{"href":"https:\/\/mo-mo.gr\/fr\/wp-json\/wp\/v2\/product\/10947","targetHints":{"allow":["GET"]}}],"collection":[{"href":"https:\/\/mo-mo.gr\/fr\/wp-json\/wp\/v2\/product"}],"about":[{"href":"https:\/\/mo-mo.gr\/fr\/wp-json\/wp\/v2\/types\/product"}],"replies":[{"embeddable":true,"href":"https:\/\/mo-mo.gr\/fr\/wp-json\/wp\/v2\/comments?post=10947"}],"wp:featuredmedia":[{"embeddable":true,"href":"https:\/\/mo-mo.gr\/fr\/wp-json\/wp\/v2\/media\/12361"}],"wp:attachment":[{"href":"https:\/\/mo-mo.gr\/fr\/wp-json\/wp\/v2\/media?parent=10947"}],"wp:term":[{"taxonomy":"product_brand","embeddable":true,"href":"https:\/\/mo-mo.gr\/fr\/wp-json\/wp\/v2\/product_brand?post=10947"},{"taxonomy":"product_cat","embeddable":true,"href":"https:\/\/mo-mo.gr\/fr\/wp-json\/wp\/v2\/product_cat?post=10947"},{"taxonomy":"product_tag","embeddable":true,"href":"https:\/\/mo-mo.gr\/fr\/wp-json\/wp\/v2\/product_tag?post=10947"}],"curies":[{"name":"wp","href":"https:\/\/api.w.org\/{rel}","templated":true}]}}