{"id":10929,"date":"2024-06-24T13:58:47","date_gmt":"2024-06-24T13:58:47","guid":{"rendered":"https:\/\/mo-mo.gr\/product\/kimono-haori-in-beige-organic-cotton\/"},"modified":"2026-04-09T16:59:54","modified_gmt":"2026-04-09T13:59:54","slug":"kimono-haori-en-coton-bio-beige","status":"publish","type":"product","link":"https:\/\/mo-mo.gr\/fr\/\u03c0\u03c1\u03bf\u03ca\u03cc\u03bd\u03c4\u03b1\/kimono-haori-in-beige-organic-cotton\/","title":{"rendered":"Kimono Haori en coton bio beige"},"content":{"rendered":"","protected":false},"excerpt":{"rendered":"<p>Haori pour homme fait \u00e0 la main en coton biologique<\/p>\n<p>D\u00e9couvrez l'\u00e9l\u00e9gance et le confort avec le Haori pour homme en coton biologique fait \u00e0 la main. Une pi\u00e8ce unique qui incorpore l'art traditionnel japonais \u00e0 une esth\u00e9tique contemporaine, parfaite pour l'\u00e9t\u00e9 et l'automne.<\/p>\n<p>Caract\u00e9ristiques<\/p>\n<p>Mati\u00e8re : coton biologique 100%, doux et durable, offrant confort et fra\u00eecheur lors des journ\u00e9es chaudes, tout en maintenant la temp\u00e9rature \u00e0 un niveau normal lors des nuits fra\u00eeches d'automne.<br \/>\nConstruction : Fabriqu\u00e9 \u00e0 la main avec le souci du d\u00e9tail, ce qui garantit la haute qualit\u00e9 et l'unicit\u00e9 de chaque pi\u00e8ce.<br \/>\nPlan : Ligne classique avec des touches modernes, adapt\u00e9e \u00e0 toutes les occasions. Sa simplicit\u00e9 lui permet d'\u00eatre port\u00e9e aussi bien dans des situations formelles que d\u00e9contract\u00e9es.<br \/>\nConfort : une coupe d\u00e9contract\u00e9e qui offre facilit\u00e9 de mouvement et confort sans compromettre le style.<br \/>\nSaisonnalit\u00e9 : Parfait pour l'\u00e9t\u00e9 et l'automne, ce haori peut \u00eatre port\u00e9 comme une panoplie, offrant protection contre le soleil et fra\u00eecheur.<\/p>\n<p>Apportez l'authenticit\u00e9 et l'esprit du Japon \u00e0 votre garde-robe avec ce Haori exquis, v\u00e9ritable expression de l'art et de la praticit\u00e9.<\/p>\n<p>Les kimonos sont cousus sur commande et le d\u00e9lai de fabrication habituel est de 3 \u00e0 5 jours.<\/p>","protected":false},"featured_media":12351,"comment_status":"open","ping_status":"closed","template":"","meta":{"_gspb_post_css":""},"product_brand":[],"product_cat":[114,66],"product_tag":[25,41,56],"class_list":{"0":"post-10929","1":"product","2":"type-product","3":"status-publish","4":"has-post-thumbnail","6":"product_cat-haori","7":"product_cat-66","8":"product_tag-haori","9":"product_tag-mens-kimonos","10":"product_tag-womans-kimonos","11":"pa_-large","12":"pa_-medium","13":"pa_-small","14":"pa_-xtra-large","15":"pa_-xtra-small","16":"pa_-xxl","17":"pa_-81","19":"first","20":"instock","21":"taxable","22":"shipping-taxable","23":"purchasable","24":"product-type-variable"},"_links":{"self":[{"href":"https:\/\/mo-mo.gr\/fr\/wp-json\/wp\/v2\/product\/10929","targetHints":{"allow":["GET"]}}],"collection":[{"href":"https:\/\/mo-mo.gr\/fr\/wp-json\/wp\/v2\/product"}],"about":[{"href":"https:\/\/mo-mo.gr\/fr\/wp-json\/wp\/v2\/types\/product"}],"replies":[{"embeddable":true,"href":"https:\/\/mo-mo.gr\/fr\/wp-json\/wp\/v2\/comments?post=10929"}],"wp:featuredmedia":[{"embeddable":true,"href":"https:\/\/mo-mo.gr\/fr\/wp-json\/wp\/v2\/media\/12351"}],"wp:attachment":[{"href":"https:\/\/mo-mo.gr\/fr\/wp-json\/wp\/v2\/media?parent=10929"}],"wp:term":[{"taxonomy":"product_brand","embeddable":true,"href":"https:\/\/mo-mo.gr\/fr\/wp-json\/wp\/v2\/product_brand?post=10929"},{"taxonomy":"product_cat","embeddable":true,"href":"https:\/\/mo-mo.gr\/fr\/wp-json\/wp\/v2\/product_cat?post=10929"},{"taxonomy":"product_tag","embeddable":true,"href":"https:\/\/mo-mo.gr\/fr\/wp-json\/wp\/v2\/product_tag?post=10929"}],"curies":[{"name":"wp","href":"https:\/\/api.w.org\/{rel}","templated":true}]}}