{"id":10918,"date":"2024-06-24T13:36:50","date_gmt":"2024-06-24T13:36:50","guid":{"rendered":"https:\/\/mo-mo.gr\/product\/kimono-haori-in-black-organic-cotton\/"},"modified":"2026-04-09T17:55:30","modified_gmt":"2026-04-09T14:55:30","slug":"kimono-haori-en-coton-bio-noir","status":"publish","type":"product","link":"https:\/\/mo-mo.gr\/fr\/\u03c0\u03c1\u03bf\u03ca\u03cc\u03bd\u03c4\u03b1\/kimono-haori-in-black-organic-cotton\/","title":{"rendered":"Kimono Haori with ribbon in Black Gabardine"},"content":{"rendered":"","protected":false},"excerpt":{"rendered":"<p>\u03a7\u03b5\u03b9\u03c1\u03bf\u03c0\u03bf\u03af\u03b7\u03c4\u03bf \u0391\u03bd\u03b4\u03c1\u03b9\u03ba\u03cc Haori \u03b1\u03c0\u03cc \u0392\u03b1\u03bc\u03b2\u03ac\u03ba\u03b9 \u03ba\u03b1\u03b9 \u03c0\u03bf\u03bb\u03c5\u03b5\u03c3\u03c4\u03ad\u03c1\u03b1.<\/p>\n<p>\u0391\u03bd\u03b1\u03ba\u03b1\u03bb\u03cd\u03c8\u03c4\u03b5 \u03c4\u03b7\u03bd \u03ba\u03bf\u03bc\u03c8\u03cc\u03c4\u03b7\u03c4\u03b1 \u03ba\u03b1\u03b9 \u03c4\u03b7\u03bd \u03ac\u03bd\u03b5\u03c3\u03b7 \u03bc\u03b5 \u03c4\u03bf \u03c7\u03b5\u03b9\u03c1\u03bf\u03c0\u03bf\u03af\u03b7\u03c4\u03bf \u03b1\u03bd\u03b4\u03c1\u03b9\u03ba\u03cc Haori . \u0388\u03bd\u03b1 \u03bc\u03bf\u03bd\u03b1\u03b4\u03b9\u03ba\u03cc \u03ba\u03bf\u03bc\u03bc\u03ac\u03c4\u03b9 \u03c0\u03bf\u03c5 \u03b5\u03bd\u03c3\u03c9\u03bc\u03b1\u03c4\u03ce\u03bd\u03b5\u03b9 \u03c4\u03b7\u03bd \u03c0\u03b1\u03c1\u03b1\u03b4\u03bf\u03c3\u03b9\u03b1\u03ba\u03ae \u03b9\u03b1\u03c0\u03c9\u03bd\u03b9\u03ba\u03ae \u03c4\u03ad\u03c7\u03bd\u03b7 \u03bc\u03b5 \u03c3\u03cd\u03b3\u03c7\u03c1\u03bf\u03bd\u03b7 \u03b1\u03b9\u03c3\u03b8\u03b7\u03c4\u03b9\u03ba\u03ae, \u03b9\u03b4\u03b1\u03bd\u03b9\u03ba\u03cc \u03b3\u03b9\u03b1 \u03ba\u03b1\u03bb\u03bf\u03ba\u03b1\u03af\u03c1\u03b9 \u03ba\u03b1\u03b9 \u03c6\u03b8\u03b9\u03bd\u03cc\u03c0\u03c9\u03c1\u03bf.<\/p>\n<p>Caract\u00e9ristiques<\/p>\n<p>\u03a5\u03bb\u03b9\u03ba\u03cc: 60% \u03b2\u03b1\u03bc\u03b2\u03ac\u03ba\u03b9 40% \u03c0\u03bf\u03bb\u03c5\u03b5\u03c3\u03c4\u03ad\u03c1\u03b1\u03c2, \u03b1\u03c0\u03b1\u03bb\u03cc \u03ba\u03b1\u03b9 \u03b1\u03bd\u03b8\u03b5\u03ba\u03c4\u03b9\u03ba\u03cc, \u03c0\u03c1\u03bf\u03c3\u03c6\u03ad\u03c1\u03b5\u03b9 \u03ac\u03bd\u03b5\u03c3\u03b7 \u03ba\u03b1\u03b9 \u03b5\u03bb\u03b1\u03c6\u03c1\u03b9\u03ac \u03b6\u03b5\u03c3\u03c4\u03b1\u03c3\u03b9\u03ac, \u03b5\u03bd\u03ce \u03ba\u03c1\u03b1\u03c4\u03ac \u03c4\u03b7 \u03b8\u03b5\u03c1\u03bc\u03bf\u03ba\u03c1\u03b1\u03c3\u03af\u03b1 \u03c3\u03b5 \u03c6\u03c5\u03c3\u03b9\u03bf\u03bb\u03bf\u03b3\u03b9\u03ba\u03ac \u03b5\u03c0\u03af\u03c0\u03b5\u03b4\u03b1 \u03c4\u03b9\u03c2 \u03b4\u03c1\u03bf\u03c3\u03b5\u03c1\u03ad\u03c2 \u03c6\u03b8\u03b9\u03bd\u03bf\u03c0\u03c9\u03c1\u03b9\u03bd\u03ad\u03c2 \u03b2\u03c1\u03b1\u03b4\u03b9\u03ad\u03c2.<br \/>\nConstruction : Fabriqu\u00e9 \u00e0 la main avec le souci du d\u00e9tail, ce qui garantit la haute qualit\u00e9 et l'unicit\u00e9 de chaque pi\u00e8ce.<br \/>\nPlan : Ligne classique avec des touches modernes, adapt\u00e9e \u00e0 toutes les occasions. Sa simplicit\u00e9 lui permet d'\u00eatre port\u00e9e aussi bien dans des situations formelles que d\u00e9contract\u00e9es.<br \/>\nConfort : une coupe d\u00e9contract\u00e9e qui offre facilit\u00e9 de mouvement et confort sans compromettre le style.<br \/>\n\u0395\u03c0\u03bf\u03c7\u03b9\u03ba\u03cc\u03c4\u03b7\u03c4\u03b1: \u0399\u03b4\u03b1\u03bd\u03b9\u03ba\u03cc \u03b3\u03b9\u03b1 \u03ac\u03bd\u03bf\u03b9\u03be\u03b7 \u03ba\u03b1\u03b9 \u03c6\u03b8\u03b9\u03bd\u03cc\u03c0\u03c9\u03c1\u03bf, \u03b1\u03c5\u03c4\u03cc \u03c4\u03bf Haori \u03bc\u03c0\u03bf\u03c1\u03b5\u03af \u03bd\u03b1 \u03c6\u03bf\u03c1\u03b5\u03b8\u03b5\u03af \u03c9\u03c2 \u03c0\u03b1\u03bd\u03bf\u03c6\u03ce\u03c1\u03b9, \u03c0\u03c1\u03bf\u03c3\u03c6\u03ad\u03c1\u03bf\u03bd\u03c4\u03b1\u03c2 \u03c0\u03c1\u03bf\u03c3\u03c4\u03b1\u03c3\u03af\u03b1 \u03b1\u03c0\u03cc \u03c4\u03bf\u03bd \u03ae\u03bb\u03b9\u03bf \u03ba\u03b1\u03b9 \u03c4\u03b7 \u03b4\u03c1\u03bf\u03c3\u03b9\u03ac.<\/p>\n<p>Apportez l'authenticit\u00e9 et l'esprit du Japon \u00e0 votre garde-robe avec ce Haori exquis, v\u00e9ritable expression de l'art et de la praticit\u00e9.<\/p>\n<p>Les kimonos sont cousus sur commande et le d\u00e9lai de fabrication habituel est de 3 \u00e0 5 jours.<\/p>","protected":false},"featured_media":12348,"comment_status":"open","ping_status":"closed","template":"","meta":{"_gspb_post_css":""},"product_brand":[],"product_cat":[114,66],"product_tag":[25,41,56],"class_list":{"0":"post-10918","1":"product","2":"type-product","3":"status-publish","4":"has-post-thumbnail","6":"product_cat-haori","7":"product_cat-66","8":"product_tag-haori","9":"product_tag-mens-kimonos","10":"product_tag-womans-kimonos","11":"pa_-large","12":"pa_-large-xlarge","13":"pa_-medium","14":"pa_-small","15":"pa_-xtra-large","16":"pa_-xtra-small","17":"pa_-xxl","18":"pa_-85","20":"first","21":"instock","22":"taxable","23":"shipping-taxable","24":"purchasable","25":"product-type-variable"},"_links":{"self":[{"href":"https:\/\/mo-mo.gr\/fr\/wp-json\/wp\/v2\/product\/10918","targetHints":{"allow":["GET"]}}],"collection":[{"href":"https:\/\/mo-mo.gr\/fr\/wp-json\/wp\/v2\/product"}],"about":[{"href":"https:\/\/mo-mo.gr\/fr\/wp-json\/wp\/v2\/types\/product"}],"replies":[{"embeddable":true,"href":"https:\/\/mo-mo.gr\/fr\/wp-json\/wp\/v2\/comments?post=10918"}],"wp:featuredmedia":[{"embeddable":true,"href":"https:\/\/mo-mo.gr\/fr\/wp-json\/wp\/v2\/media\/12348"}],"wp:attachment":[{"href":"https:\/\/mo-mo.gr\/fr\/wp-json\/wp\/v2\/media?parent=10918"}],"wp:term":[{"taxonomy":"product_brand","embeddable":true,"href":"https:\/\/mo-mo.gr\/fr\/wp-json\/wp\/v2\/product_brand?post=10918"},{"taxonomy":"product_cat","embeddable":true,"href":"https:\/\/mo-mo.gr\/fr\/wp-json\/wp\/v2\/product_cat?post=10918"},{"taxonomy":"product_tag","embeddable":true,"href":"https:\/\/mo-mo.gr\/fr\/wp-json\/wp\/v2\/product_tag?post=10918"}],"curies":[{"name":"wp","href":"https:\/\/api.w.org\/{rel}","templated":true}]}}