{"id":10914,"date":"2024-06-19T21:42:50","date_gmt":"2024-06-19T21:42:50","guid":{"rendered":"https:\/\/mo-mo.gr\/product\/chinese-fan-birdsong-elegance\/"},"modified":"2025-03-05T11:37:12","modified_gmt":"2025-03-05T09:37:12","slug":"eventail-chinois-chant-doiseau-elegance","status":"publish","type":"product","link":"https:\/\/mo-mo.gr\/fr\/\u03c0\u03c1\u03bf\u03ca\u03cc\u03bd\u03c4\u03b1\/chinese-fan-birdsong-elegance\/","title":{"rendered":"Eventail chinois Birdsong Elegance"},"content":{"rendered":"","protected":false},"excerpt":{"rendered":"<p>Eventail chinois Birdsong Elegance<\/p>\n<p>L'\u00e9ventail chinois Birdsong Elegance est fabriqu\u00e9 \u00e0 partir de mat\u00e9riaux de haute qualit\u00e9. Il mesure environ 21 cm de haut et pr\u00e9sente d'excellents d\u00e9tails dans la repr\u00e9sentation des oiseaux que l'on voit sur fond d'arbres dans la nature chinoise. L'autre c\u00f4t\u00e9 de l'\u00e9ventail est d\u00e9cor\u00e9 d'id\u00e9ogrammes qui mettent en valeur l'\u00e9criture et l'esth\u00e9tique chinoises. Chaque pi\u00e8ce respire l'\u00e9l\u00e9gance et la tradition, t\u00e9moignant du riche patrimoine culturel de la Chine.<\/p>","protected":false},"featured_media":12345,"comment_status":"open","ping_status":"closed","template":"","meta":{"_gspb_post_css":""},"product_brand":[],"product_cat":[71],"product_tag":[],"class_list":{"0":"post-10914","1":"product","2":"type-product","3":"status-publish","4":"has-post-thumbnail","6":"product_cat-71","7":"pa_-92","9":"first","10":"outofstock","11":"taxable","12":"shipping-taxable","13":"purchasable","14":"product-type-simple"},"_links":{"self":[{"href":"https:\/\/mo-mo.gr\/fr\/wp-json\/wp\/v2\/product\/10914","targetHints":{"allow":["GET"]}}],"collection":[{"href":"https:\/\/mo-mo.gr\/fr\/wp-json\/wp\/v2\/product"}],"about":[{"href":"https:\/\/mo-mo.gr\/fr\/wp-json\/wp\/v2\/types\/product"}],"replies":[{"embeddable":true,"href":"https:\/\/mo-mo.gr\/fr\/wp-json\/wp\/v2\/comments?post=10914"}],"wp:featuredmedia":[{"embeddable":true,"href":"https:\/\/mo-mo.gr\/fr\/wp-json\/wp\/v2\/media\/12345"}],"wp:attachment":[{"href":"https:\/\/mo-mo.gr\/fr\/wp-json\/wp\/v2\/media?parent=10914"}],"wp:term":[{"taxonomy":"product_brand","embeddable":true,"href":"https:\/\/mo-mo.gr\/fr\/wp-json\/wp\/v2\/product_brand?post=10914"},{"taxonomy":"product_cat","embeddable":true,"href":"https:\/\/mo-mo.gr\/fr\/wp-json\/wp\/v2\/product_cat?post=10914"},{"taxonomy":"product_tag","embeddable":true,"href":"https:\/\/mo-mo.gr\/fr\/wp-json\/wp\/v2\/product_tag?post=10914"}],"curies":[{"name":"wp","href":"https:\/\/api.w.org\/{rel}","templated":true}]}}