{"id":10906,"date":"2024-06-19T21:13:38","date_gmt":"2024-06-19T21:13:38","guid":{"rendered":"https:\/\/mo-mo.gr\/product\/chinese-fan-of-serenity\/"},"modified":"2024-12-12T14:48:09","modified_gmt":"2024-12-12T14:48:09","slug":"eventail-chinois-de-la-serenite","status":"publish","type":"product","link":"https:\/\/mo-mo.gr\/fr\/\u03c0\u03c1\u03bf\u03ca\u03cc\u03bd\u03c4\u03b1\/chinese-fan-of-serenity\/","title":{"rendered":"\u00c9ventail chinois de la s\u00e9r\u00e9nit\u00e9"},"content":{"rendered":"","protected":false},"excerpt":{"rendered":"<p>\u00c9ventail chinois de la s\u00e9r\u00e9nit\u00e9<\/p>\n<p>L'\u00e9ventail chinois de la s\u00e9r\u00e9nit\u00e9 est un \u00e9ventail d'excellente qualit\u00e9, fabriqu\u00e9 en tissu satin\u00e9 tr\u00e8s r\u00e9sistant. Une face de l'\u00e9ventail repr\u00e9sente de charmantes images de la vie chinoise \u00e0 la campagne, offrant un aper\u00e7u de la vie quotidienne et de la beaut\u00e9 naturelle de la Chine traditionnelle. De l'autre c\u00f4t\u00e9, d'\u00e9l\u00e9gants id\u00e9ogrammes chinois ajoutent une touche suppl\u00e9mentaire d'authenticit\u00e9 et de valeur culturelle. Le cadre de l'\u00e9ventail est fabriqu\u00e9 en bambou durable, ce qui garantit une utilisation durable et un grand confort d'utilisation. Cet \u00e9ventail n'est pas seulement un objet pratique pour les journ\u00e9es chaudes, mais aussi un accessoire \u00e9l\u00e9gant qui refl\u00e8te le riche h\u00e9ritage culturel de la Chine.<\/p>\n<p>La longueur du rayon de ce ventilateur est de 21 cm.<\/p>","protected":false},"featured_media":12339,"comment_status":"open","ping_status":"open","template":"","meta":{"_gspb_post_css":""},"product_brand":[],"product_cat":[71],"product_tag":[],"class_list":{"0":"post-10906","1":"product","2":"type-product","3":"status-publish","4":"has-post-thumbnail","6":"product_cat-71","7":"pa_-92","9":"first","10":"outofstock","11":"taxable","12":"shipping-taxable","13":"purchasable","14":"product-type-simple"},"_links":{"self":[{"href":"https:\/\/mo-mo.gr\/fr\/wp-json\/wp\/v2\/product\/10906","targetHints":{"allow":["GET"]}}],"collection":[{"href":"https:\/\/mo-mo.gr\/fr\/wp-json\/wp\/v2\/product"}],"about":[{"href":"https:\/\/mo-mo.gr\/fr\/wp-json\/wp\/v2\/types\/product"}],"replies":[{"embeddable":true,"href":"https:\/\/mo-mo.gr\/fr\/wp-json\/wp\/v2\/comments?post=10906"}],"wp:featuredmedia":[{"embeddable":true,"href":"https:\/\/mo-mo.gr\/fr\/wp-json\/wp\/v2\/media\/12339"}],"wp:attachment":[{"href":"https:\/\/mo-mo.gr\/fr\/wp-json\/wp\/v2\/media?parent=10906"}],"wp:term":[{"taxonomy":"product_brand","embeddable":true,"href":"https:\/\/mo-mo.gr\/fr\/wp-json\/wp\/v2\/product_brand?post=10906"},{"taxonomy":"product_cat","embeddable":true,"href":"https:\/\/mo-mo.gr\/fr\/wp-json\/wp\/v2\/product_cat?post=10906"},{"taxonomy":"product_tag","embeddable":true,"href":"https:\/\/mo-mo.gr\/fr\/wp-json\/wp\/v2\/product_tag?post=10906"}],"curies":[{"name":"wp","href":"https:\/\/api.w.org\/{rel}","templated":true}]}}