{"id":10902,"date":"2024-06-17T21:04:32","date_gmt":"2024-06-17T21:04:32","guid":{"rendered":"https:\/\/mo-mo.gr\/product\/japanese-tote-bag-kokeshi-handmade\/"},"modified":"2025-01-08T14:03:15","modified_gmt":"2025-01-08T12:03:15","slug":"sac-fourre-tout-japonais-kokeshi-fait-main","status":"publish","type":"product","link":"https:\/\/mo-mo.gr\/fr\/\u03c0\u03c1\u03bf\u03ca\u03cc\u03bd\u03c4\u03b1\/japanese-tote-bag-kokeshi-handmade\/","title":{"rendered":"Sac fourre-tout japonais Kokeshi Fait \u00e0 la main"},"content":{"rendered":"","protected":false},"excerpt":{"rendered":"<p>Le **Japanese Tote Bag Kokeshi est fabriqu\u00e9 \u00e0 la main \u00e0 partir d'une toile de coton de haute qualit\u00e9, ce qui lui conf\u00e8re une grande solidit\u00e9 et une grande durabilit\u00e9. La doublure int\u00e9rieure est \u00e9galement en toile, offrant une protection et une durabilit\u00e9 suppl\u00e9mentaires \u00e0 vos effets personnels. Le sac est dot\u00e9 d'une poche int\u00e9rieure zipp\u00e9e pour ranger en toute s\u00e9curit\u00e9 les petits objets et d'une fermeture \u00e0 glissi\u00e8re pour plus de s\u00e9curit\u00e9. La couleur du sac est un \u00e9cru naturel, qui s'accorde avec tous les styles et tous les looks.<\/p>\n<p>Sur l'un des c\u00f4t\u00e9s du sac, trois poup\u00e9es Kokeshi, poup\u00e9es japonaises traditionnelles charg\u00e9es d'histoire et de symbolisme, sont repr\u00e9sent\u00e9es. Les poup\u00e9es Kokeshi sont apparues pour la premi\u00e8re fois dans le nord du Japon au cours de la p\u00e9riode Edo (1603-1868). Au d\u00e9part, elles \u00e9taient fabriqu\u00e9es comme des jouets pour les enfants des fermiers, mais au fil du temps, elles ont pris une signification symbolique plus large. Ces poup\u00e9es sont en bois, avec un corps cylindrique simple et une grosse t\u00eate, d\u00e9cor\u00e9es de couleurs vives et de motifs traditionnels. Aujourd'hui, les poup\u00e9es Kokeshi sont consid\u00e9r\u00e9es comme un symbole de la culture japonaise et sont offertes en cadeau pour attirer la chance et la prosp\u00e9rit\u00e9.<\/p>\n<p>Ce sac n'est pas seulement pratique, c'est aussi une \u0153uvre d'art qui porte en elle l'histoire et la culture du Japon. Parfait pour un usage quotidien ou comme cadeau sp\u00e9cial, le **Japanese Tote Bag Kokeshi** ajoutera une touche de tradition et d'\u00e9l\u00e9gance \u00e0 votre vie de tous les jours. Les d\u00e9tails du produit comprennent une toile de coton r\u00e9sistante, une doublure en toile, une poche int\u00e9rieure zipp\u00e9e, une fermeture \u00e0 glissi\u00e8re et un motif repr\u00e9sentant trois poup\u00e9es Kokeshi.<\/p>","protected":false},"featured_media":12336,"comment_status":"open","ping_status":"closed","template":"","meta":{"_gspb_post_css":""},"product_brand":[],"product_cat":[74,76],"product_tag":[],"class_list":{"0":"post-10902","1":"product","2":"type-product","3":"status-publish","4":"has-post-thumbnail","6":"product_cat-new","7":"product_cat-totes","8":"pa_-100-","9":"pa_-81","11":"first","12":"instock","13":"taxable","14":"shipping-taxable","15":"purchasable","16":"product-type-simple"},"_links":{"self":[{"href":"https:\/\/mo-mo.gr\/fr\/wp-json\/wp\/v2\/product\/10902","targetHints":{"allow":["GET"]}}],"collection":[{"href":"https:\/\/mo-mo.gr\/fr\/wp-json\/wp\/v2\/product"}],"about":[{"href":"https:\/\/mo-mo.gr\/fr\/wp-json\/wp\/v2\/types\/product"}],"replies":[{"embeddable":true,"href":"https:\/\/mo-mo.gr\/fr\/wp-json\/wp\/v2\/comments?post=10902"}],"wp:featuredmedia":[{"embeddable":true,"href":"https:\/\/mo-mo.gr\/fr\/wp-json\/wp\/v2\/media\/12336"}],"wp:attachment":[{"href":"https:\/\/mo-mo.gr\/fr\/wp-json\/wp\/v2\/media?parent=10902"}],"wp:term":[{"taxonomy":"product_brand","embeddable":true,"href":"https:\/\/mo-mo.gr\/fr\/wp-json\/wp\/v2\/product_brand?post=10902"},{"taxonomy":"product_cat","embeddable":true,"href":"https:\/\/mo-mo.gr\/fr\/wp-json\/wp\/v2\/product_cat?post=10902"},{"taxonomy":"product_tag","embeddable":true,"href":"https:\/\/mo-mo.gr\/fr\/wp-json\/wp\/v2\/product_tag?post=10902"}],"curies":[{"name":"wp","href":"https:\/\/api.w.org\/{rel}","templated":true}]}}