{"id":10897,"date":"2024-06-15T15:37:49","date_gmt":"2024-06-15T15:37:49","guid":{"rendered":"https:\/\/mo-mo.gr\/product\/japanese-knot-bag-black-denim-and-gingo-canva\/"},"modified":"2026-04-02T18:06:21","modified_gmt":"2026-04-02T15:06:21","slug":"sac-a-noeuds-japonais-denim-noir-et-gingo-canva-2","status":"publish","type":"product","link":"https:\/\/mo-mo.gr\/fr\/\u03c0\u03c1\u03bf\u03ca\u03cc\u03bd\u03c4\u03b1\/japanese-knot-bag-black-denim-and-gingo-canva\/","title":{"rendered":"Sac \u00e0 n\u0153uds japonais Denim noir et Gingo Canva"},"content":{"rendered":"","protected":false},"excerpt":{"rendered":"<p>Sac \u00e0 n\u0153uds japonais Denim noir et Ginkgos<\/p>\n<p>D\u00e9couvrez l'harmonie parfaite entre l'art traditionnel japonais et le design moderne avec le sac Japanese Knot en denim noir et toile avec Ginkgo. Cet \u00e9l\u00e9gant sac allie la durabilit\u00e9 et la praticit\u00e9 du denim \u00e0 la beaut\u00e9 naturelle de la toile d\u00e9cor\u00e9e de motifs de feuilles de ginkgo.<\/p>\n<p>Le design distinctif de ce sac \u00e0 n\u0153uds permet un transport confortable et s\u00fbr, tandis que sa simplicit\u00e9 et son \u00e9l\u00e9gance cr\u00e9ent un look discret mais styl\u00e9. Ce sac est id\u00e9al pour un usage quotidien, car il offre suffisamment d'espace pour ranger vos objets essentiels.<\/p>\n<p>Les douces nuances de ginkgo sur la toile compl\u00e8tent la base noire du jean, cr\u00e9ant un contraste de couleurs \u00e9quilibr\u00e9 et agr\u00e9able. Ce sac n'est pas seulement un accessoire pratique, mais aussi une \u0153uvre d'art qui porte l'esprit de la culture et de la tradition japonaises.<\/p>\n<p>Choisissez le sac Japanese Knot en Denim noir et toile avec Ginkgo pour mettre en valeur votre esth\u00e9tique unique et ajouter une touche d'authenticit\u00e9 et d'\u00e9l\u00e9gance \u00e0 votre quotidien.<\/p>","protected":false},"featured_media":12332,"comment_status":"open","ping_status":"closed","template":"","meta":{"_gspb_post_css":""},"product_brand":[],"product_cat":[74,65],"product_tag":[],"class_list":{"0":"post-10897","1":"product","2":"type-product","3":"status-publish","4":"has-post-thumbnail","6":"product_cat-new","7":"product_cat-65","9":"first","10":"outofstock","11":"taxable","12":"shipping-taxable","13":"purchasable","14":"product-type-simple"},"_links":{"self":[{"href":"https:\/\/mo-mo.gr\/fr\/wp-json\/wp\/v2\/product\/10897","targetHints":{"allow":["GET"]}}],"collection":[{"href":"https:\/\/mo-mo.gr\/fr\/wp-json\/wp\/v2\/product"}],"about":[{"href":"https:\/\/mo-mo.gr\/fr\/wp-json\/wp\/v2\/types\/product"}],"replies":[{"embeddable":true,"href":"https:\/\/mo-mo.gr\/fr\/wp-json\/wp\/v2\/comments?post=10897"}],"wp:featuredmedia":[{"embeddable":true,"href":"https:\/\/mo-mo.gr\/fr\/wp-json\/wp\/v2\/media\/12332"}],"wp:attachment":[{"href":"https:\/\/mo-mo.gr\/fr\/wp-json\/wp\/v2\/media?parent=10897"}],"wp:term":[{"taxonomy":"product_brand","embeddable":true,"href":"https:\/\/mo-mo.gr\/fr\/wp-json\/wp\/v2\/product_brand?post=10897"},{"taxonomy":"product_cat","embeddable":true,"href":"https:\/\/mo-mo.gr\/fr\/wp-json\/wp\/v2\/product_cat?post=10897"},{"taxonomy":"product_tag","embeddable":true,"href":"https:\/\/mo-mo.gr\/fr\/wp-json\/wp\/v2\/product_tag?post=10897"}],"curies":[{"name":"wp","href":"https:\/\/api.w.org\/{rel}","templated":true}]}}