{"id":10876,"date":"2024-06-13T20:19:44","date_gmt":"2024-06-13T20:19:44","guid":{"rendered":"https:\/\/mo-mo.gr\/product\/japanese-fan-black-with-crane\/"},"modified":"2024-12-12T14:47:58","modified_gmt":"2024-12-12T14:47:58","slug":"eventail-japonais-noir-avec-grue","status":"publish","type":"product","link":"https:\/\/mo-mo.gr\/fr\/\u03c0\u03c1\u03bf\u03ca\u03cc\u03bd\u03c4\u03b1\/japanese-fan-black-with-crane\/","title":{"rendered":"Eventail japonais noir avec grue"},"content":{"rendered":"","protected":false},"excerpt":{"rendered":"<p>\u00c9ventail japonais noir avec grue D\u00e9couvrez l'\u00e9l\u00e9gance raffin\u00e9e de l'\u00e9ventail japonais, un objet d'art unique qui respire la tradition et l'esth\u00e9tique du Japon. Cet \u00e9ventail noir est soigneusement confectionn\u00e9 et repr\u00e9sente une grue, symbole de long\u00e9vit\u00e9, de paix et de bonne fortune.<\/p>\n<p>L'\u00e9ventail rev\u00eat une importance particuli\u00e8re dans la culture japonaise. Il est utilis\u00e9 \u00e0 la fois dans la vie quotidienne et dans le cadre de divers rituels et \u00e9v\u00e9nements artistiques. Des danses et repr\u00e9sentations th\u00e9\u00e2trales du kabuki traditionnel aux c\u00e9r\u00e9monies du th\u00e9, l'\u00e9ventail fait partie int\u00e9grante de la culture japonaise. Outre leur fonction de refroidissement, les \u00e9ventails sont un symbole de bonne fortune et de statut social. Au Japon, l'\u00e9change d'\u00e9ventails en guise de cadeau est consid\u00e9r\u00e9 comme un acte de respect et d'appr\u00e9ciation.<\/p>\n<p>L'\u00e9ventail **Grane noire japonaise** est id\u00e9al \u00e0 la fois pour un usage pratique et comme pi\u00e8ce d\u00e9corative qui peut orner votre espace, ajoutant un sens de l'h\u00e9ritage culturel et un style sophistiqu\u00e9. Fabriqu\u00e9 avec le souci du d\u00e9tail et dans le respect des traditions, cet \u00e9ventail exsude l'authenticit\u00e9 et l'\u00e9l\u00e9gance caract\u00e9ristiques de la culture japonaise.<\/p>","protected":false},"featured_media":12318,"comment_status":"open","ping_status":"open","template":"","meta":{"_gspb_post_css":""},"product_brand":[],"product_cat":[68,71],"product_tag":[],"class_list":{"0":"post-10876","1":"product","2":"type-product","3":"status-publish","4":"has-post-thumbnail","6":"product_cat-68","7":"product_cat-71","8":"pa_-85","10":"first","11":"outofstock","12":"taxable","13":"shipping-taxable","14":"purchasable","15":"product-type-simple"},"_links":{"self":[{"href":"https:\/\/mo-mo.gr\/fr\/wp-json\/wp\/v2\/product\/10876","targetHints":{"allow":["GET"]}}],"collection":[{"href":"https:\/\/mo-mo.gr\/fr\/wp-json\/wp\/v2\/product"}],"about":[{"href":"https:\/\/mo-mo.gr\/fr\/wp-json\/wp\/v2\/types\/product"}],"replies":[{"embeddable":true,"href":"https:\/\/mo-mo.gr\/fr\/wp-json\/wp\/v2\/comments?post=10876"}],"wp:featuredmedia":[{"embeddable":true,"href":"https:\/\/mo-mo.gr\/fr\/wp-json\/wp\/v2\/media\/12318"}],"wp:attachment":[{"href":"https:\/\/mo-mo.gr\/fr\/wp-json\/wp\/v2\/media?parent=10876"}],"wp:term":[{"taxonomy":"product_brand","embeddable":true,"href":"https:\/\/mo-mo.gr\/fr\/wp-json\/wp\/v2\/product_brand?post=10876"},{"taxonomy":"product_cat","embeddable":true,"href":"https:\/\/mo-mo.gr\/fr\/wp-json\/wp\/v2\/product_cat?post=10876"},{"taxonomy":"product_tag","embeddable":true,"href":"https:\/\/mo-mo.gr\/fr\/wp-json\/wp\/v2\/product_tag?post=10876"}],"curies":[{"name":"wp","href":"https:\/\/api.w.org\/{rel}","templated":true}]}}