{"id":10858,"date":"2024-06-13T19:55:43","date_gmt":"2024-06-13T19:55:43","guid":{"rendered":"https:\/\/mo-mo.gr\/product\/japanese-purse-kiku-harmony\/"},"modified":"2025-12-09T15:39:51","modified_gmt":"2025-12-09T13:39:51","slug":"bourse-japonaise-kiku-harmony","status":"publish","type":"product","link":"https:\/\/mo-mo.gr\/fr\/\u03c0\u03c1\u03bf\u03ca\u03cc\u03bd\u03c4\u03b1\/japanese-purse-kiku-harmony\/","title":{"rendered":"Porte-monnaie japonais Kiku Harmony"},"content":{"rendered":"","protected":false},"excerpt":{"rendered":"<p>Le **Porte-monnaie japonais Kiku Harmony** est un porte-monnaie extr\u00eamement \u00e9l\u00e9gant et fonctionnel qui respire l'esth\u00e9tique japonaise traditionnelle. Fabriqu\u00e9 en coton japonais de haute qualit\u00e9, il offre durabilit\u00e9 et style sophistiqu\u00e9. La doublure int\u00e9rieure en toile assure la durabilit\u00e9 et la protection de vos effets personnels.<\/p>\n<p>Parfait pour transporter des cosm\u00e9tiques, des accessoires essentiels ou de petits objets, le sac \u00e0 main japonais Kiku Harmony est id\u00e9al pour les sorties ou pour garder vos objets personnels en s\u00e9curit\u00e9 dans votre sac. Son design, qui pr\u00e9sente des motifs japonais traditionnels, \u00e9voque le charme de Kyoto et ajoute une touche d'\u00e9l\u00e9gance et d'h\u00e9ritage.<\/p>\n<p>Avec le porte-monnaie japonais Kiku Harmony, vous disposez d'un accessoire pratique et \u00e9l\u00e9gant qui compl\u00e8te tous vos looks et ajoute une touche de charme japonais \u00e0 votre vie quotidienne.<\/p>\n<p>Le sac \u00e0 main japonais Kiku Harmony est fait \u00e0 la main, con\u00e7u et fabriqu\u00e9 avec amour et respect de la culture et de l'esth\u00e9tique japonaises.<\/p>","protected":false},"featured_media":12303,"comment_status":"open","ping_status":"closed","template":"","meta":{"_gspb_post_css":""},"product_brand":[],"product_cat":[68,65],"product_tag":[],"class_list":{"0":"post-10858","1":"product","2":"type-product","3":"status-publish","4":"has-post-thumbnail","6":"product_cat-68","7":"product_cat-65","9":"first","10":"outofstock","11":"sale","12":"taxable","13":"shipping-taxable","14":"purchasable","15":"product-type-simple"},"_links":{"self":[{"href":"https:\/\/mo-mo.gr\/fr\/wp-json\/wp\/v2\/product\/10858","targetHints":{"allow":["GET"]}}],"collection":[{"href":"https:\/\/mo-mo.gr\/fr\/wp-json\/wp\/v2\/product"}],"about":[{"href":"https:\/\/mo-mo.gr\/fr\/wp-json\/wp\/v2\/types\/product"}],"replies":[{"embeddable":true,"href":"https:\/\/mo-mo.gr\/fr\/wp-json\/wp\/v2\/comments?post=10858"}],"wp:featuredmedia":[{"embeddable":true,"href":"https:\/\/mo-mo.gr\/fr\/wp-json\/wp\/v2\/media\/12303"}],"wp:attachment":[{"href":"https:\/\/mo-mo.gr\/fr\/wp-json\/wp\/v2\/media?parent=10858"}],"wp:term":[{"taxonomy":"product_brand","embeddable":true,"href":"https:\/\/mo-mo.gr\/fr\/wp-json\/wp\/v2\/product_brand?post=10858"},{"taxonomy":"product_cat","embeddable":true,"href":"https:\/\/mo-mo.gr\/fr\/wp-json\/wp\/v2\/product_cat?post=10858"},{"taxonomy":"product_tag","embeddable":true,"href":"https:\/\/mo-mo.gr\/fr\/wp-json\/wp\/v2\/product_tag?post=10858"}],"curies":[{"name":"wp","href":"https:\/\/api.w.org\/{rel}","templated":true}]}}