{"id":10839,"date":"2024-06-12T23:13:51","date_gmt":"2024-06-12T23:13:51","guid":{"rendered":"https:\/\/mo-mo.gr\/product\/japanese-t-shirt-ishin-denshin\/"},"modified":"2025-07-05T19:47:41","modified_gmt":"2025-07-05T16:47:41","slug":"t-shirt-japonais-ishin-denshin","status":"publish","type":"product","link":"https:\/\/mo-mo.gr\/fr\/\u03c0\u03c1\u03bf\u03ca\u03cc\u03bd\u03c4\u03b1\/japanese-t-shirt-ishin-denshin\/","title":{"rendered":"T-shirt japonais Ishin Denshin"},"content":{"rendered":"","protected":false},"excerpt":{"rendered":"<p>T-SHIRT JAPONAIS ISHIN DENSHIN.<\/p>\n<p>L'expression \"\u4ee5\u5fc3\u4f1d\u5fc3\" (\u3044\u3057\u3093\u3067\u3093\u3057\u3093, ishindenshin) en japonais d\u00e9signe une mani\u00e8re de communiquer des sentiments et des pens\u00e9es sans utiliser de mots. La lettre \"\u4ee5\" signifie \"avec\", \"\u5fc3\" signifie \"c\u0153ur\" ou \"sentiment\", tandis que \"\u4f1d\u5fc3\" signifie \"transmettre des sentiments\". Ensemble, cette expression implique l'id\u00e9e d'empathie et d'interaction entre des personnes qui se comprennent m\u00eame sans communication verbale.<\/p>\n<p>Le concept de \u4ee5\u5fc3\u4f1d\u5fc3 est profond\u00e9ment ancr\u00e9 dans la culture japonaise et repr\u00e9sente la confiance, l'unit\u00e9 et la compr\u00e9hension mutuelle cr\u00e9\u00e9es par la connexion \u00e9motionnelle. Il est utilis\u00e9 pour d\u00e9crire la capacit\u00e9 \u00e0 partager des \u00e9motions, des sentiments et des pens\u00e9es avec d'autres personnes d'une mani\u00e8re qui va au-del\u00e0 des mots, bas\u00e9e sur l'empathie et la confiance.<\/p>\n<p>Ce concept a inspir\u00e9 divers arts et cultures au Japon, notamment la litt\u00e9rature, l'art et la philosophie, et s'exprime souvent \u00e0 travers l'art, la musique et l'esth\u00e9tique de la tradition artistique japonaise.<\/p>\n<p>Le t-shirt qui dit \"\u4ee5\u5fc3\u4f1d\u5fc3\" exprime la gentillesse de communiquer par le c\u0153ur, sans avoir besoin de mots. Ce t-shirt en coton offre non seulement du confort, mais aussi un message profond d'unit\u00e9 et d'interaction \u00e9motionnelle. Avec sa combinaison sophistiqu\u00e9e de texte en id\u00e9ogrammes et d'esth\u00e9tique, c'est un choix id\u00e9al pour ceux qui recherchent une pi\u00e8ce \u00e9l\u00e9gante et significative dans leur garde-robe.<\/p>","protected":false},"featured_media":12292,"comment_status":"open","ping_status":"open","template":"","meta":{"_gspb_post_css":""},"product_brand":[],"product_cat":[74,96],"product_tag":[],"class_list":{"0":"post-10839","1":"product","2":"type-product","3":"status-publish","4":"has-post-thumbnail","6":"product_cat-new","7":"product_cat-t-shirts","8":"pa_-101","9":"pa_-102","10":"pa_-103","11":"pa_-104","12":"pa_-large","13":"pa_-medium","14":"pa_-small","15":"pa_-xtra-large","16":"pa_-xtra-small","17":"pa_-xxl","18":"pa_-100-","19":"pa_-jersey-190g-m2","20":"pa_-85","22":"first","23":"instock","24":"taxable","25":"shipping-taxable","26":"purchasable","27":"product-type-variable"},"_links":{"self":[{"href":"https:\/\/mo-mo.gr\/fr\/wp-json\/wp\/v2\/product\/10839","targetHints":{"allow":["GET"]}}],"collection":[{"href":"https:\/\/mo-mo.gr\/fr\/wp-json\/wp\/v2\/product"}],"about":[{"href":"https:\/\/mo-mo.gr\/fr\/wp-json\/wp\/v2\/types\/product"}],"replies":[{"embeddable":true,"href":"https:\/\/mo-mo.gr\/fr\/wp-json\/wp\/v2\/comments?post=10839"}],"wp:featuredmedia":[{"embeddable":true,"href":"https:\/\/mo-mo.gr\/fr\/wp-json\/wp\/v2\/media\/12292"}],"wp:attachment":[{"href":"https:\/\/mo-mo.gr\/fr\/wp-json\/wp\/v2\/media?parent=10839"}],"wp:term":[{"taxonomy":"product_brand","embeddable":true,"href":"https:\/\/mo-mo.gr\/fr\/wp-json\/wp\/v2\/product_brand?post=10839"},{"taxonomy":"product_cat","embeddable":true,"href":"https:\/\/mo-mo.gr\/fr\/wp-json\/wp\/v2\/product_cat?post=10839"},{"taxonomy":"product_tag","embeddable":true,"href":"https:\/\/mo-mo.gr\/fr\/wp-json\/wp\/v2\/product_tag?post=10839"}],"curies":[{"name":"wp","href":"https:\/\/api.w.org\/{rel}","templated":true}]}}