{"id":10768,"date":"2024-06-12T22:26:02","date_gmt":"2024-06-12T22:26:02","guid":{"rendered":"https:\/\/mo-mo.gr\/product\/japanese-t-shirt-nippon-red\/"},"modified":"2024-12-12T14:47:31","modified_gmt":"2024-12-12T14:47:31","slug":"t-shirt-japonais-nippon-rouge","status":"publish","type":"product","link":"https:\/\/mo-mo.gr\/fr\/\u03c0\u03c1\u03bf\u03ca\u03cc\u03bd\u03c4\u03b1\/japanese-t-shirt-nippon-red\/","title":{"rendered":"T-Shirt japonais Nippon Rouge"},"content":{"rendered":"","protected":false},"excerpt":{"rendered":"<p>T-SHIRT JAPONAIS NIPPON ROUGE. Un t-shirt en coton de couleur beige qui repr\u00e9sente les symboles du Japon, tels que le soleil rouge et la pagode. Avec un design abstrait qui repr\u00e9sente l'esth\u00e9tique et la culture du Japon, ce t-shirt est parfait pour ceux qui recherchent le style et l'individualit\u00e9.<\/p>","protected":false},"featured_media":12268,"comment_status":"open","ping_status":"open","template":"","meta":{"_gspb_post_css":""},"product_brand":[],"product_cat":[74,96],"product_tag":[],"class_list":{"0":"post-10768","1":"product","2":"type-product","3":"status-publish","4":"has-post-thumbnail","6":"product_cat-new","7":"product_cat-t-shirts","8":"pa_-101","9":"pa_-102","10":"pa_-103","11":"pa_-104","12":"pa_-large","13":"pa_-medium","14":"pa_-small","15":"pa_-xtra-large","16":"pa_-xtra-small","17":"pa_-xxl","18":"pa_-100-","19":"pa_-jersey-190g-m2","20":"pa_-81","22":"first","23":"instock","24":"taxable","25":"shipping-taxable","26":"purchasable","27":"product-type-variable"},"_links":{"self":[{"href":"https:\/\/mo-mo.gr\/fr\/wp-json\/wp\/v2\/product\/10768","targetHints":{"allow":["GET"]}}],"collection":[{"href":"https:\/\/mo-mo.gr\/fr\/wp-json\/wp\/v2\/product"}],"about":[{"href":"https:\/\/mo-mo.gr\/fr\/wp-json\/wp\/v2\/types\/product"}],"replies":[{"embeddable":true,"href":"https:\/\/mo-mo.gr\/fr\/wp-json\/wp\/v2\/comments?post=10768"}],"wp:featuredmedia":[{"embeddable":true,"href":"https:\/\/mo-mo.gr\/fr\/wp-json\/wp\/v2\/media\/12268"}],"wp:attachment":[{"href":"https:\/\/mo-mo.gr\/fr\/wp-json\/wp\/v2\/media?parent=10768"}],"wp:term":[{"taxonomy":"product_brand","embeddable":true,"href":"https:\/\/mo-mo.gr\/fr\/wp-json\/wp\/v2\/product_brand?post=10768"},{"taxonomy":"product_cat","embeddable":true,"href":"https:\/\/mo-mo.gr\/fr\/wp-json\/wp\/v2\/product_cat?post=10768"},{"taxonomy":"product_tag","embeddable":true,"href":"https:\/\/mo-mo.gr\/fr\/wp-json\/wp\/v2\/product_tag?post=10768"}],"curies":[{"name":"wp","href":"https:\/\/api.w.org\/{rel}","templated":true}]}}