{"id":10697,"date":"2024-06-12T21:08:29","date_gmt":"2024-06-12T21:08:29","guid":{"rendered":"https:\/\/mo-mo.gr\/product\/japanese-t-shirt-akahana-%e8%b5%a4%e8%8a%b1-harmony-tee\/"},"modified":"2024-12-12T14:47:17","modified_gmt":"2024-12-12T14:47:17","slug":"t-shirt-japonais-akahana-%e8%b5%a4%e8%8a%b1-harmony-tee","status":"publish","type":"product","link":"https:\/\/mo-mo.gr\/fr\/\u03c0\u03c1\u03bf\u03ca\u03cc\u03bd\u03c4\u03b1\/japanese-t-shirt-akahana-%e8%b5%a4%e8%8a%b1-harmony-tee\/","title":{"rendered":"T-shirt japonais Akahana \u8d64\u82b1 Harmony Tee"},"content":{"rendered":"","protected":false},"excerpt":{"rendered":"<p>T-Shirt japonais Akahana Harmony Tee<\/p>\n<p>D\u00e9couvrez l'\u00e9l\u00e9gance et la simplicit\u00e9 avec le \"Japanese T-Shirt Akahana Harmony Tee\". Ce tee-shirt blanc de qualit\u00e9 sup\u00e9rieure est fabriqu\u00e9 en coton 100%, offrant un confort et une coupe exceptionnels. Dessin\u00e9 avec des fleurs rouges, ce t-shirt japonais allie la tradition de l'art japonais \u00e0 un style contemporain. Parfait pour toutes les occasions, le tee-shirt Akahana Harmony Tee ajoute une touche d'h\u00e9ritage et de sophistication \u00e0 votre garde-robe de tous les jours.<\/p>","protected":false},"featured_media":12243,"comment_status":"open","ping_status":"open","template":"","meta":{"_gspb_post_css":""},"product_brand":[],"product_cat":[74,96],"product_tag":[],"class_list":{"0":"post-10697","1":"product","2":"type-product","3":"status-publish","4":"has-post-thumbnail","6":"product_cat-new","7":"product_cat-t-shirts","8":"pa_-101","9":"pa_-102","10":"pa_-103","11":"pa_-104","12":"pa_-large","13":"pa_-medium","14":"pa_-small","15":"pa_-xtra-large","16":"pa_-xtra-small","17":"pa_-xxl","18":"pa_-100-","19":"pa_-jersey-190g-m2","20":"pa_-97","22":"first","23":"instock","24":"taxable","25":"shipping-taxable","26":"purchasable","27":"product-type-variable"},"_links":{"self":[{"href":"https:\/\/mo-mo.gr\/fr\/wp-json\/wp\/v2\/product\/10697","targetHints":{"allow":["GET"]}}],"collection":[{"href":"https:\/\/mo-mo.gr\/fr\/wp-json\/wp\/v2\/product"}],"about":[{"href":"https:\/\/mo-mo.gr\/fr\/wp-json\/wp\/v2\/types\/product"}],"replies":[{"embeddable":true,"href":"https:\/\/mo-mo.gr\/fr\/wp-json\/wp\/v2\/comments?post=10697"}],"wp:featuredmedia":[{"embeddable":true,"href":"https:\/\/mo-mo.gr\/fr\/wp-json\/wp\/v2\/media\/12243"}],"wp:attachment":[{"href":"https:\/\/mo-mo.gr\/fr\/wp-json\/wp\/v2\/media?parent=10697"}],"wp:term":[{"taxonomy":"product_brand","embeddable":true,"href":"https:\/\/mo-mo.gr\/fr\/wp-json\/wp\/v2\/product_brand?post=10697"},{"taxonomy":"product_cat","embeddable":true,"href":"https:\/\/mo-mo.gr\/fr\/wp-json\/wp\/v2\/product_cat?post=10697"},{"taxonomy":"product_tag","embeddable":true,"href":"https:\/\/mo-mo.gr\/fr\/wp-json\/wp\/v2\/product_tag?post=10697"}],"curies":[{"name":"wp","href":"https:\/\/api.w.org\/{rel}","templated":true}]}}