{"id":10686,"date":"2024-06-12T20:51:28","date_gmt":"2024-06-12T20:51:28","guid":{"rendered":"https:\/\/mo-mo.gr\/product\/japanese-t-shirt-tokyo-teal\/"},"modified":"2024-12-12T14:47:14","modified_gmt":"2024-12-12T14:47:14","slug":"t-shirt-japonais-tokyo-sarcelle","status":"publish","type":"product","link":"https:\/\/mo-mo.gr\/fr\/\u03c0\u03c1\u03bf\u03ca\u03cc\u03bd\u03c4\u03b1\/japanese-t-shirt-tokyo-teal\/","title":{"rendered":"T-Shirt japonais Tokyo Teal"},"content":{"rendered":"","protected":false},"excerpt":{"rendered":"<p>T-Shirt japonais Tokyo Teal Color : Le choix ultime pour le confort et le style<\/p>\n<p>D\u00e9couvrez le summum du confort et du style avec notre **T-shirt japonais**. Fabriqu\u00e9 en coton 100% de premi\u00e8re qualit\u00e9, ce t-shirt offre une texture douce et une excellente coupe, parfaite pour \u00eatre port\u00e9e tous les jours. Con\u00e7u avec le souci du d\u00e9tail, le **T-shirt japonais** associe des motifs japonais traditionnels \u00e0 une esth\u00e9tique moderne, offrant une pi\u00e8ce unique qui se d\u00e9marque dans votre garde-robe. Choisissez-le pour mettre en valeur votre style personnel avec l'authenticit\u00e9 et la qualit\u00e9 que seul un **T-shirt japonais** peut offrir.<\/p>","protected":false},"featured_media":12239,"comment_status":"open","ping_status":"open","template":"","meta":{"_gspb_post_css":""},"product_brand":[],"product_cat":[96],"product_tag":[],"class_list":{"0":"post-10686","1":"product","2":"type-product","3":"status-publish","4":"has-post-thumbnail","6":"product_cat-t-shirts","7":"pa_-101","8":"pa_-102","9":"pa_-103","10":"pa_-104","11":"pa_-large","12":"pa_-medium","13":"pa_-small","14":"pa_-xtra-large","15":"pa_-xtra-small","16":"pa_-xxl","17":"pa_-100-","18":"pa_-jersey-190g-m2","19":"pa_-94","21":"first","22":"instock","23":"taxable","24":"shipping-taxable","25":"purchasable","26":"product-type-variable"},"_links":{"self":[{"href":"https:\/\/mo-mo.gr\/fr\/wp-json\/wp\/v2\/product\/10686","targetHints":{"allow":["GET"]}}],"collection":[{"href":"https:\/\/mo-mo.gr\/fr\/wp-json\/wp\/v2\/product"}],"about":[{"href":"https:\/\/mo-mo.gr\/fr\/wp-json\/wp\/v2\/types\/product"}],"replies":[{"embeddable":true,"href":"https:\/\/mo-mo.gr\/fr\/wp-json\/wp\/v2\/comments?post=10686"}],"wp:featuredmedia":[{"embeddable":true,"href":"https:\/\/mo-mo.gr\/fr\/wp-json\/wp\/v2\/media\/12239"}],"wp:attachment":[{"href":"https:\/\/mo-mo.gr\/fr\/wp-json\/wp\/v2\/media?parent=10686"}],"wp:term":[{"taxonomy":"product_brand","embeddable":true,"href":"https:\/\/mo-mo.gr\/fr\/wp-json\/wp\/v2\/product_brand?post=10686"},{"taxonomy":"product_cat","embeddable":true,"href":"https:\/\/mo-mo.gr\/fr\/wp-json\/wp\/v2\/product_cat?post=10686"},{"taxonomy":"product_tag","embeddable":true,"href":"https:\/\/mo-mo.gr\/fr\/wp-json\/wp\/v2\/product_tag?post=10686"}],"curies":[{"name":"wp","href":"https:\/\/api.w.org\/{rel}","templated":true}]}}