{"id":10649,"date":"2024-04-30T20:59:12","date_gmt":"2024-04-30T20:59:12","guid":{"rendered":"https:\/\/mo-mo.gr\/product\/%ce%ba%ce%b9%ce%bc%ce%bf%ce%bd%cf%8c-yukata-%ce%b1%cf%80%ce%b1%ce%bb%cf%8c-%cf%81%ce%bf%ce%b6-%cf%8c%ce%bd%ce%b5%ce%b9%cf%81%ce%bf\/"},"modified":"2026-03-19T15:41:58","modified_gmt":"2026-03-19T13:41:58","slug":"%ce%ba%ce%b9%ce%bc%ce%bf%ce%bd%cf%8c-yukata-%ce%b1%cf%80%ce%b1%ce%bb%cf%8c-%cf%81%ce%bf%ce%b6-%cf%8c%ce%bd%ce%b5%ce%b9%cf%81%ce%bf","status":"publish","type":"product","link":"https:\/\/mo-mo.gr\/fr\/\u03c0\u03c1\u03bf\u03ca\u03cc\u03bd\u03c4\u03b1\/%ce%ba%ce%b9%ce%bc%ce%bf%ce%bd%cf%8c-yukata-%ce%b1%cf%80%ce%b1%ce%bb%cf%8c-%cf%81%ce%bf%ce%b6-%cf%8c%ce%bd%ce%b5%ce%b9%cf%81%ce%bf\/","title":{"rendered":"Kimono Yukata Rose doux Dream"},"content":{"rendered":"","protected":false},"excerpt":{"rendered":"<p>Kimono Yukata Rose doux Dream<\/p>\n<p>Ce magnifique Yukata en viscose d'un rose tendre est un choix id\u00e9al pour celles qui recherchent le confort et le style. Ses petits motifs subtils ajoutent une touche de gaiet\u00e9, ce qui le rend extr\u00eamement \u00e9l\u00e9gant et intemporel.<\/p>\n<p>Cousu \u00e0 la main par le tailleur de MOMO KIDOHO, le yukata se distingue par son souci du d\u00e9tail et la qualit\u00e9 de sa construction. Sa manche traditionnelle de taille moyenne est con\u00e7ue pour \u00eatre pratique \u00e0 porter au quotidien, permettant une grande libert\u00e9 de mouvement et un grand confort, que ce soit \u00e0 la maison ou lors d'activit\u00e9s de plein air.<\/p>\n<p>Ce kimono n'est pas seulement un v\u00eatement, mais une exp\u00e9rience qui allie tradition et esth\u00e9tique moderne. Il est parfait pour les moments de d\u00e9tente, les occasions sp\u00e9ciales ou m\u00eame pour ajouter une touche d'\u00e9l\u00e9gance japonaise \u00e0 votre vie quotidienne.<\/p>","protected":false},"featured_media":12216,"comment_status":"open","ping_status":"closed","template":"","meta":{"_gspb_post_css":""},"product_brand":[],"product_cat":[115,66],"product_tag":[56],"class_list":{"0":"post-10649","1":"product","2":"type-product","3":"status-publish","4":"has-post-thumbnail","6":"product_cat-yukata","7":"product_cat-66","8":"product_tag-womans-kimonos","9":"pa_-large","10":"pa_-medium","11":"pa_-small","12":"pa_-xtra-large","13":"pa_-99","15":"first","16":"outofstock","17":"taxable","18":"shipping-taxable","19":"purchasable","20":"product-type-variable"},"_links":{"self":[{"href":"https:\/\/mo-mo.gr\/fr\/wp-json\/wp\/v2\/product\/10649","targetHints":{"allow":["GET"]}}],"collection":[{"href":"https:\/\/mo-mo.gr\/fr\/wp-json\/wp\/v2\/product"}],"about":[{"href":"https:\/\/mo-mo.gr\/fr\/wp-json\/wp\/v2\/types\/product"}],"replies":[{"embeddable":true,"href":"https:\/\/mo-mo.gr\/fr\/wp-json\/wp\/v2\/comments?post=10649"}],"wp:featuredmedia":[{"embeddable":true,"href":"https:\/\/mo-mo.gr\/fr\/wp-json\/wp\/v2\/media\/12216"}],"wp:attachment":[{"href":"https:\/\/mo-mo.gr\/fr\/wp-json\/wp\/v2\/media?parent=10649"}],"wp:term":[{"taxonomy":"product_brand","embeddable":true,"href":"https:\/\/mo-mo.gr\/fr\/wp-json\/wp\/v2\/product_brand?post=10649"},{"taxonomy":"product_cat","embeddable":true,"href":"https:\/\/mo-mo.gr\/fr\/wp-json\/wp\/v2\/product_cat?post=10649"},{"taxonomy":"product_tag","embeddable":true,"href":"https:\/\/mo-mo.gr\/fr\/wp-json\/wp\/v2\/product_tag?post=10649"}],"curies":[{"name":"wp","href":"https:\/\/api.w.org\/{rel}","templated":true}]}}