{"id":10642,"date":"2024-04-30T20:50:35","date_gmt":"2024-04-30T20:50:35","guid":{"rendered":"https:\/\/mo-mo.gr\/product\/kimono-furishode-blue-100-viscose\/"},"modified":"2025-12-11T15:27:47","modified_gmt":"2025-12-11T13:27:47","slug":"kimono-furishode-bleu-100-viscose-2","status":"publish","type":"product","link":"https:\/\/mo-mo.gr\/fr\/\u03c0\u03c1\u03bf\u03ca\u03cc\u03bd\u03c4\u03b1\/kimono-furishode-blue-100-viscose\/","title":{"rendered":"Kimono Furishode BLUE 100% VISCOSE"},"content":{"rendered":"","protected":false},"excerpt":{"rendered":"<p>Le kimono Furishode en viscose bleu cobalt est une pi\u00e8ce faite \u00e0 la main qui exprime l'esth\u00e9tique de la culture japonaise d'une mani\u00e8re unique. La manche distinctive ajoute un ton sophistiqu\u00e9, tandis que la viscose offre confort et \u00e9lasticit\u00e9. Parfait pour toutes les saisons, c'est un choix s\u00fbr pour les amoureux de la mode japonaise traditionnelle.<\/p>","protected":false},"featured_media":12212,"comment_status":"open","ping_status":"closed","template":"","meta":{"_gspb_post_css":""},"product_brand":[],"product_cat":[66],"product_tag":[56],"class_list":{"0":"post-10642","1":"product","2":"type-product","3":"status-publish","4":"has-post-thumbnail","6":"product_cat-66","7":"product_tag-womans-kimonos","8":"pa_-large-xlarge","9":"pa_-small-medium","10":"pa_-multiple-colors","11":"pa_-79","13":"first","14":"outofstock","15":"taxable","16":"shipping-taxable","17":"purchasable","18":"product-type-variable"},"_links":{"self":[{"href":"https:\/\/mo-mo.gr\/fr\/wp-json\/wp\/v2\/product\/10642","targetHints":{"allow":["GET"]}}],"collection":[{"href":"https:\/\/mo-mo.gr\/fr\/wp-json\/wp\/v2\/product"}],"about":[{"href":"https:\/\/mo-mo.gr\/fr\/wp-json\/wp\/v2\/types\/product"}],"replies":[{"embeddable":true,"href":"https:\/\/mo-mo.gr\/fr\/wp-json\/wp\/v2\/comments?post=10642"}],"wp:featuredmedia":[{"embeddable":true,"href":"https:\/\/mo-mo.gr\/fr\/wp-json\/wp\/v2\/media\/12212"}],"wp:attachment":[{"href":"https:\/\/mo-mo.gr\/fr\/wp-json\/wp\/v2\/media?parent=10642"}],"wp:term":[{"taxonomy":"product_brand","embeddable":true,"href":"https:\/\/mo-mo.gr\/fr\/wp-json\/wp\/v2\/product_brand?post=10642"},{"taxonomy":"product_cat","embeddable":true,"href":"https:\/\/mo-mo.gr\/fr\/wp-json\/wp\/v2\/product_cat?post=10642"},{"taxonomy":"product_tag","embeddable":true,"href":"https:\/\/mo-mo.gr\/fr\/wp-json\/wp\/v2\/product_tag?post=10642"}],"curies":[{"name":"wp","href":"https:\/\/api.w.org\/{rel}","templated":true}]}}