{"id":10550,"date":"2024-03-17T18:29:00","date_gmt":"2024-03-17T18:29:00","guid":{"rendered":"https:\/\/mo-mo.gr\/product\/korean-tote-bag-plant-a-tree\/"},"modified":"2026-04-02T19:56:17","modified_gmt":"2026-04-02T16:56:17","slug":"sac-fourre-tout-coreen-planter-un-arbre","status":"publish","type":"product","link":"https:\/\/mo-mo.gr\/fr\/\u03c0\u03c1\u03bf\u03ca\u03cc\u03bd\u03c4\u03b1\/korean-tote-bag-plant-a-tree\/","title":{"rendered":"Sac fourre-tout cor\u00e9en Planter un arbre"},"content":{"rendered":"","protected":false},"excerpt":{"rendered":"<p>Le sac fourre-tout cor\u00e9en au design unique et sophistiqu\u00e9 \"\ub098\ubb34\ub97c \uc2ec\ub294\ub370 \uac00\uc7a5 \uc88b\uc558\ub358 \ub54c\ub294 20\ub144 \uc804\uc774\uc5c8\ub2e4. \ub450 \ubc88\uc9f8\ub85c \uc88b\uc740 \ub54c\ub294 \uc9c0\uae08\uc774\ub2e4.\" est une repr\u00e9sentation \u00e9tonnante de la culture cor\u00e9enne et d'une douce nostalgie. La phrase figurant sur le sac fait r\u00e9f\u00e9rence \u00e0 l'importance de la nature et du changement, soulignant l'importance d'appr\u00e9cier le pr\u00e9sent.<\/p>\n<p>Fabriqu\u00e9 dans un tissu durable et de haute qualit\u00e9, le sac fourre-tout cor\u00e9en offre durabilit\u00e9 et style \u00e0 chaque utilisation. D\u00e9cor\u00e9 d'un texte cor\u00e9en frappant, ce sac met en valeur l'esth\u00e9tique sophistiqu\u00e9e et la spiritualit\u00e9 de la tradition cor\u00e9enne.<\/p>\n<p>Id\u00e9al pour un usage quotidien ou pour ajouter une touche d'authenticit\u00e9 \u00e0 votre style, le sac fourre-tout cor\u00e9en est un accessoire qui volera la vedette et rehaussera votre look par son caract\u00e8re unique.<\/p>","protected":false},"featured_media":12180,"comment_status":"open","ping_status":"closed","template":"","meta":{"_gspb_post_css":""},"product_brand":[],"product_cat":[76],"product_tag":[],"class_list":{"0":"post-10550","1":"product","2":"type-product","3":"status-publish","4":"has-post-thumbnail","6":"product_cat-totes","7":"pa_-85","9":"first","10":"instock","11":"taxable","12":"shipping-taxable","13":"purchasable","14":"product-type-simple"},"_links":{"self":[{"href":"https:\/\/mo-mo.gr\/fr\/wp-json\/wp\/v2\/product\/10550","targetHints":{"allow":["GET"]}}],"collection":[{"href":"https:\/\/mo-mo.gr\/fr\/wp-json\/wp\/v2\/product"}],"about":[{"href":"https:\/\/mo-mo.gr\/fr\/wp-json\/wp\/v2\/types\/product"}],"replies":[{"embeddable":true,"href":"https:\/\/mo-mo.gr\/fr\/wp-json\/wp\/v2\/comments?post=10550"}],"wp:featuredmedia":[{"embeddable":true,"href":"https:\/\/mo-mo.gr\/fr\/wp-json\/wp\/v2\/media\/12180"}],"wp:attachment":[{"href":"https:\/\/mo-mo.gr\/fr\/wp-json\/wp\/v2\/media?parent=10550"}],"wp:term":[{"taxonomy":"product_brand","embeddable":true,"href":"https:\/\/mo-mo.gr\/fr\/wp-json\/wp\/v2\/product_brand?post=10550"},{"taxonomy":"product_cat","embeddable":true,"href":"https:\/\/mo-mo.gr\/fr\/wp-json\/wp\/v2\/product_cat?post=10550"},{"taxonomy":"product_tag","embeddable":true,"href":"https:\/\/mo-mo.gr\/fr\/wp-json\/wp\/v2\/product_tag?post=10550"}],"curies":[{"name":"wp","href":"https:\/\/api.w.org\/{rel}","templated":true}]}}