{"id":10547,"date":"2024-03-17T18:20:00","date_gmt":"2024-03-17T18:20:00","guid":{"rendered":"https:\/\/mo-mo.gr\/product\/korean-tote-bag-come-on\/"},"modified":"2026-04-02T19:57:31","modified_gmt":"2026-04-02T16:57:31","slug":"sac-fourre-tout-coreen-come-on","status":"publish","type":"product","link":"https:\/\/mo-mo.gr\/fr\/\u03c0\u03c1\u03bf\u03ca\u03cc\u03bd\u03c4\u03b1\/korean-tote-bag-come-on\/","title":{"rendered":"Sac fourre-tout cor\u00e9en Come on"},"content":{"rendered":"","protected":false},"excerpt":{"rendered":"<p>Sac \u00e0 main cor\u00e9en Come on, Let's Go \"\uc544\uc790 \uc544\uc790 \ud30c\uc774\ud305\" est un sac \u00e0 collectionner qui refl\u00e8te l'esprit vibrant et encourageant de la culture cor\u00e9enne. Le texte \"\uc544\uc790 \uc544\uc790 \ud30c\uc774\ud305\" est un slogan populaire utilis\u00e9 pour encourager et activer l'esprit positif et la d\u00e9termination.<\/p>\n<p>Ce sac est fabriqu\u00e9 \u00e0 partir de mat\u00e9riaux de haute qualit\u00e9 et dispose d'un grand espace de rangement, ce qui le rend id\u00e9al pour un usage quotidien, le shopping ou m\u00eame une journ\u00e9e \u00e0 la plage. Il a \u00e9t\u00e9 con\u00e7u dans un souci de confort et de praticit\u00e9, tout en apportant une touche de modernit\u00e9 au style classique de la mode cor\u00e9enne.<\/p>\n<p>Avec le sac fourre-tout cor\u00e9en \"\uc544\uc790 \uc544\uc790 \ud30c\uc774\ud305\", vous pouvez emporter un peu de l'atmosph\u00e8re encourageante de la Cor\u00e9e avec vous chaque fois que vous sortez, vous inspirant et vous encourageant ainsi que ceux qui vous entourent.<\/p>","protected":false},"featured_media":12178,"comment_status":"open","ping_status":"closed","template":"","meta":{"_gspb_post_css":""},"product_brand":[],"product_cat":[76],"product_tag":[],"class_list":{"0":"post-10547","1":"product","2":"type-product","3":"status-publish","4":"has-post-thumbnail","6":"product_cat-totes","7":"pa_-85","9":"first","10":"instock","11":"taxable","12":"shipping-taxable","13":"purchasable","14":"product-type-simple"},"_links":{"self":[{"href":"https:\/\/mo-mo.gr\/fr\/wp-json\/wp\/v2\/product\/10547","targetHints":{"allow":["GET"]}}],"collection":[{"href":"https:\/\/mo-mo.gr\/fr\/wp-json\/wp\/v2\/product"}],"about":[{"href":"https:\/\/mo-mo.gr\/fr\/wp-json\/wp\/v2\/types\/product"}],"replies":[{"embeddable":true,"href":"https:\/\/mo-mo.gr\/fr\/wp-json\/wp\/v2\/comments?post=10547"}],"wp:featuredmedia":[{"embeddable":true,"href":"https:\/\/mo-mo.gr\/fr\/wp-json\/wp\/v2\/media\/12178"}],"wp:attachment":[{"href":"https:\/\/mo-mo.gr\/fr\/wp-json\/wp\/v2\/media?parent=10547"}],"wp:term":[{"taxonomy":"product_brand","embeddable":true,"href":"https:\/\/mo-mo.gr\/fr\/wp-json\/wp\/v2\/product_brand?post=10547"},{"taxonomy":"product_cat","embeddable":true,"href":"https:\/\/mo-mo.gr\/fr\/wp-json\/wp\/v2\/product_cat?post=10547"},{"taxonomy":"product_tag","embeddable":true,"href":"https:\/\/mo-mo.gr\/fr\/wp-json\/wp\/v2\/product_tag?post=10547"}],"curies":[{"name":"wp","href":"https:\/\/api.w.org\/{rel}","templated":true}]}}