{"id":10521,"date":"2024-03-16T15:46:10","date_gmt":"2024-03-16T15:46:10","guid":{"rendered":"https:\/\/mo-mo.gr\/product\/%ce%b9%ce%b1%cf%80%cf%89%ce%bd%ce%b9%ce%ba%ce%ae-%cf%84%cf%83%ce%ac%ce%bd%cf%84%ce%b1-tote-worth-place\/"},"modified":"2026-04-02T19:59:09","modified_gmt":"2026-04-02T16:59:09","slug":"%ce%b9%ce%b1%cf%80%cf%89%ce%bd%ce%b9%ce%ba%ce%ae-%cf%84%cf%83%ce%ac%ce%bd%cf%84%ce%b1-tote-worth-place","status":"publish","type":"product","link":"https:\/\/mo-mo.gr\/fr\/\u03c0\u03c1\u03bf\u03ca\u03cc\u03bd\u03c4\u03b1\/%ce%b9%ce%b1%cf%80%cf%89%ce%bd%ce%b9%ce%ba%ce%ae-%cf%84%cf%83%ce%ac%ce%bd%cf%84%ce%b1-tote-worth-place\/","title":{"rendered":"Sac fourre-tout japonais Worth Place"},"content":{"rendered":"","protected":false},"excerpt":{"rendered":"<p>Un sac fourre-tout japonais, \u00e9l\u00e9gant et contemporain, en toile noire durable, id\u00e9al pour un usage quotidien. Sur le devant du sac est inscrite en japonais la phrase \"Il n'y a pas de raccourci vers un endroit qui vaut la peine d'\u00eatre visit\u00e9\". La police verte contraste avec le fond noir, cr\u00e9ant une esth\u00e9tique moderne et intemporelle. Le sac dispose d'un int\u00e9rieur spacieux et de bretelles r\u00e9sistantes, ce qui le rend id\u00e9al pour transporter vos articles de tous les jours avec style et sens. Ce sac fourre-tout est une combinaison de praticit\u00e9 et d'inspiration, adapt\u00e9e \u00e0 toutes les occasions.<\/p>","protected":false},"featured_media":12157,"comment_status":"open","ping_status":"closed","template":"","meta":{"_gspb_post_css":""},"product_brand":[],"product_cat":[76],"product_tag":[],"class_list":{"0":"post-10521","1":"product","2":"type-product","3":"status-publish","4":"has-post-thumbnail","6":"product_cat-totes","7":"pa_-85","9":"first","10":"instock","11":"taxable","12":"shipping-taxable","13":"purchasable","14":"product-type-simple"},"_links":{"self":[{"href":"https:\/\/mo-mo.gr\/fr\/wp-json\/wp\/v2\/product\/10521","targetHints":{"allow":["GET"]}}],"collection":[{"href":"https:\/\/mo-mo.gr\/fr\/wp-json\/wp\/v2\/product"}],"about":[{"href":"https:\/\/mo-mo.gr\/fr\/wp-json\/wp\/v2\/types\/product"}],"replies":[{"embeddable":true,"href":"https:\/\/mo-mo.gr\/fr\/wp-json\/wp\/v2\/comments?post=10521"}],"wp:featuredmedia":[{"embeddable":true,"href":"https:\/\/mo-mo.gr\/fr\/wp-json\/wp\/v2\/media\/12157"}],"wp:attachment":[{"href":"https:\/\/mo-mo.gr\/fr\/wp-json\/wp\/v2\/media?parent=10521"}],"wp:term":[{"taxonomy":"product_brand","embeddable":true,"href":"https:\/\/mo-mo.gr\/fr\/wp-json\/wp\/v2\/product_brand?post=10521"},{"taxonomy":"product_cat","embeddable":true,"href":"https:\/\/mo-mo.gr\/fr\/wp-json\/wp\/v2\/product_cat?post=10521"},{"taxonomy":"product_tag","embeddable":true,"href":"https:\/\/mo-mo.gr\/fr\/wp-json\/wp\/v2\/product_tag?post=10521"}],"curies":[{"name":"wp","href":"https:\/\/api.w.org\/{rel}","templated":true}]}}