{"id":10511,"date":"2024-03-16T10:35:12","date_gmt":"2024-03-16T10:35:12","guid":{"rendered":"https:\/\/mo-mo.gr\/product\/japanese-apron-chopsticks\/"},"modified":"2024-12-12T14:45:49","modified_gmt":"2024-12-12T14:45:49","slug":"tablier-japonais-baguettes","status":"publish","type":"product","link":"https:\/\/mo-mo.gr\/fr\/\u03c0\u03c1\u03bf\u03ca\u03cc\u03bd\u03c4\u03b1\/japanese-apron-chopsticks\/","title":{"rendered":"TABLIER JAPONAIS BAGUETTES"},"content":{"rendered":"","protected":false},"excerpt":{"rendered":"<p>Tablier japonais avec baguettes. Le tablier japonais avec baguettes, fabriqu\u00e9 \u00e0 la main, offre un style unique et une fonctionnalit\u00e9 \u00e0 votre cuisine. Fabriqu\u00e9 avec le souci du d\u00e9tail et des mat\u00e9riaux de haute qualit\u00e9, ce tablier allie tradition et design contemporain.<\/p>\n<p>Le motif des baguettes, repr\u00e9sent\u00e9 dans un cercle rouge, \u00e9voque la tradition japonaise et la culture orientale. La couleur rouge symbolise la chance et le bonheur dans la tradition japonaise, ce qui fait de ce tablier non seulement un accessoire de cuisine, mais aussi un charmant \u00e9l\u00e9ment de d\u00e9coration.<\/p>\n<p>La construction de haute qualit\u00e9 garantit la solidit\u00e9 et la durabilit\u00e9 du tablier, ce qui le rend adapt\u00e9 \u00e0 un usage quotidien dans la cuisine. Que vous cuisiniez ou serviez, ce tablier prot\u00e9gera vos v\u00eatements avec style et facilit\u00e9. Mettez en valeur l'esth\u00e9tique et l'esprit du Japon dans votre cuisine avec ce tablier sophistiqu\u00e9 fabriqu\u00e9 \u00e0 la main.<\/p>","protected":false},"featured_media":12149,"comment_status":"open","ping_status":"open","template":"","meta":{"_gspb_post_css":""},"product_brand":[],"product_cat":[78],"product_tag":[],"class_list":{"0":"post-10511","1":"product","2":"type-product","3":"status-publish","4":"has-post-thumbnail","6":"product_cat-78","8":"first","9":"instock","10":"taxable","11":"shipping-taxable","12":"purchasable","13":"product-type-simple"},"_links":{"self":[{"href":"https:\/\/mo-mo.gr\/fr\/wp-json\/wp\/v2\/product\/10511","targetHints":{"allow":["GET"]}}],"collection":[{"href":"https:\/\/mo-mo.gr\/fr\/wp-json\/wp\/v2\/product"}],"about":[{"href":"https:\/\/mo-mo.gr\/fr\/wp-json\/wp\/v2\/types\/product"}],"replies":[{"embeddable":true,"href":"https:\/\/mo-mo.gr\/fr\/wp-json\/wp\/v2\/comments?post=10511"}],"wp:featuredmedia":[{"embeddable":true,"href":"https:\/\/mo-mo.gr\/fr\/wp-json\/wp\/v2\/media\/12149"}],"wp:attachment":[{"href":"https:\/\/mo-mo.gr\/fr\/wp-json\/wp\/v2\/media?parent=10511"}],"wp:term":[{"taxonomy":"product_brand","embeddable":true,"href":"https:\/\/mo-mo.gr\/fr\/wp-json\/wp\/v2\/product_brand?post=10511"},{"taxonomy":"product_cat","embeddable":true,"href":"https:\/\/mo-mo.gr\/fr\/wp-json\/wp\/v2\/product_cat?post=10511"},{"taxonomy":"product_tag","embeddable":true,"href":"https:\/\/mo-mo.gr\/fr\/wp-json\/wp\/v2\/product_tag?post=10511"}],"curies":[{"name":"wp","href":"https:\/\/api.w.org\/{rel}","templated":true}]}}