{"id":10505,"date":"2024-03-16T10:31:58","date_gmt":"2024-03-16T10:31:58","guid":{"rendered":"https:\/\/mo-mo.gr\/product\/japanese-apron-koi-fish-white\/"},"modified":"2024-12-12T14:45:47","modified_gmt":"2024-12-12T14:45:47","slug":"tablier-japonais-poisson-koi-blanc","status":"publish","type":"product","link":"https:\/\/mo-mo.gr\/fr\/\u03c0\u03c1\u03bf\u03ca\u03cc\u03bd\u03c4\u03b1\/japanese-apron-koi-fish-white\/","title":{"rendered":"TABLIER JAPONAIS POISSON KOI BLANC"},"content":{"rendered":"","protected":false},"excerpt":{"rendered":"<p>JAPANESE APRON KOI FISH WHITE : Le tablier japonais fait \u00e0 la main repr\u00e9sentant un koi blanc d\u00e9gage un sentiment de s\u00e9r\u00e9nit\u00e9 et de beaut\u00e9, refl\u00e9tant l'esth\u00e9tique et la spiritualit\u00e9 de la culture japonaise. Chaque tablier est unique et cr\u00e9\u00e9 avec le souci du d\u00e9tail, capturant de mani\u00e8re unique la beaut\u00e9 du ko\u00ef.<\/p>\n<p>Le ko\u00ef blanc symbolise la puret\u00e9 et la libert\u00e9, tandis que son image communique un sentiment de calme et d'harmonie. Ce tablier est une merveilleuse fa\u00e7on d'int\u00e9grer un \u00e9l\u00e9ment de la nature japonaise dans votre vie quotidienne, tout en offrant protection et praticit\u00e9 lors de vos activit\u00e9s quotidiennes.<\/p>\n<p>Fabriqu\u00e9 dans un tissu de haute qualit\u00e9 et soigneusement imprim\u00e9 \u00e0 la main, ce tablier offre une exp\u00e9rience unique \u00e0 celui qui le porte. Que vous l'utilisiez dans la cuisine ou lors de vos activit\u00e9s de bricolage, ce tablier deviendra votre compagnon pr\u00e9f\u00e9r\u00e9 gr\u00e2ce \u00e0 son style unique et \u00e0 sa qualit\u00e9.<\/p>","protected":false},"featured_media":12144,"comment_status":"open","ping_status":"open","template":"","meta":{"_gspb_post_css":""},"product_brand":[],"product_cat":[78],"product_tag":[],"class_list":{"0":"post-10505","1":"product","2":"type-product","3":"status-publish","4":"has-post-thumbnail","6":"product_cat-78","8":"first","9":"instock","10":"taxable","11":"shipping-taxable","12":"purchasable","13":"product-type-simple"},"_links":{"self":[{"href":"https:\/\/mo-mo.gr\/fr\/wp-json\/wp\/v2\/product\/10505","targetHints":{"allow":["GET"]}}],"collection":[{"href":"https:\/\/mo-mo.gr\/fr\/wp-json\/wp\/v2\/product"}],"about":[{"href":"https:\/\/mo-mo.gr\/fr\/wp-json\/wp\/v2\/types\/product"}],"replies":[{"embeddable":true,"href":"https:\/\/mo-mo.gr\/fr\/wp-json\/wp\/v2\/comments?post=10505"}],"wp:featuredmedia":[{"embeddable":true,"href":"https:\/\/mo-mo.gr\/fr\/wp-json\/wp\/v2\/media\/12144"}],"wp:attachment":[{"href":"https:\/\/mo-mo.gr\/fr\/wp-json\/wp\/v2\/media?parent=10505"}],"wp:term":[{"taxonomy":"product_brand","embeddable":true,"href":"https:\/\/mo-mo.gr\/fr\/wp-json\/wp\/v2\/product_brand?post=10505"},{"taxonomy":"product_cat","embeddable":true,"href":"https:\/\/mo-mo.gr\/fr\/wp-json\/wp\/v2\/product_cat?post=10505"},{"taxonomy":"product_tag","embeddable":true,"href":"https:\/\/mo-mo.gr\/fr\/wp-json\/wp\/v2\/product_tag?post=10505"}],"curies":[{"name":"wp","href":"https:\/\/api.w.org\/{rel}","templated":true}]}}