{"id":10500,"date":"2024-03-16T10:30:46","date_gmt":"2024-03-16T10:30:46","guid":{"rendered":"https:\/\/mo-mo.gr\/product\/japanese-apron-koi-fish-red-white\/"},"modified":"2024-12-12T14:45:45","modified_gmt":"2024-12-12T14:45:45","slug":"tablier-japonais-poisson-koi-rouge-blanc","status":"publish","type":"product","link":"https:\/\/mo-mo.gr\/fr\/\u03c0\u03c1\u03bf\u03ca\u03cc\u03bd\u03c4\u03b1\/japanese-apron-koi-fish-red-white\/","title":{"rendered":"TABLIER JAPONAIS POISSON KOI ROUGE BLANC"},"content":{"rendered":"","protected":false},"excerpt":{"rendered":"<p>Tablier japonais en coton.<\/p>\n<p>Le tablier japonais fait main repr\u00e9sentant deux ko\u00efs met en valeur l'\u00e9l\u00e9gance et l'esth\u00e9tique de la tradition japonaise. Les deux ko\u00efs repr\u00e9sent\u00e9s sur le tablier symbolisent la beaut\u00e9 et la paix \u00e9ternelles qu'apporte la culture japonaise. Les couleurs vives et les d\u00e9tails du dessin mettent en valeur la vivacit\u00e9 et le mouvement des ko\u00efs, donnant un air de fra\u00eecheur et de tranquillit\u00e9.<\/p>\n<p>La qualit\u00e9 des mat\u00e9riaux et la construction soign\u00e9e de chaque tablier garantissent sa durabilit\u00e9 et sa solidit\u00e9. C'est le choix id\u00e9al pour ceux qui recherchent un accessoire \u00e9l\u00e9gant et pratique qui met en valeur leur amour de la tradition et de l'art japonais.<\/p>\n<p>Ce tablier est une \u0153uvre d'art unique qui peut \u00eatre utilis\u00e9e dans n'importe quelle cuisine ou atelier, ajoutant un air d'authenticit\u00e9 et d'\u00e9l\u00e9gance \u00e0 n'importe quel espace.<\/p>","protected":false},"featured_media":12140,"comment_status":"open","ping_status":"open","template":"","meta":{"_gspb_post_css":""},"product_brand":[],"product_cat":[78],"product_tag":[],"class_list":{"0":"post-10500","1":"product","2":"type-product","3":"status-publish","4":"has-post-thumbnail","6":"product_cat-78","8":"first","9":"instock","10":"taxable","11":"shipping-taxable","12":"purchasable","13":"product-type-simple"},"_links":{"self":[{"href":"https:\/\/mo-mo.gr\/fr\/wp-json\/wp\/v2\/product\/10500","targetHints":{"allow":["GET"]}}],"collection":[{"href":"https:\/\/mo-mo.gr\/fr\/wp-json\/wp\/v2\/product"}],"about":[{"href":"https:\/\/mo-mo.gr\/fr\/wp-json\/wp\/v2\/types\/product"}],"replies":[{"embeddable":true,"href":"https:\/\/mo-mo.gr\/fr\/wp-json\/wp\/v2\/comments?post=10500"}],"wp:featuredmedia":[{"embeddable":true,"href":"https:\/\/mo-mo.gr\/fr\/wp-json\/wp\/v2\/media\/12140"}],"wp:attachment":[{"href":"https:\/\/mo-mo.gr\/fr\/wp-json\/wp\/v2\/media?parent=10500"}],"wp:term":[{"taxonomy":"product_brand","embeddable":true,"href":"https:\/\/mo-mo.gr\/fr\/wp-json\/wp\/v2\/product_brand?post=10500"},{"taxonomy":"product_cat","embeddable":true,"href":"https:\/\/mo-mo.gr\/fr\/wp-json\/wp\/v2\/product_cat?post=10500"},{"taxonomy":"product_tag","embeddable":true,"href":"https:\/\/mo-mo.gr\/fr\/wp-json\/wp\/v2\/product_tag?post=10500"}],"curies":[{"name":"wp","href":"https:\/\/api.w.org\/{rel}","templated":true}]}}