{"id":10489,"date":"2024-03-16T10:27:33","date_gmt":"2024-03-16T10:27:33","guid":{"rendered":"https:\/\/mo-mo.gr\/product\/japanese-apron-koi-fish-pink\/"},"modified":"2024-12-12T14:45:41","modified_gmt":"2024-12-12T14:45:41","slug":"tablier-japonais-poisson-koi-rose","status":"publish","type":"product","link":"https:\/\/mo-mo.gr\/fr\/\u03c0\u03c1\u03bf\u03ca\u03cc\u03bd\u03c4\u03b1\/japanese-apron-koi-fish-pink\/","title":{"rendered":"TABLIER JAPONAIS POISSON KOI ROSE"},"content":{"rendered":"","protected":false},"excerpt":{"rendered":"<p>JAPANESE APRON KOI FISH PINK : Le tablier japonais fait \u00e0 la main avec l'image d'un koi rose est une pi\u00e8ce impressionnante qui souligne la beaut\u00e9 et l'esth\u00e9tique de la tradition japonaise. Fabriqu\u00e9 avec soin et attention aux d\u00e9tails, ce tablier repr\u00e9sente l'esth\u00e9tique japonaise et l'amour de la nature.<\/p>\n<p>Le ko\u00ef rose, symbole de bonheur, \u00e9merge des eaux avec un sentiment de paix et de tranquillit\u00e9. L'image du ko\u00ef sur le tablier rappelle la l\u00e9g\u00e8ret\u00e9 et la beaut\u00e9 de la nature.<\/p>\n<p>Le tablier prot\u00e8ge non seulement des liquides et des taches, mais il donne aussi un sens \u00e0 la culture et \u00e0 la tradition japonaises. Chaque fois que vous le portez, vous avez l'impression d'\u00eatre li\u00e9 \u00e0 la beaut\u00e9 du Japon et \u00e0 l'harmonie de la nature.<\/p>\n<p>En r\u00e9sum\u00e9, le tablier japonais rose koi est un accessoire sophistiqu\u00e9 et unique qui offre non seulement un aspect pratique, mais aussi une dose de beaut\u00e9 et de culture \u00e0 chaque look.<\/p>","protected":false},"featured_media":12131,"comment_status":"open","ping_status":"open","template":"","meta":{"_gspb_post_css":""},"product_brand":[],"product_cat":[78],"product_tag":[],"class_list":{"0":"post-10489","1":"product","2":"type-product","3":"status-publish","4":"has-post-thumbnail","6":"product_cat-78","8":"first","9":"instock","10":"taxable","11":"shipping-taxable","12":"purchasable","13":"product-type-simple"},"_links":{"self":[{"href":"https:\/\/mo-mo.gr\/fr\/wp-json\/wp\/v2\/product\/10489","targetHints":{"allow":["GET"]}}],"collection":[{"href":"https:\/\/mo-mo.gr\/fr\/wp-json\/wp\/v2\/product"}],"about":[{"href":"https:\/\/mo-mo.gr\/fr\/wp-json\/wp\/v2\/types\/product"}],"replies":[{"embeddable":true,"href":"https:\/\/mo-mo.gr\/fr\/wp-json\/wp\/v2\/comments?post=10489"}],"wp:featuredmedia":[{"embeddable":true,"href":"https:\/\/mo-mo.gr\/fr\/wp-json\/wp\/v2\/media\/12131"}],"wp:attachment":[{"href":"https:\/\/mo-mo.gr\/fr\/wp-json\/wp\/v2\/media?parent=10489"}],"wp:term":[{"taxonomy":"product_brand","embeddable":true,"href":"https:\/\/mo-mo.gr\/fr\/wp-json\/wp\/v2\/product_brand?post=10489"},{"taxonomy":"product_cat","embeddable":true,"href":"https:\/\/mo-mo.gr\/fr\/wp-json\/wp\/v2\/product_cat?post=10489"},{"taxonomy":"product_tag","embeddable":true,"href":"https:\/\/mo-mo.gr\/fr\/wp-json\/wp\/v2\/product_tag?post=10489"}],"curies":[{"name":"wp","href":"https:\/\/api.w.org\/{rel}","templated":true}]}}