{"id":10484,"date":"2024-03-16T10:26:14","date_gmt":"2024-03-16T10:26:14","guid":{"rendered":"https:\/\/mo-mo.gr\/product\/japanese-apron-koi-fish-green\/"},"modified":"2024-12-12T14:45:40","modified_gmt":"2024-12-12T14:45:40","slug":"tablier-japonais-poisson-koi-vert","status":"publish","type":"product","link":"https:\/\/mo-mo.gr\/fr\/\u03c0\u03c1\u03bf\u03ca\u03cc\u03bd\u03c4\u03b1\/japanese-apron-koi-fish-green\/","title":{"rendered":"TABLIER JAPONAIS POISSON KOI VERT"},"content":{"rendered":"","protected":false},"excerpt":{"rendered":"<p>JAPANESE APRON KOI FISH GREEN : Le tablier japonais fait \u00e0 la main repr\u00e9sentant un koi vert est un accessoire \u00e9l\u00e9gant et fonctionnel qui met en valeur la beaut\u00e9 et l'esth\u00e9tique de la tradition japonaise. Chaque tablier est fabriqu\u00e9 \u00e0 la main et d\u00e9cor\u00e9 d'un petit koi vert lin\u00e9aire.<\/p>\n<p>Le ch\u00eane vert repr\u00e9sente la r\u00e9silience, la r\u00e9surgence et la pers\u00e9v\u00e9rance dans la culture japonaise, car c'est un poisson qui symbolise le succ\u00e8s et la prosp\u00e9rit\u00e9. La pr\u00e9sence vivante du ch\u00eane conf\u00e8re un air de fra\u00eecheur et de vitalit\u00e9 au tablier, tandis que la teinte verte \u00e9voque l'\u00e9nergie et la paix de la nature.<\/p>\n<p>L'utilisation de ce tablier est polyvalente et pratique, car il offre une protection contre la pluie et la salet\u00e9 pendant les activit\u00e9s quotidiennes. Il est id\u00e9al pour la cuisine, le jardin, l'atelier ou tout autre environnement o\u00f9 la protection est essentielle et l'esth\u00e9tique importante.<\/p>","protected":false},"featured_media":12127,"comment_status":"open","ping_status":"open","template":"","meta":{"_gspb_post_css":""},"product_brand":[],"product_cat":[78],"product_tag":[],"class_list":{"0":"post-10484","1":"product","2":"type-product","3":"status-publish","4":"has-post-thumbnail","6":"product_cat-78","8":"first","9":"instock","10":"taxable","11":"shipping-taxable","12":"purchasable","13":"product-type-simple"},"_links":{"self":[{"href":"https:\/\/mo-mo.gr\/fr\/wp-json\/wp\/v2\/product\/10484","targetHints":{"allow":["GET"]}}],"collection":[{"href":"https:\/\/mo-mo.gr\/fr\/wp-json\/wp\/v2\/product"}],"about":[{"href":"https:\/\/mo-mo.gr\/fr\/wp-json\/wp\/v2\/types\/product"}],"replies":[{"embeddable":true,"href":"https:\/\/mo-mo.gr\/fr\/wp-json\/wp\/v2\/comments?post=10484"}],"wp:featuredmedia":[{"embeddable":true,"href":"https:\/\/mo-mo.gr\/fr\/wp-json\/wp\/v2\/media\/12127"}],"wp:attachment":[{"href":"https:\/\/mo-mo.gr\/fr\/wp-json\/wp\/v2\/media?parent=10484"}],"wp:term":[{"taxonomy":"product_brand","embeddable":true,"href":"https:\/\/mo-mo.gr\/fr\/wp-json\/wp\/v2\/product_brand?post=10484"},{"taxonomy":"product_cat","embeddable":true,"href":"https:\/\/mo-mo.gr\/fr\/wp-json\/wp\/v2\/product_cat?post=10484"},{"taxonomy":"product_tag","embeddable":true,"href":"https:\/\/mo-mo.gr\/fr\/wp-json\/wp\/v2\/product_tag?post=10484"}],"curies":[{"name":"wp","href":"https:\/\/api.w.org\/{rel}","templated":true}]}}