{"id":10478,"date":"2024-03-16T10:25:01","date_gmt":"2024-03-16T10:25:01","guid":{"rendered":"https:\/\/mo-mo.gr\/product\/japanese-apron-koi-fish-in-red-round\/"},"modified":"2024-12-12T14:45:37","modified_gmt":"2024-12-12T14:45:37","slug":"tablier-japonais-poisson-koi-en-rouge-rond","status":"publish","type":"product","link":"https:\/\/mo-mo.gr\/fr\/\u03c0\u03c1\u03bf\u03ca\u03cc\u03bd\u03c4\u03b1\/japanese-apron-koi-fish-in-red-round\/","title":{"rendered":"TABLIER JAPONAIS POISSON KOI EN ROUGE ROND"},"content":{"rendered":"","protected":false},"excerpt":{"rendered":"<p>TABLIER JAPONAIS TABLIER KOI FISH IN RED ROUND : Le tablier japonais fait main avec une image de deux koi dans un cercle rouge est une pi\u00e8ce unique qui met en valeur la beaut\u00e9 et la tradition de l'art japonais. Fabriqu\u00e9 avec soin dans un tissu de haute qualit\u00e9, ce tablier pr\u00e9sente un cercle rouge qui sert de base \u00e0 l'image des deux ko\u00efs.<\/p>\n<p>Les deux ko\u00efs sont une image symbolique dans la tradition japonaise, repr\u00e9sentant l'harmonie et l'unit\u00e9. Leurs lignes d\u00e9taill\u00e9es et leurs couleurs vives donnent un air de dynamisme et de mouvement au tablier.<\/p>\n<p>Ce tablier est non seulement un accessoire tr\u00e8s fonctionnel pour la cuisine ou l'atelier, mais aussi un article \u00e9l\u00e9gant qui peut \u00eatre utilis\u00e9 pour ajouter une touche de tradition et d'esth\u00e9tique \u00e0 n'importe quel espace. Avec sa qualit\u00e9 exceptionnelle et son aspect unique, ce tablier japonais fait \u00e0 la main fait partie int\u00e9grante de la tradition et de l'art japonais.<\/p>","protected":false},"featured_media":12122,"comment_status":"open","ping_status":"open","template":"","meta":{"_gspb_post_css":""},"product_brand":[],"product_cat":[78],"product_tag":[],"class_list":{"0":"post-10478","1":"product","2":"type-product","3":"status-publish","4":"has-post-thumbnail","6":"product_cat-78","8":"first","9":"instock","10":"taxable","11":"shipping-taxable","12":"purchasable","13":"product-type-simple"},"_links":{"self":[{"href":"https:\/\/mo-mo.gr\/fr\/wp-json\/wp\/v2\/product\/10478","targetHints":{"allow":["GET"]}}],"collection":[{"href":"https:\/\/mo-mo.gr\/fr\/wp-json\/wp\/v2\/product"}],"about":[{"href":"https:\/\/mo-mo.gr\/fr\/wp-json\/wp\/v2\/types\/product"}],"replies":[{"embeddable":true,"href":"https:\/\/mo-mo.gr\/fr\/wp-json\/wp\/v2\/comments?post=10478"}],"wp:featuredmedia":[{"embeddable":true,"href":"https:\/\/mo-mo.gr\/fr\/wp-json\/wp\/v2\/media\/12122"}],"wp:attachment":[{"href":"https:\/\/mo-mo.gr\/fr\/wp-json\/wp\/v2\/media?parent=10478"}],"wp:term":[{"taxonomy":"product_brand","embeddable":true,"href":"https:\/\/mo-mo.gr\/fr\/wp-json\/wp\/v2\/product_brand?post=10478"},{"taxonomy":"product_cat","embeddable":true,"href":"https:\/\/mo-mo.gr\/fr\/wp-json\/wp\/v2\/product_cat?post=10478"},{"taxonomy":"product_tag","embeddable":true,"href":"https:\/\/mo-mo.gr\/fr\/wp-json\/wp\/v2\/product_tag?post=10478"}],"curies":[{"name":"wp","href":"https:\/\/api.w.org\/{rel}","templated":true}]}}