{"id":10471,"date":"2024-03-15T17:55:22","date_gmt":"2024-03-15T17:55:22","guid":{"rendered":"https:\/\/mo-mo.gr\/product\/flap-bag-kurokin-black-with-golden-leaves\/"},"modified":"2024-12-12T14:45:32","modified_gmt":"2024-12-12T14:45:32","slug":"sac-a-rabat-kurokin-noir-avec-feuilles-dor","status":"publish","type":"product","link":"https:\/\/mo-mo.gr\/fr\/\u03c0\u03c1\u03bf\u03ca\u03cc\u03bd\u03c4\u03b1\/flap-bag-kurokin-black-with-golden-leaves\/","title":{"rendered":"SAC \u00c0 RABAT KUROKIN NOIR AVEC FEUILLES D'OR"},"content":{"rendered":"","protected":false},"excerpt":{"rendered":"<p style=\"padding: 0px;border: medium;font-size: 16px;text-align: start;line-height: inherit;font-family: Roboto, sans-serif;font-style: normal;font-weight: 400;letter-spacing: normal;text-indent: 0px;text-transform: none;text-decoration: none;margin: 0px 0px var(--theme-content-spacing) 0px\">Sac \u00e0 rabat fait main.<\/p>\n<p style=\"padding: 0px;border: medium;font-size: 16px;text-align: start;line-height: inherit;font-family: Roboto, sans-serif;font-style: normal;font-weight: 400;letter-spacing: normal;text-indent: 0px;text-transform: none;text-decoration: none;margin: 0px 0px var(--theme-content-spacing) 0px\">Aspect lin noir avec feuilles d'or. Doublure en toile matelass\u00e9e et pochette \u00e0 clip. Bandouli\u00e8re noire ajustable en hauteur.<\/p>\n<p style=\"padding: 0px;border: medium;font-size: 16px;text-align: start;line-height: inherit;font-family: Roboto, sans-serif;font-style: normal;font-weight: 400;letter-spacing: normal;text-indent: 0px;text-transform: none;text-decoration: none;margin: 0px 0px var(--theme-content-spacing) 0px\">Dimensions : Hauteur 24 Largeur 24 et Profondeur 10<\/p>","protected":false},"featured_media":12116,"comment_status":"open","ping_status":"open","template":"","meta":{"_gspb_post_css":""},"product_brand":[],"product_cat":[65],"product_tag":[],"class_list":{"0":"post-10471","1":"product","2":"type-product","3":"status-publish","4":"has-post-thumbnail","6":"product_cat-65","8":"first","9":"instock","10":"sale","11":"taxable","12":"shipping-taxable","13":"purchasable","14":"product-type-simple"},"_links":{"self":[{"href":"https:\/\/mo-mo.gr\/fr\/wp-json\/wp\/v2\/product\/10471","targetHints":{"allow":["GET"]}}],"collection":[{"href":"https:\/\/mo-mo.gr\/fr\/wp-json\/wp\/v2\/product"}],"about":[{"href":"https:\/\/mo-mo.gr\/fr\/wp-json\/wp\/v2\/types\/product"}],"replies":[{"embeddable":true,"href":"https:\/\/mo-mo.gr\/fr\/wp-json\/wp\/v2\/comments?post=10471"}],"wp:featuredmedia":[{"embeddable":true,"href":"https:\/\/mo-mo.gr\/fr\/wp-json\/wp\/v2\/media\/12116"}],"wp:attachment":[{"href":"https:\/\/mo-mo.gr\/fr\/wp-json\/wp\/v2\/media?parent=10471"}],"wp:term":[{"taxonomy":"product_brand","embeddable":true,"href":"https:\/\/mo-mo.gr\/fr\/wp-json\/wp\/v2\/product_brand?post=10471"},{"taxonomy":"product_cat","embeddable":true,"href":"https:\/\/mo-mo.gr\/fr\/wp-json\/wp\/v2\/product_cat?post=10471"},{"taxonomy":"product_tag","embeddable":true,"href":"https:\/\/mo-mo.gr\/fr\/wp-json\/wp\/v2\/product_tag?post=10471"}],"curies":[{"name":"wp","href":"https:\/\/api.w.org\/{rel}","templated":true}]}}