{"id":10465,"date":"2024-03-15T11:33:39","date_gmt":"2024-03-15T11:33:39","guid":{"rendered":"https:\/\/mo-mo.gr\/product\/hairpin-%ce%b1%cf%80%cf%8c-%ce%be%cf%8d%ce%bb%ce%bf-%ce%bc%ce%b5-%ce%ba%cf%8c%ce%ba%ce%ba%ce%b9%ce%bd%ce%b1-%ce%bb%ce%bf%cf%85%ce%bb%ce%bf%cf%8d%ce%b4%ce%b9%ce%b1\/"},"modified":"2025-02-08T16:22:39","modified_gmt":"2025-02-08T14:22:39","slug":"hairpin-%ce%b1%cf%80%cf%8c-%ce%be%cf%8d%ce%bb%ce%bf-%ce%bc%ce%b5-%ce%ba%cf%8c%ce%ba%ce%ba%ce%b9%ce%bd%ce%b1-%ce%bb%ce%bf%cf%85%ce%bb%ce%bf%cf%8d%ce%b4%ce%b9%ce%b1","status":"publish","type":"product","link":"https:\/\/mo-mo.gr\/fr\/\u03c0\u03c1\u03bf\u03ca\u03cc\u03bd\u03c4\u03b1\/hairpin-%ce%b1%cf%80%cf%8c-%ce%be%cf%8d%ce%bb%ce%bf-%ce%bc%ce%b5-%ce%ba%cf%8c%ce%ba%ce%ba%ce%b9%ce%bd%ce%b1-%ce%bb%ce%bf%cf%85%ce%bb%ce%bf%cf%8d%ce%b4%ce%b9%ce%b1\/","title":{"rendered":"\u00c9pingle \u00e0 cheveux en bois avec fleurs rouges"},"content":{"rendered":"","protected":false},"excerpt":{"rendered":"<p>Une **\u00e9pingle \u00e0 cheveux** (\u00e9pingle \u00e0 cheveux ou \u00e9pingle \u00e0 cheveux) japonaise sp\u00e9ciale en bois, qui met l'accent sur les d\u00e9tails, d\u00e9cor\u00e9e d'\u00e9l\u00e9gantes fleurs rouges qui ajoutent une touche d'\u00e9l\u00e9gance et de sophistication. Le bois naturel de la base a \u00e9t\u00e9 soigneusement trait\u00e9, avec des courbes douces et une finition brillante pour pr\u00e9server sa texture traditionnelle. Des fleurs d'un rouge \u00e9clatant, symbolisant la beaut\u00e9 et la gr\u00e2ce, sont soigneusement plac\u00e9es sur le dessus, tandis que des d\u00e9tails de feuilles aux couleurs dor\u00e9es se d\u00e9tachent entre elles. Cette \u00e9pingle \u00e0 cheveux peut \u00eatre port\u00e9e aussi bien au quotidien que lors d'occasions plus formelles, ajoutant un air de tradition et de charme \u00e0 votre style.<\/p>","protected":false},"featured_media":12112,"comment_status":"open","ping_status":"open","template":"","meta":{"_gspb_post_css":""},"product_brand":[],"product_cat":[68],"product_tag":[],"class_list":{"0":"post-10465","1":"product","2":"type-product","3":"status-publish","4":"has-post-thumbnail","6":"product_cat-68","8":"first","9":"outofstock","10":"taxable","11":"shipping-taxable","12":"purchasable","13":"product-type-simple"},"_links":{"self":[{"href":"https:\/\/mo-mo.gr\/fr\/wp-json\/wp\/v2\/product\/10465","targetHints":{"allow":["GET"]}}],"collection":[{"href":"https:\/\/mo-mo.gr\/fr\/wp-json\/wp\/v2\/product"}],"about":[{"href":"https:\/\/mo-mo.gr\/fr\/wp-json\/wp\/v2\/types\/product"}],"replies":[{"embeddable":true,"href":"https:\/\/mo-mo.gr\/fr\/wp-json\/wp\/v2\/comments?post=10465"}],"wp:featuredmedia":[{"embeddable":true,"href":"https:\/\/mo-mo.gr\/fr\/wp-json\/wp\/v2\/media\/12112"}],"wp:attachment":[{"href":"https:\/\/mo-mo.gr\/fr\/wp-json\/wp\/v2\/media?parent=10465"}],"wp:term":[{"taxonomy":"product_brand","embeddable":true,"href":"https:\/\/mo-mo.gr\/fr\/wp-json\/wp\/v2\/product_brand?post=10465"},{"taxonomy":"product_cat","embeddable":true,"href":"https:\/\/mo-mo.gr\/fr\/wp-json\/wp\/v2\/product_cat?post=10465"},{"taxonomy":"product_tag","embeddable":true,"href":"https:\/\/mo-mo.gr\/fr\/wp-json\/wp\/v2\/product_tag?post=10465"}],"curies":[{"name":"wp","href":"https:\/\/api.w.org\/{rel}","templated":true}]}}