{"id":10452,"date":"2024-03-12T13:08:30","date_gmt":"2024-03-12T13:08:30","guid":{"rendered":"https:\/\/mo-mo.gr\/product\/big-cosmetics-bag-in-japanese-golden-canva\/"},"modified":"2025-12-09T15:40:54","modified_gmt":"2025-12-09T13:40:54","slug":"grand-sac-a-cosmetiques-en-japonais-dore-canva","status":"publish","type":"product","link":"https:\/\/mo-mo.gr\/fr\/\u03c0\u03c1\u03bf\u03ca\u03cc\u03bd\u03c4\u03b1\/big-cosmetics-bag-in-japanese-golden-canva\/","title":{"rendered":"GRAND SAC \u00c0 COSM\u00c9TIQUES EN JAPONAIS DOR\u00c9 CANVA"},"content":{"rendered":"","protected":false},"excerpt":{"rendered":"<p>La BIG COSMETICS POUCH est une trousse \u00e0 cosm\u00e9tiques extr\u00eamement \u00e9l\u00e9gante et pratique, inspir\u00e9e de la culture japonaise. Fabriqu\u00e9e en toile japonaise de haute qualit\u00e9, brod\u00e9e de motifs d\u00e9taill\u00e9s en fil d'or, elle met en valeur de mani\u00e8re unique l'esth\u00e9tique et le luxe. Mesurant 24\u00d716 cm, elle offre suffisamment d'espace pour accueillir tous vos produits cosm\u00e9tiques essentiels, et son design spacieux la rend id\u00e9ale pour les voyages et l'usage quotidien. C'est le choix id\u00e9al pour ceux qui recherchent un accessoire pratique et \u00e9l\u00e9gant refl\u00e9tant l'authenticit\u00e9 et la culture du Japon.<\/p>","protected":false},"featured_media":12102,"comment_status":"open","ping_status":"closed","template":"","meta":{"_gspb_post_css":""},"product_brand":[],"product_cat":[68],"product_tag":[],"class_list":{"0":"post-10452","1":"product","2":"type-product","3":"status-publish","4":"has-post-thumbnail","6":"product_cat-68","8":"first","9":"outofstock","10":"taxable","11":"shipping-taxable","12":"purchasable","13":"product-type-simple"},"_links":{"self":[{"href":"https:\/\/mo-mo.gr\/fr\/wp-json\/wp\/v2\/product\/10452","targetHints":{"allow":["GET"]}}],"collection":[{"href":"https:\/\/mo-mo.gr\/fr\/wp-json\/wp\/v2\/product"}],"about":[{"href":"https:\/\/mo-mo.gr\/fr\/wp-json\/wp\/v2\/types\/product"}],"replies":[{"embeddable":true,"href":"https:\/\/mo-mo.gr\/fr\/wp-json\/wp\/v2\/comments?post=10452"}],"wp:featuredmedia":[{"embeddable":true,"href":"https:\/\/mo-mo.gr\/fr\/wp-json\/wp\/v2\/media\/12102"}],"wp:attachment":[{"href":"https:\/\/mo-mo.gr\/fr\/wp-json\/wp\/v2\/media?parent=10452"}],"wp:term":[{"taxonomy":"product_brand","embeddable":true,"href":"https:\/\/mo-mo.gr\/fr\/wp-json\/wp\/v2\/product_brand?post=10452"},{"taxonomy":"product_cat","embeddable":true,"href":"https:\/\/mo-mo.gr\/fr\/wp-json\/wp\/v2\/product_cat?post=10452"},{"taxonomy":"product_tag","embeddable":true,"href":"https:\/\/mo-mo.gr\/fr\/wp-json\/wp\/v2\/product_tag?post=10452"}],"curies":[{"name":"wp","href":"https:\/\/api.w.org\/{rel}","templated":true}]}}