{"id":10395,"date":"2024-03-07T21:43:30","date_gmt":"2024-03-07T21:43:30","guid":{"rendered":"https:\/\/mo-mo.gr\/product\/%cf%83%ce%ba%ce%bf%cf%85%ce%bb%ce%b1%cf%81%ce%af%ce%ba%ce%b9%ce%b1-%ce%b3%ce%b5%cf%81%ce%b1%ce%bd%cf%8c%cf%82-%ce%b2%ce%b5%ce%bd%cf%84%ce%ac%ce%bb%ce%b9%ce%b1\/"},"modified":"2025-01-17T11:46:55","modified_gmt":"2025-01-17T09:46:55","slug":"%cf%83%ce%ba%ce%bf%cf%85%ce%bb%ce%b1%cf%81%ce%af%ce%ba%ce%b9%ce%b1-%ce%b3%ce%b5%cf%81%ce%b1%ce%bd%cf%8c%cf%82-%ce%b2%ce%b5%ce%bd%cf%84%ce%ac%ce%bb%ce%b9%ce%b1","status":"publish","type":"product","link":"https:\/\/mo-mo.gr\/fr\/\u03c0\u03c1\u03bf\u03ca\u03cc\u03bd\u03c4\u03b1\/%cf%83%ce%ba%ce%bf%cf%85%ce%bb%ce%b1%cf%81%ce%af%ce%ba%ce%b9%ce%b1-%ce%b3%ce%b5%cf%81%ce%b1%ce%bd%cf%8c%cf%82-%ce%b2%ce%b5%ce%bd%cf%84%ce%ac%ce%bb%ce%b9%ce%b1\/","title":{"rendered":"Boucles d'oreilles en forme d'\u00e9ventail de grue"},"content":{"rendered":"","protected":false},"excerpt":{"rendered":"<p>Ces boucles d'oreilles japonaises sont un choix unique pour ceux qui recherchent des accessoires \u00e9l\u00e9gants et uniques. L'une des boucles d'oreille a la forme d'une grue, symbole de paix et de chance dans la culture japonaise, connue pour sa beaut\u00e9 et sa gr\u00e2ce. L'autre boucle d'oreille repr\u00e9sente un \u00e9ventail japonais d\u00e9taill\u00e9, un objet associ\u00e9 \u00e0 la tradition, \u00e0 la f\u00e9minit\u00e9 et \u00e0 l'expression artistique.<\/p>\n<p>Les boucles d'oreilles sont fabriqu\u00e9es \u00e0 partir de mat\u00e9riaux de haute qualit\u00e9 et pr\u00e9sentent des d\u00e9tails bien pens\u00e9s, refl\u00e9tant l'\u00e9quilibre entre la tradition et le style moderne. Parfaites pour ajouter une touche distinctive \u00e0 n'importe quel look, elles sont un hommage \u00e0 la culture japonaise et \u00e0 son esth\u00e9tique.<\/p>","protected":false},"featured_media":12062,"comment_status":"open","ping_status":"open","template":"","meta":{"_gspb_post_css":""},"product_brand":[],"product_cat":[72],"product_tag":[],"class_list":{"0":"post-10395","1":"product","2":"type-product","3":"status-publish","4":"has-post-thumbnail","6":"product_cat-72","8":"first","9":"outofstock","10":"taxable","11":"shipping-taxable","12":"purchasable","13":"product-type-simple"},"_links":{"self":[{"href":"https:\/\/mo-mo.gr\/fr\/wp-json\/wp\/v2\/product\/10395","targetHints":{"allow":["GET"]}}],"collection":[{"href":"https:\/\/mo-mo.gr\/fr\/wp-json\/wp\/v2\/product"}],"about":[{"href":"https:\/\/mo-mo.gr\/fr\/wp-json\/wp\/v2\/types\/product"}],"replies":[{"embeddable":true,"href":"https:\/\/mo-mo.gr\/fr\/wp-json\/wp\/v2\/comments?post=10395"}],"wp:featuredmedia":[{"embeddable":true,"href":"https:\/\/mo-mo.gr\/fr\/wp-json\/wp\/v2\/media\/12062"}],"wp:attachment":[{"href":"https:\/\/mo-mo.gr\/fr\/wp-json\/wp\/v2\/media?parent=10395"}],"wp:term":[{"taxonomy":"product_brand","embeddable":true,"href":"https:\/\/mo-mo.gr\/fr\/wp-json\/wp\/v2\/product_brand?post=10395"},{"taxonomy":"product_cat","embeddable":true,"href":"https:\/\/mo-mo.gr\/fr\/wp-json\/wp\/v2\/product_cat?post=10395"},{"taxonomy":"product_tag","embeddable":true,"href":"https:\/\/mo-mo.gr\/fr\/wp-json\/wp\/v2\/product_tag?post=10395"}],"curies":[{"name":"wp","href":"https:\/\/api.w.org\/{rel}","templated":true}]}}