{"id":10362,"date":"2024-03-04T12:44:47","date_gmt":"2024-03-04T12:44:47","guid":{"rendered":"https:\/\/mo-mo.gr\/product\/furoshiki-gingo-japanese-bag\/"},"modified":"2026-04-02T18:15:36","modified_gmt":"2026-04-02T15:15:36","slug":"sac-japonais-furoshiki-gingo","status":"publish","type":"product","link":"https:\/\/mo-mo.gr\/fr\/\u03c0\u03c1\u03bf\u03ca\u03cc\u03bd\u03c4\u03b1\/furoshiki-gingo-japanese-bag\/","title":{"rendered":"SAC JAPONAIS FUROSHIKI GINGO"},"content":{"rendered":"","protected":false},"excerpt":{"rendered":"<p>D\u00e9couvrez le summum de la polyvalence avec le sac japonais furoshiki GINGO. Inspir\u00e9 de la technique traditionnelle du furoshiki, ce sac allie l'\u00e9l\u00e9gance de l'esth\u00e9tique japonaise \u00e0 la fonctionnalit\u00e9 quotidienne. Avec un tissu soigneusement s\u00e9lectionn\u00e9 et un design moderne, le sac GINGO est le compagnon id\u00e9al pour toute aventure, offrant praticit\u00e9 et style \u00e0 chaque \u00e9tape.<\/p>\n<p>Dimensions 25*25<\/p>","protected":false},"featured_media":12034,"comment_status":"open","ping_status":"closed","template":"","meta":{"_gspb_post_css":""},"product_brand":[],"product_cat":[65],"product_tag":[],"class_list":{"0":"post-10362","1":"product","2":"type-product","3":"status-publish","4":"has-post-thumbnail","6":"product_cat-65","8":"first","9":"outofstock","10":"featured","11":"taxable","12":"shipping-taxable","13":"purchasable","14":"product-type-simple"},"_links":{"self":[{"href":"https:\/\/mo-mo.gr\/fr\/wp-json\/wp\/v2\/product\/10362","targetHints":{"allow":["GET"]}}],"collection":[{"href":"https:\/\/mo-mo.gr\/fr\/wp-json\/wp\/v2\/product"}],"about":[{"href":"https:\/\/mo-mo.gr\/fr\/wp-json\/wp\/v2\/types\/product"}],"replies":[{"embeddable":true,"href":"https:\/\/mo-mo.gr\/fr\/wp-json\/wp\/v2\/comments?post=10362"}],"wp:featuredmedia":[{"embeddable":true,"href":"https:\/\/mo-mo.gr\/fr\/wp-json\/wp\/v2\/media\/12034"}],"wp:attachment":[{"href":"https:\/\/mo-mo.gr\/fr\/wp-json\/wp\/v2\/media?parent=10362"}],"wp:term":[{"taxonomy":"product_brand","embeddable":true,"href":"https:\/\/mo-mo.gr\/fr\/wp-json\/wp\/v2\/product_brand?post=10362"},{"taxonomy":"product_cat","embeddable":true,"href":"https:\/\/mo-mo.gr\/fr\/wp-json\/wp\/v2\/product_cat?post=10362"},{"taxonomy":"product_tag","embeddable":true,"href":"https:\/\/mo-mo.gr\/fr\/wp-json\/wp\/v2\/product_tag?post=10362"}],"curies":[{"name":"wp","href":"https:\/\/api.w.org\/{rel}","templated":true}]}}