{"id":10304,"date":"2024-03-01T08:49:27","date_gmt":"2024-03-01T08:49:27","guid":{"rendered":"https:\/\/mo-mo.gr\/product\/mizu-clutch\/"},"modified":"2024-12-12T14:43:47","modified_gmt":"2024-12-12T14:43:47","slug":"pochette-mizu","status":"publish","type":"product","link":"https:\/\/mo-mo.gr\/fr\/\u03c0\u03c1\u03bf\u03ca\u03cc\u03bd\u03c4\u03b1\/mizu-clutch\/","title":{"rendered":"MIZU CLUTCH"},"content":{"rendered":"","protected":false},"excerpt":{"rendered":"<p>Accentuez votre \u00e9l\u00e9gance avec cette pochette unique. La dentelle turquoise est associ\u00e9e \u00e0 une cha\u00eene en bronze pour un effet glamour. Parfaite pour les looks sophistiqu\u00e9s qui requi\u00e8rent un style distinctif.<\/p>\n<p>Dimensions du sac 30*34 et hauteur de la cha\u00eene 60cm<\/p>","protected":false},"featured_media":11991,"comment_status":"open","ping_status":"open","template":"","meta":{"_gspb_post_css":""},"product_brand":[],"product_cat":[65],"product_tag":[],"class_list":{"0":"post-10304","1":"product","2":"type-product","3":"status-publish","4":"has-post-thumbnail","6":"product_cat-65","8":"first","9":"instock","10":"sale","11":"taxable","12":"shipping-taxable","13":"purchasable","14":"product-type-simple"},"_links":{"self":[{"href":"https:\/\/mo-mo.gr\/fr\/wp-json\/wp\/v2\/product\/10304","targetHints":{"allow":["GET"]}}],"collection":[{"href":"https:\/\/mo-mo.gr\/fr\/wp-json\/wp\/v2\/product"}],"about":[{"href":"https:\/\/mo-mo.gr\/fr\/wp-json\/wp\/v2\/types\/product"}],"replies":[{"embeddable":true,"href":"https:\/\/mo-mo.gr\/fr\/wp-json\/wp\/v2\/comments?post=10304"}],"wp:featuredmedia":[{"embeddable":true,"href":"https:\/\/mo-mo.gr\/fr\/wp-json\/wp\/v2\/media\/11991"}],"wp:attachment":[{"href":"https:\/\/mo-mo.gr\/fr\/wp-json\/wp\/v2\/media?parent=10304"}],"wp:term":[{"taxonomy":"product_brand","embeddable":true,"href":"https:\/\/mo-mo.gr\/fr\/wp-json\/wp\/v2\/product_brand?post=10304"},{"taxonomy":"product_cat","embeddable":true,"href":"https:\/\/mo-mo.gr\/fr\/wp-json\/wp\/v2\/product_cat?post=10304"},{"taxonomy":"product_tag","embeddable":true,"href":"https:\/\/mo-mo.gr\/fr\/wp-json\/wp\/v2\/product_tag?post=10304"}],"curies":[{"name":"wp","href":"https:\/\/api.w.org\/{rel}","templated":true}]}}