{"id":10291,"date":"2024-02-28T12:08:46","date_gmt":"2024-02-28T12:08:46","guid":{"rendered":"https:\/\/mo-mo.gr\/product\/haori-with-cranes\/"},"modified":"2024-12-12T15:43:21","modified_gmt":"2024-12-12T15:43:21","slug":"haori-avec-grues","status":"publish","type":"product","link":"https:\/\/mo-mo.gr\/fr\/\u03c0\u03c1\u03bf\u03ca\u03cc\u03bd\u03c4\u03b1\/haori-with-cranes\/","title":{"rendered":"HAORI AVEC GRUES"},"content":{"rendered":"","protected":false},"excerpt":{"rendered":"<p>Haori noir avec des grues et des fleurs rouges de chaque c\u00f4t\u00e9 des manches.<\/p>\n<p>Le \"Haori\" est un kimono traditionnel japonais. Il s'agit du manteau du kimono et d'un \u00e9l\u00e9ment important de l'habillement traditionnel japonais.<\/p>\n<p>Il peut \u00eatre port\u00e9 confortablement comme un manteau dans n'importe quelle tenue et est synonyme de l'esth\u00e9tique japonaise dans l'habillement.<\/p>\n<p>Ce HAORI est fait \u00e0 la main 100%<\/p>\n<p>Le tissu est en coton 100%.<\/p>","protected":false},"featured_media":11983,"comment_status":"open","ping_status":"closed","template":"","meta":{"_gspb_post_css":""},"product_brand":[],"product_cat":[114,66],"product_tag":[25,41],"class_list":{"0":"post-10291","1":"product","2":"type-product","3":"status-publish","4":"has-post-thumbnail","6":"product_cat-haori","7":"product_cat-66","8":"product_tag-haori","9":"product_tag-mens-kimonos","10":"pa_-large","11":"pa_-large-xlarge","12":"pa_-medium","13":"pa_-small","14":"pa_-85","16":"first","17":"instock","18":"featured","19":"taxable","20":"shipping-taxable","21":"purchasable","22":"product-type-variable"},"_links":{"self":[{"href":"https:\/\/mo-mo.gr\/fr\/wp-json\/wp\/v2\/product\/10291","targetHints":{"allow":["GET"]}}],"collection":[{"href":"https:\/\/mo-mo.gr\/fr\/wp-json\/wp\/v2\/product"}],"about":[{"href":"https:\/\/mo-mo.gr\/fr\/wp-json\/wp\/v2\/types\/product"}],"replies":[{"embeddable":true,"href":"https:\/\/mo-mo.gr\/fr\/wp-json\/wp\/v2\/comments?post=10291"}],"wp:featuredmedia":[{"embeddable":true,"href":"https:\/\/mo-mo.gr\/fr\/wp-json\/wp\/v2\/media\/11983"}],"wp:attachment":[{"href":"https:\/\/mo-mo.gr\/fr\/wp-json\/wp\/v2\/media?parent=10291"}],"wp:term":[{"taxonomy":"product_brand","embeddable":true,"href":"https:\/\/mo-mo.gr\/fr\/wp-json\/wp\/v2\/product_brand?post=10291"},{"taxonomy":"product_cat","embeddable":true,"href":"https:\/\/mo-mo.gr\/fr\/wp-json\/wp\/v2\/product_cat?post=10291"},{"taxonomy":"product_tag","embeddable":true,"href":"https:\/\/mo-mo.gr\/fr\/wp-json\/wp\/v2\/product_tag?post=10291"}],"curies":[{"name":"wp","href":"https:\/\/api.w.org\/{rel}","templated":true}]}}