{"id":10278,"date":"2024-02-28T07:06:23","date_gmt":"2024-02-28T07:06:23","guid":{"rendered":"https:\/\/mo-mo.gr\/product\/hakama-rider-japanese-pants\/"},"modified":"2025-12-09T15:49:42","modified_gmt":"2025-12-09T13:49:42","slug":"hakama-rider-pantalon-japonais","status":"publish","type":"product","link":"https:\/\/mo-mo.gr\/fr\/\u03c0\u03c1\u03bf\u03ca\u03cc\u03bd\u03c4\u03b1\/hakama-rider-japanese-pants\/","title":{"rendered":"HAKAMA RIDER PANTALON JAPONAIS"},"content":{"rendered":"","protected":false},"excerpt":{"rendered":"<p>Accueillez le signe ultime de la tradition japonaise avec le \"HAKAMA RIDER JAPANESE PANTS\". Ce pantalon traditionnel japonais est fabriqu\u00e9 \u00e0 la main et cousu pour s'adapter parfaitement au corps du porteur. C'est le pantalon par excellence des amateurs d'AIKIDO et de KENDO, \u00e9galement connu sous le nom de pantalon de samoura\u00ef. Avec un design raffin\u00e9 qui d\u00e9gage un sens de l'honneur et de la vertu, ces pantalons allient tradition et \u00e9l\u00e9gance dans chacun de leurs mouvements.<\/p>\n<p>Composition 65% coton 35% laine.<\/p>\n<p><strong><em>*Les pantalons sont cousus sur commande et prennent 5 \u00e0 10 jours pour \u00eatre confectionn\u00e9s. <\/em><\/strong><\/p>","protected":false},"featured_media":11975,"comment_status":"open","ping_status":"closed","template":"","meta":{"_gspb_post_css":""},"product_brand":[],"product_cat":[119,66],"product_tag":[41],"class_list":{"0":"post-10278","1":"product","2":"type-product","3":"status-publish","4":"has-post-thumbnail","6":"product_cat-hakama","7":"product_cat-66","8":"product_tag-mens-kimonos","9":"pa_-large","10":"pa_-medium","11":"pa_-small","12":"pa_-xtra-large","13":"pa_-85","15":"first","16":"instock","17":"featured","18":"taxable","19":"shipping-taxable","20":"purchasable","21":"product-type-variable"},"_links":{"self":[{"href":"https:\/\/mo-mo.gr\/fr\/wp-json\/wp\/v2\/product\/10278","targetHints":{"allow":["GET"]}}],"collection":[{"href":"https:\/\/mo-mo.gr\/fr\/wp-json\/wp\/v2\/product"}],"about":[{"href":"https:\/\/mo-mo.gr\/fr\/wp-json\/wp\/v2\/types\/product"}],"replies":[{"embeddable":true,"href":"https:\/\/mo-mo.gr\/fr\/wp-json\/wp\/v2\/comments?post=10278"}],"wp:featuredmedia":[{"embeddable":true,"href":"https:\/\/mo-mo.gr\/fr\/wp-json\/wp\/v2\/media\/11975"}],"wp:attachment":[{"href":"https:\/\/mo-mo.gr\/fr\/wp-json\/wp\/v2\/media?parent=10278"}],"wp:term":[{"taxonomy":"product_brand","embeddable":true,"href":"https:\/\/mo-mo.gr\/fr\/wp-json\/wp\/v2\/product_brand?post=10278"},{"taxonomy":"product_cat","embeddable":true,"href":"https:\/\/mo-mo.gr\/fr\/wp-json\/wp\/v2\/product_cat?post=10278"},{"taxonomy":"product_tag","embeddable":true,"href":"https:\/\/mo-mo.gr\/fr\/wp-json\/wp\/v2\/product_tag?post=10278"}],"curies":[{"name":"wp","href":"https:\/\/api.w.org\/{rel}","templated":true}]}}