{"id":10217,"date":"2024-02-15T14:06:20","date_gmt":"2024-02-15T14:06:20","guid":{"rendered":"https:\/\/mo-mo.gr\/product\/kokuryu-no-kaban-%e9%bb%92%e9%be%8d%e3%81%ae%e3%81%8b%e3%81%b0%e3%82%93\/"},"modified":"2024-12-12T14:42:56","modified_gmt":"2024-12-12T14:42:56","slug":"kokuryu-no-kaban-%e9%bb%92%e9%be%8d%e3%81%ae%e3%81%8b%e3%81%b0%e3%82%93","status":"publish","type":"product","link":"https:\/\/mo-mo.gr\/fr\/\u03c0\u03c1\u03bf\u03ca\u03cc\u03bd\u03c4\u03b1\/kokuryu-no-kaban-%e9%bb%92%e9%be%8d%e3%81%ae%e3%81%8b%e3%81%b0%e3%82%93\/","title":{"rendered":"KOKURYU NO KABAN \u9ed2\u9f8d\u306e\u304b\u3070\u3093"},"content":{"rendered":"<p>Nous vous pr\u00e9sentons \"KOKURYU NO KABAN \u9ed2\u9f8d\u306e\u304b\u3070\u3093\", un chef-d'\u0153uvre de l'art japonais qui allie \u00e9l\u00e9gance et tradition. Ce sac japonais artisanal est fabriqu\u00e9 avec les meilleurs tissus japonais.<\/p>\n<p>Inspir\u00e9 du dragon mythique (\"kokuryu\"), ce sac allie force et \u00e9l\u00e9gance. Chaque point est soigneusement plac\u00e9, mettant en valeur le savoir-faire et le d\u00e9vouement \u00e0 l'art japonais. Des d\u00e9tails au toucher luxueux du tissu, chaque aspect de ce sac refl\u00e8te le riche h\u00e9ritage de l'artisanat japonais.<\/p>\n<p>Le sac \"KOKURYU NO KABAN\" allie harmonieusement design moderne et \u00e9l\u00e9gance vintage. Que vous vous promeniez dans les rues de Tokyo ou que vous assistiez \u00e0 un \u00e9v\u00e9nement sp\u00e9cial, ce sac japonais ne manquera pas d'attirer l'attention et de rehausser votre style.<\/p>\n<p>D\u00e9couvrez le charme de la culture japonaise avec \"KOKURYU NO KABAN \u9ed2\u9f8d\u306e\u304b\u3070\u3093\" - o\u00f9 la tradition rencontre l'innovation et la beaut\u00e9 la fonctionnalit\u00e9.<\/p>","protected":false},"excerpt":{"rendered":"<p>D\u00e9couvrez la magie de la tradition japonaise avec \"KOKURYU NO KABAN \u9ed2\u9f8d\u306e\u304b\u3070\u3093\", un sac fait \u00e0 la main qui incarne la beaut\u00e9 authentique des textiles japonais. Chaque d\u00e9tail du sac exsude l'esth\u00e9tique du Japon, tandis que la qualit\u00e9 et la construction soign\u00e9e garantissent la durabilit\u00e9 du sac et sa tenue dans le temps.<\/p>\n<p>Dimensions 24*24 avec fermoir et poche int\u00e9rieure zipp\u00e9e<\/p>","protected":false},"featured_media":11925,"comment_status":"open","ping_status":"open","template":"","meta":{"_gspb_post_css":""},"product_brand":[],"product_cat":[65],"product_tag":[],"class_list":{"0":"post-10217","1":"product","2":"type-product","3":"status-publish","4":"has-post-thumbnail","6":"product_cat-65","8":"first","9":"onbackorder","10":"featured","11":"taxable","12":"shipping-taxable","13":"purchasable","14":"product-type-simple"},"_links":{"self":[{"href":"https:\/\/mo-mo.gr\/fr\/wp-json\/wp\/v2\/product\/10217","targetHints":{"allow":["GET"]}}],"collection":[{"href":"https:\/\/mo-mo.gr\/fr\/wp-json\/wp\/v2\/product"}],"about":[{"href":"https:\/\/mo-mo.gr\/fr\/wp-json\/wp\/v2\/types\/product"}],"replies":[{"embeddable":true,"href":"https:\/\/mo-mo.gr\/fr\/wp-json\/wp\/v2\/comments?post=10217"}],"wp:featuredmedia":[{"embeddable":true,"href":"https:\/\/mo-mo.gr\/fr\/wp-json\/wp\/v2\/media\/11925"}],"wp:attachment":[{"href":"https:\/\/mo-mo.gr\/fr\/wp-json\/wp\/v2\/media?parent=10217"}],"wp:term":[{"taxonomy":"product_brand","embeddable":true,"href":"https:\/\/mo-mo.gr\/fr\/wp-json\/wp\/v2\/product_brand?post=10217"},{"taxonomy":"product_cat","embeddable":true,"href":"https:\/\/mo-mo.gr\/fr\/wp-json\/wp\/v2\/product_cat?post=10217"},{"taxonomy":"product_tag","embeddable":true,"href":"https:\/\/mo-mo.gr\/fr\/wp-json\/wp\/v2\/product_tag?post=10217"}],"curies":[{"name":"wp","href":"https:\/\/api.w.org\/{rel}","templated":true}]}}